{"id":5462,"date":"2020-03-31T17:38:21","date_gmt":"2020-03-31T14:38:21","guid":{"rendered":"https:\/\/www.ksttukku.fi\/kauppa\/?post_type=product&#038;p=5462"},"modified":"2023-10-16T19:03:26","modified_gmt":"2023-10-16T16:03:26","slug":"einhell-yhdistelmanaulain","status":"publish","type":"product","link":"https:\/\/www.ksttukku.fi\/kauppa\/tuote\/einhell-yhdistelmanaulain\/","title":{"rendered":"Einhell yhdistelm\u00e4naulain"},"content":{"rendered":"<p><span id=\"data1\" class=\"pt1\">Lippaan ikkunasta n\u00e4kee hakasten ja naulojen t\u00e4ytt\u00f6tarpeen. Varustukseen sis\u00e4ltyv\u00e4t \u00f6ljypullo, 2 kuusiokoloavainta, 1 paketti hakasia ja 1 paketti nauloja.<\/span><\/p>\n<p>Tekniset tiedot:<br \/>\nK\u00e4ytt\u00f6paine max: 7 bar<br \/>\nIlmankulutus: 0,11 litraa\/min<br \/>\nHakasleveys: 5,7 mm<br \/>\nHakaspituus: 13-40 mm<br \/>\nNaulan pituus: 10-50 mm<br \/>\nLippaankoko: noin 100 kpl<br \/>\nLetkun sis\u00e4 \u00d8: 9 mm<\/p>\n","protected":false},"excerpt":{"rendered":"<p>Kest\u00e4v\u00e4 paineilmak\u00e4ytt\u00f6inen ty\u00f6kalu monenlaisiin kodin niittaus- ja naulaust\u00f6ihin.<\/p>\n","protected":false},"featured_media":5463,"comment_status":"closed","ping_status":"closed","template":"","meta":[],"product_brand":[],"product_cat":[225],"product_tag":[],"class_list":{"0":"post-5462","1":"product","2":"type-product","3":"status-publish","4":"has-post-thumbnail","6":"product_cat-kompressorit","8":"first","9":"outofstock","10":"taxable","11":"shipping-taxable","12":"purchasable","13":"product-type-simple"},"_links":{"self":[{"href":"https:\/\/www.ksttukku.fi\/kauppa\/wp-json\/wp\/v2\/product\/5462","targetHints":{"allow":["GET"]}}],"collection":[{"href":"https:\/\/www.ksttukku.fi\/kauppa\/wp-json\/wp\/v2\/product"}],"about":[{"href":"https:\/\/www.ksttukku.fi\/kauppa\/wp-json\/wp\/v2\/types\/product"}],"replies":[{"embeddable":true,"href":"https:\/\/www.ksttukku.fi\/kauppa\/wp-json\/wp\/v2\/comments?post=5462"}],"wp:featuredmedia":[{"embeddable":true,"href":"https:\/\/www.ksttukku.fi\/kauppa\/wp-json\/wp\/v2\/media\/5463"}],"wp:attachment":[{"href":"https:\/\/www.ksttukku.fi\/kauppa\/wp-json\/wp\/v2\/media?parent=5462"}],"wp:term":[{"taxonomy":"product_brand","embeddable":true,"href":"https:\/\/www.ksttukku.fi\/kauppa\/wp-json\/wp\/v2\/product_brand?post=5462"},{"taxonomy":"product_cat","embeddable":true,"href":"https:\/\/www.ksttukku.fi\/kauppa\/wp-json\/wp\/v2\/product_cat?post=5462"},{"taxonomy":"product_tag","embeddable":true,"href":"https:\/\/www.ksttukku.fi\/kauppa\/wp-json\/wp\/v2\/product_tag?post=5462"}],"curies":[{"name":"wp","href":"https:\/\/api.w.org\/{rel}","templated":true}]}}