{"id":5464,"date":"2020-03-31T17:46:30","date_gmt":"2020-03-31T14:46:30","guid":{"rendered":"https:\/\/www.ksttukku.fi\/kauppa\/?post_type=product&#038;p=5464"},"modified":"2024-05-06T11:56:06","modified_gmt":"2024-05-06T08:56:06","slug":"einhell-kompressori-tc-ac-190-6-8-of","status":"publish","type":"product","link":"https:\/\/www.ksttukku.fi\/kauppa\/tuote\/einhell-kompressori-tc-ac-190-6-8-of\/","title":{"rendered":"Einhell kompressori TC-AC 190\/6\/8 OF"},"content":{"rendered":"<p><span id=\"data1\" class=\"pt1\">Ominaisuudet\/varustus:<br \/>\n&#8211; \u00f6ljyt\u00f6n ja t\u00e4ysin huoltovapaa<br \/>\n&#8211; helppo ja kevyt liikutella<br \/>\n&#8211; k\u00e4yt\u00e4nn\u00f6llinen kela s\u00e4hk\u00f6johdolle kompressorin takapuolella<br \/>\n&#8211; painemittari ja pikaliittimet<br \/>\n&#8211; vakaat t\u00e4rin\u00e4\u00e4vaimentavat tassut<br \/>\n&#8211; 10 vuoden puhkiruostumattomuustakuu<br \/>\n&#8211; turvaventiili<br \/>\n&#8211; tyhjennysproppu<\/span><\/p>\n<p>Tekniset tiedot:<br \/>\nj\u00e4nnite: 230 V 50 Hz<br \/>\nmoottorin maksimiteho: 1100 W (1,5 hv)<br \/>\nmoottorin kierrokset: 15 000 min-1<br \/>\npumpun kierrokset: 3550 min-1<br \/>\nlaskettu imutuotto: 185 l\/min<br \/>\ntodellinen tuotto:<br \/>\n0 bar: 139 l\/min<br \/>\n4 bar: 77 l\/min<br \/>\n7 bar: 60 l\/min<br \/>\nmaksimik\u00e4ytt\u00f6paine 8 bar<br \/>\ns\u00e4ili\u00f6: 6 l<br \/>\nsylinterien m\u00e4\u00e4r\u00e4: 1<\/p>\n","protected":false},"excerpt":{"rendered":"<p>Einhell kompressori TC-AC 190\/6\/8 Li OF on monipuolinen, \u00f6ljyt\u00f6n ja t\u00e4ysin huoltovapaa laite pienempiin paineilmat\u00f6ihin. Kompressori tuottaa 8 bar paineen, mutta 6 litran s\u00e4ili\u00f6n ansiosta moottorin ei kuitenkaan tarvitse k\u00e4ynnisty\u00e4 uudelleen koko ajan. Ergonomisen rakenteen ja k\u00e4yt\u00e4nn\u00f6llisen kahvan ansiosta kompressoria helppo siirrell\u00e4.<\/p>\n","protected":false},"featured_media":5465,"comment_status":"closed","ping_status":"closed","template":"","meta":[],"product_brand":[],"product_cat":[225],"product_tag":[],"class_list":{"0":"post-5464","1":"product","2":"type-product","3":"status-publish","4":"has-post-thumbnail","6":"product_cat-kompressorit","8":"first","9":"outofstock","10":"taxable","11":"shipping-taxable","12":"purchasable","13":"product-type-simple"},"_links":{"self":[{"href":"https:\/\/www.ksttukku.fi\/kauppa\/wp-json\/wp\/v2\/product\/5464","targetHints":{"allow":["GET"]}}],"collection":[{"href":"https:\/\/www.ksttukku.fi\/kauppa\/wp-json\/wp\/v2\/product"}],"about":[{"href":"https:\/\/www.ksttukku.fi\/kauppa\/wp-json\/wp\/v2\/types\/product"}],"replies":[{"embeddable":true,"href":"https:\/\/www.ksttukku.fi\/kauppa\/wp-json\/wp\/v2\/comments?post=5464"}],"wp:featuredmedia":[{"embeddable":true,"href":"https:\/\/www.ksttukku.fi\/kauppa\/wp-json\/wp\/v2\/media\/5465"}],"wp:attachment":[{"href":"https:\/\/www.ksttukku.fi\/kauppa\/wp-json\/wp\/v2\/media?parent=5464"}],"wp:term":[{"taxonomy":"product_brand","embeddable":true,"href":"https:\/\/www.ksttukku.fi\/kauppa\/wp-json\/wp\/v2\/product_brand?post=5464"},{"taxonomy":"product_cat","embeddable":true,"href":"https:\/\/www.ksttukku.fi\/kauppa\/wp-json\/wp\/v2\/product_cat?post=5464"},{"taxonomy":"product_tag","embeddable":true,"href":"https:\/\/www.ksttukku.fi\/kauppa\/wp-json\/wp\/v2\/product_tag?post=5464"}],"curies":[{"name":"wp","href":"https:\/\/api.w.org\/{rel}","templated":true}]}}