{"id":5479,"date":"2020-04-01T17:44:05","date_gmt":"2020-04-01T14:44:05","guid":{"rendered":"https:\/\/www.ksttukku.fi\/kauppa\/?post_type=product&#038;p=5479"},"modified":"2024-05-06T10:36:03","modified_gmt":"2024-05-06T07:36:03","slug":"einhell-vesiautomaatti-gc-ww-6538","status":"publish","type":"product","link":"https:\/\/www.ksttukku.fi\/kauppa\/tuote\/einhell-vesiautomaatti-gc-ww-6538\/","title":{"rendered":"Einhell vesiautomaatti GC-WW 6538"},"content":{"rendered":"<p><span id=\"data1\" class=\"pt1\">Vesiautomaatissa GC-WW 6538 on 20 litran s\u00e4ili\u00f6, joten pumpun ei tarvitse k\u00e4ynnisty\u00e4 joka kerta, kun vett\u00e4 tarvitaan. Vasta kun paine laskee, niin painekytkin k\u00e4ynnist\u00e4\u00e4 pumpun ja j\u00e4lleen sammuttaa sen, kun maksimipaine on saavutettu. Paine on helppo tarkistaa painemittarista. Vesiautomaatissa on helppok\u00e4ytt\u00f6iset ruuvitulpat s\u00e4ili\u00f6n siemenveden t\u00e4ytt\u00e4miseen ja tyhj\u00e4\u00e4miseen.<\/span><\/p>\n<p>Varustus:<br \/>\npainekytkin<br \/>\npainemittari<br \/>\n20 litran s\u00e4ili\u00f6<br \/>\nveden t\u00e4ytt\u00f6- ja tyhjennysruuvit<\/p>\n<p>Tekniset tiedot:<br \/>\nj\u00e4nnite 230 V ~ 50 Hz<br \/>\nteho 650 W<br \/>\nmaksimituotto 3800 l\/h<br \/>\nmaksiminostokorkeus 36 m<br \/>\nmaksimipaine 3,6 bar<br \/>\nimukorkeus maks. 8 m<br \/>\nveden l\u00e4mp\u00f6tila maks. 35 \u00b0C<br \/>\nk\u00e4ynnistyspaine maks. 1,5 bar<br \/>\nsammutuspaine maks. 3,0 bar<br \/>\nimuliit\u00e4nt\u00e4 33,3 mm (R1 ulkokierre)<br \/>\npaineliit\u00e4nt\u00e4 33,3 mm (R1 ulkokierre)<br \/>\ns\u00e4ili\u00f6n tilavuus 20 l<br \/>\ns\u00e4hk\u00f6kaapeli 1,4 m (kaapeli H07RN-F)<\/p>\n","protected":false},"excerpt":{"rendered":"<p>Vesiautomaatti Einhell GC-WW 6538 mahdollistaa puhtaan veden kuljettamisen esimerkiksi kaivosta kastelulaitteille tai kes\u00e4m\u00f6kin k\u00e4ytt\u00f6vedeksi. Vahva 650 W moottori tuottaa jopa 3800 litraa vett\u00e4 tunnissa!<\/p>\n","protected":false},"featured_media":5480,"comment_status":"closed","ping_status":"closed","template":"","meta":[],"product_brand":[],"product_cat":[254],"product_tag":[],"class_list":{"0":"post-5479","1":"product","2":"type-product","3":"status-publish","4":"has-post-thumbnail","6":"product_cat-pumput","8":"first","9":"outofstock","10":"taxable","11":"shipping-taxable","12":"purchasable","13":"product-type-simple"},"_links":{"self":[{"href":"https:\/\/www.ksttukku.fi\/kauppa\/wp-json\/wp\/v2\/product\/5479","targetHints":{"allow":["GET"]}}],"collection":[{"href":"https:\/\/www.ksttukku.fi\/kauppa\/wp-json\/wp\/v2\/product"}],"about":[{"href":"https:\/\/www.ksttukku.fi\/kauppa\/wp-json\/wp\/v2\/types\/product"}],"replies":[{"embeddable":true,"href":"https:\/\/www.ksttukku.fi\/kauppa\/wp-json\/wp\/v2\/comments?post=5479"}],"wp:featuredmedia":[{"embeddable":true,"href":"https:\/\/www.ksttukku.fi\/kauppa\/wp-json\/wp\/v2\/media\/5480"}],"wp:attachment":[{"href":"https:\/\/www.ksttukku.fi\/kauppa\/wp-json\/wp\/v2\/media?parent=5479"}],"wp:term":[{"taxonomy":"product_brand","embeddable":true,"href":"https:\/\/www.ksttukku.fi\/kauppa\/wp-json\/wp\/v2\/product_brand?post=5479"},{"taxonomy":"product_cat","embeddable":true,"href":"https:\/\/www.ksttukku.fi\/kauppa\/wp-json\/wp\/v2\/product_cat?post=5479"},{"taxonomy":"product_tag","embeddable":true,"href":"https:\/\/www.ksttukku.fi\/kauppa\/wp-json\/wp\/v2\/product_tag?post=5479"}],"curies":[{"name":"wp","href":"https:\/\/api.w.org\/{rel}","templated":true}]}}