{"id":5534,"date":"2020-04-04T13:44:31","date_gmt":"2020-04-04T10:44:31","guid":{"rendered":"https:\/\/www.ksttukku.fi\/kauppa\/?post_type=product&#038;p=5534"},"modified":"2020-04-04T13:44:32","modified_gmt":"2020-04-04T10:44:32","slug":"einhell-oksasilppuri","status":"publish","type":"product","link":"https:\/\/www.ksttukku.fi\/kauppa\/tuote\/einhell-oksasilppuri\/","title":{"rendered":"Einhell oksasilppuri"},"content":{"rendered":"<p><span id=\"data1\" class=\"pt1\">Oksasilppurin mukana tuleva ty\u00f6nnin sek\u00e4 ylikuormitussuojattu moottori tekev\u00e4t ty\u00f6skentelyst\u00e4 my\u00f6s turvallista.<\/p>\n<p>Ominaisuudet:<\/p>\n<p>Kest\u00e4v\u00e4 py\u00f6rill\u00e4 varustettu alusta<br \/>\n2 ter\u00e4ksist\u00e4 k\u00e4\u00e4nt\u00f6ter\u00e4\u00e4<br \/>\nYlikuormitussuojattu moottori<br \/>\nTurvalukituksella varustettu taittuva suppilo<br \/>\nMukana silppus\u00e4kki ja ty\u00f6nnin<br \/>\nK\u00e4tev\u00e4 kantokahva<\/p>\n<p>Tekniset tiedot:<\/p>\n<p>J\u00e4nnite: 220-240 V | 50 Hz<br \/>\nTeho: 2500 W S6 40% (2000 W)<br \/>\nKierrokset: 3800 min-1<br \/>\nOksat maks.: \u00f840 mm <\/span><\/p>\n","protected":false},"excerpt":{"rendered":"<p>Einhellin leikkaava oksasilppuri oksien ja muun orgaanisen puutarhaj\u00e4tteen silppuamiseen. Oksasilppurin tilava t\u00e4ytt\u00f6aukko, kest\u00e4v\u00e4 silppus\u00e4kki ja 2500 W moottori tekev\u00e4t halkaisijaltaan jopa 40 mm oksien k\u00e4sittelyst\u00e4 nopeaa ja vaivatonta.<\/p>\n","protected":false},"featured_media":5535,"comment_status":"closed","ping_status":"closed","template":"","meta":[],"product_brand":[],"product_cat":[207,229],"product_tag":[],"class_list":{"0":"post-5534","1":"product","2":"type-product","3":"status-publish","4":"has-post-thumbnail","6":"product_cat-koneet-tyokalut","7":"product_cat-sahkotyokalut","9":"first","10":"instock","11":"taxable","12":"shipping-taxable","13":"purchasable","14":"product-type-simple"},"_links":{"self":[{"href":"https:\/\/www.ksttukku.fi\/kauppa\/wp-json\/wp\/v2\/product\/5534","targetHints":{"allow":["GET"]}}],"collection":[{"href":"https:\/\/www.ksttukku.fi\/kauppa\/wp-json\/wp\/v2\/product"}],"about":[{"href":"https:\/\/www.ksttukku.fi\/kauppa\/wp-json\/wp\/v2\/types\/product"}],"replies":[{"embeddable":true,"href":"https:\/\/www.ksttukku.fi\/kauppa\/wp-json\/wp\/v2\/comments?post=5534"}],"wp:featuredmedia":[{"embeddable":true,"href":"https:\/\/www.ksttukku.fi\/kauppa\/wp-json\/wp\/v2\/media\/5535"}],"wp:attachment":[{"href":"https:\/\/www.ksttukku.fi\/kauppa\/wp-json\/wp\/v2\/media?parent=5534"}],"wp:term":[{"taxonomy":"product_brand","embeddable":true,"href":"https:\/\/www.ksttukku.fi\/kauppa\/wp-json\/wp\/v2\/product_brand?post=5534"},{"taxonomy":"product_cat","embeddable":true,"href":"https:\/\/www.ksttukku.fi\/kauppa\/wp-json\/wp\/v2\/product_cat?post=5534"},{"taxonomy":"product_tag","embeddable":true,"href":"https:\/\/www.ksttukku.fi\/kauppa\/wp-json\/wp\/v2\/product_tag?post=5534"}],"curies":[{"name":"wp","href":"https:\/\/api.w.org\/{rel}","templated":true}]}}