{"id":5536,"date":"2020-04-04T13:51:28","date_gmt":"2020-04-04T10:51:28","guid":{"rendered":"https:\/\/www.ksttukku.fi\/kauppa\/?post_type=product&#038;p=5536"},"modified":"2020-04-04T13:51:29","modified_gmt":"2020-04-04T10:51:29","slug":"einhell-purkuvasara","status":"publish","type":"product","link":"https:\/\/www.ksttukku.fi\/kauppa\/tuote\/einhell-purkuvasara\/","title":{"rendered":"Einhell purkuvasara"},"content":{"rendered":"<p><span id=\"data1\" class=\"pt1\">Ominaisuudet:<br \/>\nsuurinta purkutehoa 43 J iskuvoiman avulla<br \/>\nSDS-HEX istukka nopeaan ter\u00e4n vaihtoon<br \/>\n180 astetta k\u00e4\u00e4ntyv\u00e4 lis\u00e4kahva<br \/>\nkest\u00e4v\u00e4 rakenne, joka suunniteltu kest\u00e4m\u00e4\u00e4n kovaa jatkuvaa k\u00e4ytt\u00f6\u00e4<br \/>\n3 m kumikaapeli<br \/>\nk\u00e4yt\u00e4nn\u00f6llinen salkku s\u00e4ilytykseen ja kuljetukseen<br \/>\npiikkauster\u00e4<br \/>\ntalttauster\u00e4<\/p>\n<p>Tekniset tiedot:<br \/>\nj\u00e4nnite: 230 V 50 Hz<br \/>\nteho: 1600 W<br \/>\nIskuluku: 1800 min-1<br \/>\niskuvoima: 43 J<br \/>\ns\u00e4hk\u00f6johto: 300 cm (kaapeli H07RN-F)<br \/>\nistukka: kest\u00e4v\u00e4 SDS-HEX 30 mm<br \/>\n<\/span><\/p>\n","protected":false},"excerpt":{"rendered":"<p>Purkuvasara Einhell TC-DH 43 suoriutuu vaativistakin purkut\u00f6ist\u00e4 43 joulen iskuvoimansa ansiosta. SDS-HEX istukka varmistaa helpon ja nopean ter\u00e4nvaihdon. Lis\u00e4kahva k\u00e4\u00e4ntyy 180 astetta, mik\u00e4 mahdollistaa purkuvasaran joustavan k\u00e4yt\u00f6n miss\u00e4 tahansa asennossa. Pitk\u00e4 ja kest\u00e4v\u00e4 3 m kumikaapeli helpottaa koneen kanssa liikkumista. Salkussa on my\u00f6s piikkauster\u00e4 ja talttauster\u00e4, joten purkuvasara on heti valmis k\u00e4ytt\u00f6\u00f6n!<\/p>\n","protected":false},"featured_media":5537,"comment_status":"closed","ping_status":"closed","template":"","meta":[],"product_brand":[],"product_cat":[207,229],"product_tag":[],"class_list":{"0":"post-5536","1":"product","2":"type-product","3":"status-publish","4":"has-post-thumbnail","6":"product_cat-koneet-tyokalut","7":"product_cat-sahkotyokalut","9":"first","10":"instock","11":"taxable","12":"shipping-taxable","13":"purchasable","14":"product-type-simple"},"_links":{"self":[{"href":"https:\/\/www.ksttukku.fi\/kauppa\/wp-json\/wp\/v2\/product\/5536","targetHints":{"allow":["GET"]}}],"collection":[{"href":"https:\/\/www.ksttukku.fi\/kauppa\/wp-json\/wp\/v2\/product"}],"about":[{"href":"https:\/\/www.ksttukku.fi\/kauppa\/wp-json\/wp\/v2\/types\/product"}],"replies":[{"embeddable":true,"href":"https:\/\/www.ksttukku.fi\/kauppa\/wp-json\/wp\/v2\/comments?post=5536"}],"wp:featuredmedia":[{"embeddable":true,"href":"https:\/\/www.ksttukku.fi\/kauppa\/wp-json\/wp\/v2\/media\/5537"}],"wp:attachment":[{"href":"https:\/\/www.ksttukku.fi\/kauppa\/wp-json\/wp\/v2\/media?parent=5536"}],"wp:term":[{"taxonomy":"product_brand","embeddable":true,"href":"https:\/\/www.ksttukku.fi\/kauppa\/wp-json\/wp\/v2\/product_brand?post=5536"},{"taxonomy":"product_cat","embeddable":true,"href":"https:\/\/www.ksttukku.fi\/kauppa\/wp-json\/wp\/v2\/product_cat?post=5536"},{"taxonomy":"product_tag","embeddable":true,"href":"https:\/\/www.ksttukku.fi\/kauppa\/wp-json\/wp\/v2\/product_tag?post=5536"}],"curies":[{"name":"wp","href":"https:\/\/api.w.org\/{rel}","templated":true}]}}