{"id":5552,"date":"2020-04-06T13:05:34","date_gmt":"2020-04-06T10:05:34","guid":{"rendered":"https:\/\/www.ksttukku.fi\/kauppa\/?post_type=product&#038;p=5552"},"modified":"2022-09-09T15:32:13","modified_gmt":"2022-09-09T12:32:13","slug":"mustang-valmistakka-graniitti","status":"publish","type":"product","link":"https:\/\/www.ksttukku.fi\/kauppa\/tuote\/mustang-valmistakka-graniitti\/","title":{"rendered":"Mustang valmistakka Graniitti"},"content":{"rendered":"<p>Valmistakka m\u00f6kkik\u00e4ytt\u00f6\u00f6n. 54,6 x 38,6 x 103,5 cm. 122 kg. L\u00e4mmitysteho 7,2kW. Lasiluukku. Hormiliit\u00e4nt\u00e4 takaa tai p\u00e4\u00e4lt\u00e4. T\u00e4ytt\u00e4\u00e4 saksalaisen BImSchV 2 standardin vaatimukset. CE EN 13240:2001 + A2:2007. 150 mm hormiliitos.<\/p>\n","protected":false},"excerpt":{"rendered":"<p>Valmistakka m\u00f6kkik\u00e4ytt\u00f6\u00f6n. 54,6 x 38,6 x 103,5 cm. 122 kg. L\u00e4mmitysteho 7,2kW. Lasiluukku. Hormiliit\u00e4nt\u00e4 takaa tai p\u00e4\u00e4lt\u00e4. T\u00e4ytt\u00e4\u00e4 saksalaisen BImSchV 2 standardin vaatimukset. CE EN 13240:2001 + A2:2007. 150 mm hormiliitos.<\/p>\n","protected":false},"featured_media":5553,"comment_status":"closed","ping_status":"closed","template":"","meta":[],"product_brand":[],"product_cat":[204],"product_tag":[],"class_list":{"0":"post-5552","1":"product","2":"type-product","3":"status-publish","4":"has-post-thumbnail","6":"product_cat-sisustustakat","8":"first","9":"outofstock","10":"taxable","11":"shipping-taxable","12":"purchasable","13":"product-type-simple"},"_links":{"self":[{"href":"https:\/\/www.ksttukku.fi\/kauppa\/wp-json\/wp\/v2\/product\/5552","targetHints":{"allow":["GET"]}}],"collection":[{"href":"https:\/\/www.ksttukku.fi\/kauppa\/wp-json\/wp\/v2\/product"}],"about":[{"href":"https:\/\/www.ksttukku.fi\/kauppa\/wp-json\/wp\/v2\/types\/product"}],"replies":[{"embeddable":true,"href":"https:\/\/www.ksttukku.fi\/kauppa\/wp-json\/wp\/v2\/comments?post=5552"}],"wp:featuredmedia":[{"embeddable":true,"href":"https:\/\/www.ksttukku.fi\/kauppa\/wp-json\/wp\/v2\/media\/5553"}],"wp:attachment":[{"href":"https:\/\/www.ksttukku.fi\/kauppa\/wp-json\/wp\/v2\/media?parent=5552"}],"wp:term":[{"taxonomy":"product_brand","embeddable":true,"href":"https:\/\/www.ksttukku.fi\/kauppa\/wp-json\/wp\/v2\/product_brand?post=5552"},{"taxonomy":"product_cat","embeddable":true,"href":"https:\/\/www.ksttukku.fi\/kauppa\/wp-json\/wp\/v2\/product_cat?post=5552"},{"taxonomy":"product_tag","embeddable":true,"href":"https:\/\/www.ksttukku.fi\/kauppa\/wp-json\/wp\/v2\/product_tag?post=5552"}],"curies":[{"name":"wp","href":"https:\/\/api.w.org\/{rel}","templated":true}]}}