{"id":5567,"date":"2020-04-06T16:38:59","date_gmt":"2020-04-06T13:38:59","guid":{"rendered":"https:\/\/www.ksttukku.fi\/kauppa\/?post_type=product&#038;p=5567"},"modified":"2022-10-31T12:22:18","modified_gmt":"2022-10-31T10:22:18","slug":"orsa-riippuvalaisin","status":"publish","type":"product","link":"https:\/\/www.ksttukku.fi\/kauppa\/tuote\/orsa-riippuvalaisin\/","title":{"rendered":"Orsa riippuvalaisin 43cm valkoinen"},"content":{"rendered":"<p>ORSA on n\u00e4ytt\u00e4v\u00e4sti muotoiltu riippuvalaisin joka sopii t\u00e4ydellisesti kodin kaikkiin kuiviin tiloihin. Valaisin on valmistettu valkoisista puulamelleista ja sis\u00e4lt\u00e4\u00e4 valaisinpistotulpan. Orsa on siro ja elegantti ja sopii hyvin skandinaaviseen makuun.<\/p>\n<p>Mitat: \u2205 430 mm. korkeus 1600 mm<\/p>\n<p>Kanta: E27 (pakkaus ei sis\u00e4ll\u00e4 lamppua)<\/p>\n<p>V\u00e4ri: valkoinen \/ puu<\/p>\n<p>&nbsp;<\/p>\n","protected":false},"excerpt":{"rendered":"<p>Koukkukiinnitys ja pistotulppa<\/p>\n","protected":false},"featured_media":5568,"comment_status":"closed","ping_status":"closed","template":"","meta":[],"product_brand":[],"product_cat":[49,35,34],"product_tag":[],"class_list":{"0":"post-5567","1":"product","2":"type-product","3":"status-publish","4":"has-post-thumbnail","6":"product_cat-riippuvalaisimet","7":"product_cat-sisavalaisimet","8":"product_cat-valaisimet","10":"first","11":"instock","12":"taxable","13":"shipping-taxable","14":"purchasable","15":"product-type-simple"},"_links":{"self":[{"href":"https:\/\/www.ksttukku.fi\/kauppa\/wp-json\/wp\/v2\/product\/5567","targetHints":{"allow":["GET"]}}],"collection":[{"href":"https:\/\/www.ksttukku.fi\/kauppa\/wp-json\/wp\/v2\/product"}],"about":[{"href":"https:\/\/www.ksttukku.fi\/kauppa\/wp-json\/wp\/v2\/types\/product"}],"replies":[{"embeddable":true,"href":"https:\/\/www.ksttukku.fi\/kauppa\/wp-json\/wp\/v2\/comments?post=5567"}],"wp:featuredmedia":[{"embeddable":true,"href":"https:\/\/www.ksttukku.fi\/kauppa\/wp-json\/wp\/v2\/media\/5568"}],"wp:attachment":[{"href":"https:\/\/www.ksttukku.fi\/kauppa\/wp-json\/wp\/v2\/media?parent=5567"}],"wp:term":[{"taxonomy":"product_brand","embeddable":true,"href":"https:\/\/www.ksttukku.fi\/kauppa\/wp-json\/wp\/v2\/product_brand?post=5567"},{"taxonomy":"product_cat","embeddable":true,"href":"https:\/\/www.ksttukku.fi\/kauppa\/wp-json\/wp\/v2\/product_cat?post=5567"},{"taxonomy":"product_tag","embeddable":true,"href":"https:\/\/www.ksttukku.fi\/kauppa\/wp-json\/wp\/v2\/product_tag?post=5567"}],"curies":[{"name":"wp","href":"https:\/\/api.w.org\/{rel}","templated":true}]}}