{"id":5571,"date":"2020-04-06T17:28:00","date_gmt":"2020-04-06T14:28:00","guid":{"rendered":"https:\/\/www.ksttukku.fi\/kauppa\/?post_type=product&#038;p=5571"},"modified":"2020-04-06T17:28:00","modified_gmt":"2020-04-06T14:28:00","slug":"desert-led-kattovalaisin-36w-2160lm","status":"publish","type":"product","link":"https:\/\/www.ksttukku.fi\/kauppa\/tuote\/desert-led-kattovalaisin-36w-2160lm\/","title":{"rendered":"Desert led-kattovalaisin 36W 2160lm"},"content":{"rendered":"<p>Desert LED kattovalaisin kaukos\u00e4\u00e4timell\u00e4, jolla voit muuttaa valon v\u00e4ri\u00e4 tasaisesti l\u00e4mpim\u00e4st\u00e4 valkoisesta kylm\u00e4nvalkoiseksi (2700K-6500K). Valaisin voidaan my\u00f6s himmeen\u00e4\u00e4 oman mieltymyksen mukaan. Integroitu LED valonl\u00e4hde antaa kauniin valon akryylikuvun l\u00e4pi. Desert-Led-kattovalaisin s\u00e4ihkyy kuin t\u00e4htitaivas y\u00f6ll\u00e4 akryylikupuun tehtyjen reikien ansiosta, luoden erinomaisen sisustus tunnelman.<\/p>\n<p>Valaisimessa on y\u00f6valotoiminto<\/p>\n<p>Teho: 36 W<\/p>\n<p>Valovirta: 2160 lm<\/p>\n<p>Valaisimen koko: \u2205 480 mm, korkeus 60 mm<\/p>\n<p>V\u00e4ril\u00e4mp\u00f6: 2700 \u2013 6500 K<\/p>\n","protected":false},"excerpt":{"rendered":"<p>N\u00e4ytt\u00e4v\u00e4 valaisin jota on helppo ohjata toimitukseen sis\u00e4ltyv\u00e4ll\u00e4 kauko-ohjaimella.<\/p>\n","protected":false},"featured_media":5570,"comment_status":"closed","ping_status":"closed","template":"","meta":[],"product_brand":[],"product_cat":[40,35,34],"product_tag":[],"class_list":{"0":"post-5571","1":"product","2":"type-product","3":"status-publish","4":"has-post-thumbnail","6":"product_cat-kattovalaisimet","7":"product_cat-sisavalaisimet","8":"product_cat-valaisimet","10":"first","11":"instock","12":"taxable","13":"shipping-taxable","14":"purchasable","15":"product-type-simple"},"_links":{"self":[{"href":"https:\/\/www.ksttukku.fi\/kauppa\/wp-json\/wp\/v2\/product\/5571","targetHints":{"allow":["GET"]}}],"collection":[{"href":"https:\/\/www.ksttukku.fi\/kauppa\/wp-json\/wp\/v2\/product"}],"about":[{"href":"https:\/\/www.ksttukku.fi\/kauppa\/wp-json\/wp\/v2\/types\/product"}],"replies":[{"embeddable":true,"href":"https:\/\/www.ksttukku.fi\/kauppa\/wp-json\/wp\/v2\/comments?post=5571"}],"wp:featuredmedia":[{"embeddable":true,"href":"https:\/\/www.ksttukku.fi\/kauppa\/wp-json\/wp\/v2\/media\/5570"}],"wp:attachment":[{"href":"https:\/\/www.ksttukku.fi\/kauppa\/wp-json\/wp\/v2\/media?parent=5571"}],"wp:term":[{"taxonomy":"product_brand","embeddable":true,"href":"https:\/\/www.ksttukku.fi\/kauppa\/wp-json\/wp\/v2\/product_brand?post=5571"},{"taxonomy":"product_cat","embeddable":true,"href":"https:\/\/www.ksttukku.fi\/kauppa\/wp-json\/wp\/v2\/product_cat?post=5571"},{"taxonomy":"product_tag","embeddable":true,"href":"https:\/\/www.ksttukku.fi\/kauppa\/wp-json\/wp\/v2\/product_tag?post=5571"}],"curies":[{"name":"wp","href":"https:\/\/api.w.org\/{rel}","templated":true}]}}