{"id":5572,"date":"2020-04-06T17:44:27","date_gmt":"2020-04-06T14:44:27","guid":{"rendered":"https:\/\/www.ksttukku.fi\/kauppa\/?post_type=product&#038;p=5572"},"modified":"2025-03-17T17:14:06","modified_gmt":"2025-03-17T15:14:06","slug":"irina-led-kattovalaisin-24w-1320lm","status":"publish","type":"product","link":"https:\/\/www.ksttukku.fi\/kauppa\/tuote\/irina-led-kattovalaisin-24w-1320lm\/","title":{"rendered":"Irina led-kattovalaisin  48 W \/ 5200  lm"},"content":{"rendered":"<p>Irina LED on n\u00e4ytt\u00e4v\u00e4 kattovalaisin jonka v\u00e4ril\u00e4mp\u00f6tila on s\u00e4\u00e4dett\u00e4viss\u00e4 2700K- 6500K, valaisimen mukana toimitettavan kaukos\u00e4\u00e4timen avulla. Valaisin voidaan my\u00f6s himment\u00e4\u00e4 oman mieltymyksen mukaan. Integroitu LED valonl\u00e4hde antaa kauniin valon akryylikuvun l\u00e4pi. Irina Led-kattovalaisin s\u00e4ihkyy kuin t\u00e4htitaivas y\u00f6ll\u00e4 akryylikupuun tehtyjen reikien ansiosta, luoden erinomaisen sisustustunnelman.<\/p>\n<p>Valaisimessa on y\u00f6valotoiminto<\/p>\n<p>Teho: 48 W<\/p>\n<p>Valovirta: max 5200 lm<\/p>\n<p>Valaisimen koko: \u2205 400 mm, korkeus 65 mm<\/p>\n<p>V\u00e4ril\u00e4mp\u00f6: 2700 \u2013 6500 K<\/p>\n","protected":false},"excerpt":{"rendered":"<p>N\u00e4ytt\u00e4v\u00e4 valaisin jota on helppo ohjata toimitukseen sis\u00e4ltyv\u00e4ll\u00e4 kauko-ohjaimella.<\/p>\n","protected":false},"featured_media":5573,"comment_status":"closed","ping_status":"closed","template":"","meta":[],"product_brand":[],"product_cat":[40,35,34],"product_tag":[],"class_list":{"0":"post-5572","1":"product","2":"type-product","3":"status-publish","4":"has-post-thumbnail","6":"product_cat-kattovalaisimet","7":"product_cat-sisavalaisimet","8":"product_cat-valaisimet","10":"first","11":"instock","12":"taxable","13":"shipping-taxable","14":"purchasable","15":"product-type-simple"},"_links":{"self":[{"href":"https:\/\/www.ksttukku.fi\/kauppa\/wp-json\/wp\/v2\/product\/5572","targetHints":{"allow":["GET"]}}],"collection":[{"href":"https:\/\/www.ksttukku.fi\/kauppa\/wp-json\/wp\/v2\/product"}],"about":[{"href":"https:\/\/www.ksttukku.fi\/kauppa\/wp-json\/wp\/v2\/types\/product"}],"replies":[{"embeddable":true,"href":"https:\/\/www.ksttukku.fi\/kauppa\/wp-json\/wp\/v2\/comments?post=5572"}],"wp:featuredmedia":[{"embeddable":true,"href":"https:\/\/www.ksttukku.fi\/kauppa\/wp-json\/wp\/v2\/media\/5573"}],"wp:attachment":[{"href":"https:\/\/www.ksttukku.fi\/kauppa\/wp-json\/wp\/v2\/media?parent=5572"}],"wp:term":[{"taxonomy":"product_brand","embeddable":true,"href":"https:\/\/www.ksttukku.fi\/kauppa\/wp-json\/wp\/v2\/product_brand?post=5572"},{"taxonomy":"product_cat","embeddable":true,"href":"https:\/\/www.ksttukku.fi\/kauppa\/wp-json\/wp\/v2\/product_cat?post=5572"},{"taxonomy":"product_tag","embeddable":true,"href":"https:\/\/www.ksttukku.fi\/kauppa\/wp-json\/wp\/v2\/product_tag?post=5572"}],"curies":[{"name":"wp","href":"https:\/\/api.w.org\/{rel}","templated":true}]}}