{"id":5593,"date":"2020-04-07T15:46:53","date_gmt":"2020-04-07T12:46:53","guid":{"rendered":"https:\/\/www.ksttukku.fi\/kauppa\/?post_type=product&#038;p=5593"},"modified":"2020-04-07T15:46:54","modified_gmt":"2020-04-07T12:46:54","slug":"sailytyslaatikko-smartstore-classic-3","status":"publish","type":"product","link":"https:\/\/www.ksttukku.fi\/kauppa\/tuote\/sailytyslaatikko-smartstore-classic-3\/","title":{"rendered":"S\u00e4ilytyslaatikko SmartStore Classic 3"},"content":{"rendered":"<p>Pieni ja k\u00e4yt\u00e4nn\u00f6llinen s\u00e4ilytyslaatikko, johon mahtuvat kaikenlaiset pikkutavarat kuten esimerkiksi kyn\u00e4t, liidut, kosmetiikka tai vaikkapa ompelutarvikkeet. Laatikot pinoutuvat sis\u00e4kk\u00e4in ja kannen kanssa p\u00e4\u00e4llekk\u00e4in. Vahvat sulkijat pit\u00e4v\u00e4t kannen tiukasti kiinni. Laatikko soveltuu my\u00f6s ruoan s\u00e4ilytykseen.<\/p>\n<div class=\"title \">Tuotteen Tiedot<\/div>\n<div class=\"text\"><strong class=\"\">Ulkomitat : <\/strong><span class=\"measurements\">21 x 17 x 15 cm (SxLxK) <\/span><br \/>\n<strong class=\"\">Sis\u00e4mitat : <\/strong> <span class=\"inner_measurements\">16,2 x 13,5 x 12,7 cm (SxLxK) <\/span> <span class=\"dimension_info\" data-image=\"\/resources\/images\/dimensions_fi.jpg\">?<\/span><\/p>\n<div class=\"colorcodes\">\n<div class=\"listed\">\n<div class=\"circle big lightgreen\"><strong class=\"\">Tilavuus : <\/strong><span class=\"volume\">3 L<\/span><\/div>\n<\/div>\n<\/div>\n<\/div>\n","protected":false},"excerpt":{"rendered":"<p>Pieni ja k\u00e4yt\u00e4nn\u00f6llinen s\u00e4ilytyslaatikko, johon mahtuvat kaikenlaiset pikkutavarat kuten esimerkiksi kyn\u00e4t, liidut, kosmetiikka tai vaikkapa ompelutarvikkeet. Laatikot pinoutuvat sis\u00e4kk\u00e4in ja kannen kanssa p\u00e4\u00e4llekk\u00e4in. Vahvat sulkijat pit\u00e4v\u00e4t kannen tiukasti kiinni. Laatikko soveltuu my\u00f6s ruoan s\u00e4ilytykseen. Tuotteen Tiedot Ulkomitat : 21 x 17 x 15 cm (SxLxK) Sis\u00e4mitat : 16,2 x 13,5 x 12,7 cm (SxLxK) ? [&hellip;]<\/p>\n","protected":false},"featured_media":5595,"comment_status":"closed","ping_status":"closed","template":"","meta":[],"product_brand":[],"product_cat":[332],"product_tag":[],"class_list":{"0":"post-5593","1":"product","2":"type-product","3":"status-publish","4":"has-post-thumbnail","6":"product_cat-sailytyslaatikot","8":"first","9":"instock","10":"taxable","11":"shipping-taxable","12":"purchasable","13":"product-type-simple"},"_links":{"self":[{"href":"https:\/\/www.ksttukku.fi\/kauppa\/wp-json\/wp\/v2\/product\/5593","targetHints":{"allow":["GET"]}}],"collection":[{"href":"https:\/\/www.ksttukku.fi\/kauppa\/wp-json\/wp\/v2\/product"}],"about":[{"href":"https:\/\/www.ksttukku.fi\/kauppa\/wp-json\/wp\/v2\/types\/product"}],"replies":[{"embeddable":true,"href":"https:\/\/www.ksttukku.fi\/kauppa\/wp-json\/wp\/v2\/comments?post=5593"}],"wp:featuredmedia":[{"embeddable":true,"href":"https:\/\/www.ksttukku.fi\/kauppa\/wp-json\/wp\/v2\/media\/5595"}],"wp:attachment":[{"href":"https:\/\/www.ksttukku.fi\/kauppa\/wp-json\/wp\/v2\/media?parent=5593"}],"wp:term":[{"taxonomy":"product_brand","embeddable":true,"href":"https:\/\/www.ksttukku.fi\/kauppa\/wp-json\/wp\/v2\/product_brand?post=5593"},{"taxonomy":"product_cat","embeddable":true,"href":"https:\/\/www.ksttukku.fi\/kauppa\/wp-json\/wp\/v2\/product_cat?post=5593"},{"taxonomy":"product_tag","embeddable":true,"href":"https:\/\/www.ksttukku.fi\/kauppa\/wp-json\/wp\/v2\/product_tag?post=5593"}],"curies":[{"name":"wp","href":"https:\/\/api.w.org\/{rel}","templated":true}]}}