{"id":5605,"date":"2020-04-07T17:13:00","date_gmt":"2020-04-07T14:13:00","guid":{"rendered":"https:\/\/www.ksttukku.fi\/kauppa\/?post_type=product&#038;p=5605"},"modified":"2020-04-07T17:13:00","modified_gmt":"2020-04-07T14:13:00","slug":"sailytyslaatikko-smartstore-classic-11","status":"publish","type":"product","link":"https:\/\/www.ksttukku.fi\/kauppa\/tuote\/sailytyslaatikko-smartstore-classic-11\/","title":{"rendered":"S\u00e4ilytyslaatikko SmartStore Classic 11"},"content":{"rendered":"<p>Keskikokoinen s\u00e4ilytyslaatikko esimerkiksi siivouskomeron tai vessan kaappien tavaroiden s\u00e4ilytykseen. Sopii erinomaisesti shampoo-pulloille, voiteille, suihkugeeleille sek\u00e4 siivoustuotteille. Vahvat sulkijat pit\u00e4v\u00e4t kannen tiukasti kiinni. Laatikot pinoutuvat sis\u00e4kk\u00e4in ja kannen kanssa p\u00e4\u00e4llekk\u00e4in.<\/p>\n<div class=\"title \">Tuotteen Tiedot<\/div>\n<div class=\"text\"><strong class=\"\">Ulkomitat : <\/strong><span class=\"measurements\">34 x 25 x 27 cm (SxLxK) <\/span><br \/>\n<strong class=\"\">Sis\u00e4mitat : <\/strong> <span class=\"inner_measurements\">25,5 x 18,8 x 23,8 cm (SxLxK) <\/span><\/p>\n<div class=\"colorcodes\">\n<div class=\"listed\">\n<div class=\"circle big turquoise\"><strong class=\"\">Tilavuus : <\/strong><span class=\"volume\">14 L<\/span><\/div>\n<\/div>\n<\/div>\n<\/div>\n","protected":false},"excerpt":{"rendered":"<p>Keskikokoinen s\u00e4ilytyslaatikko esimerkiksi siivouskomeron tai vessan kaappien tavaroiden s\u00e4ilytykseen. Sopii erinomaisesti shampoo-pulloille, voiteille, suihkugeeleille sek\u00e4 siivoustuotteille. Vahvat sulkijat pit\u00e4v\u00e4t kannen tiukasti kiinni. Laatikot pinoutuvat sis\u00e4kk\u00e4in ja kannen kanssa p\u00e4\u00e4llekk\u00e4in. Tuotteen Tiedot Ulkomitat : 34 x 25 x 27 cm (SxLxK) Sis\u00e4mitat : 25,5 x 18,8 x 23,8 cm (SxLxK) Tilavuus : 14 L<\/p>\n","protected":false},"featured_media":5607,"comment_status":"closed","ping_status":"closed","template":"","meta":[],"product_brand":[],"product_cat":[332],"product_tag":[],"class_list":{"0":"post-5605","1":"product","2":"type-product","3":"status-publish","4":"has-post-thumbnail","6":"product_cat-sailytyslaatikot","8":"first","9":"instock","10":"taxable","11":"shipping-taxable","12":"purchasable","13":"product-type-simple"},"_links":{"self":[{"href":"https:\/\/www.ksttukku.fi\/kauppa\/wp-json\/wp\/v2\/product\/5605","targetHints":{"allow":["GET"]}}],"collection":[{"href":"https:\/\/www.ksttukku.fi\/kauppa\/wp-json\/wp\/v2\/product"}],"about":[{"href":"https:\/\/www.ksttukku.fi\/kauppa\/wp-json\/wp\/v2\/types\/product"}],"replies":[{"embeddable":true,"href":"https:\/\/www.ksttukku.fi\/kauppa\/wp-json\/wp\/v2\/comments?post=5605"}],"wp:featuredmedia":[{"embeddable":true,"href":"https:\/\/www.ksttukku.fi\/kauppa\/wp-json\/wp\/v2\/media\/5607"}],"wp:attachment":[{"href":"https:\/\/www.ksttukku.fi\/kauppa\/wp-json\/wp\/v2\/media?parent=5605"}],"wp:term":[{"taxonomy":"product_brand","embeddable":true,"href":"https:\/\/www.ksttukku.fi\/kauppa\/wp-json\/wp\/v2\/product_brand?post=5605"},{"taxonomy":"product_cat","embeddable":true,"href":"https:\/\/www.ksttukku.fi\/kauppa\/wp-json\/wp\/v2\/product_cat?post=5605"},{"taxonomy":"product_tag","embeddable":true,"href":"https:\/\/www.ksttukku.fi\/kauppa\/wp-json\/wp\/v2\/product_tag?post=5605"}],"curies":[{"name":"wp","href":"https:\/\/api.w.org\/{rel}","templated":true}]}}