{"id":5611,"date":"2020-04-07T17:45:05","date_gmt":"2020-04-07T14:45:05","guid":{"rendered":"https:\/\/www.ksttukku.fi\/kauppa\/?post_type=product&#038;p=5611"},"modified":"2022-04-07T14:49:34","modified_gmt":"2022-04-07T11:49:34","slug":"sailytyslaatikko-smartstore-classic-14","status":"publish","type":"product","link":"https:\/\/www.ksttukku.fi\/kauppa\/tuote\/sailytyslaatikko-smartstore-classic-14\/","title":{"rendered":"S\u00e4ilytyslaatikko SmartStore Classic 14"},"content":{"rendered":"<p>Matala s\u00e4ilytyslaatikko, joka on ihanteellinen esimerkiksi konttori- ja arkistok\u00e4ytt\u00f6\u00f6n. Laatikko on sopivasti mitoitettu A4-kokoisille papereille. Sopii my\u00f6s eritt\u00e4in hyvin lasten palapelien ja muiden lelujen s\u00e4ilytykseen. Vahvat sulkijat pit\u00e4v\u00e4t kannen tiukasti kiinni. Laatikot pinoutuvat sis\u00e4kk\u00e4in ja kannen kanssa p\u00e4\u00e4llekk\u00e4in.<\/p>\n<div class=\"title \">Tuotteen Tiedot<\/div>\n<div class=\"text\"><strong class=\"\">Ulkomitat : <\/strong><span class=\"measurements\">40 x 30 x 11 cm (SxLxK) <\/span><br \/>\n<strong class=\"\">Sis\u00e4mitat : <\/strong> <span class=\"inner_measurements\">33,6 x 25,6 x 8,4 cm (SxLxK) <\/span><\/p>\n<div class=\"colorcodes\">\n<div class=\"listed\">\n<div class=\"circle big blue\"><strong class=\"\">Tilavuus : <\/strong><span class=\"volume\">8 L<\/span><\/div>\n<\/div>\n<\/div>\n<\/div>\n","protected":false},"excerpt":{"rendered":"<p>Matala s\u00e4ilytyslaatikko, joka on ihanteellinen esimerkiksi konttori- ja arkistok\u00e4ytt\u00f6\u00f6n. Laatikko on sopivasti mitoitettu A4-kokoisille papereille. Sopii my\u00f6s eritt\u00e4in hyvin lasten palapelien ja muiden lelujen s\u00e4ilytykseen. Vahvat sulkijat pit\u00e4v\u00e4t kannen tiukasti kiinni. Laatikot pinoutuvat sis\u00e4kk\u00e4in ja kannen kanssa p\u00e4\u00e4llekk\u00e4in. Tuotteen Tiedot Ulkomitat : 40 x 30 x 11 cm (SxLxK) Sis\u00e4mitat : 33,6 x 25,6 x [&hellip;]<\/p>\n","protected":false},"featured_media":5613,"comment_status":"closed","ping_status":"closed","template":"","meta":[],"product_brand":[],"product_cat":[332],"product_tag":[],"class_list":{"0":"post-5611","1":"product","2":"type-product","3":"status-publish","4":"has-post-thumbnail","6":"product_cat-sailytyslaatikot","8":"first","9":"instock","10":"taxable","11":"shipping-taxable","12":"purchasable","13":"product-type-simple"},"_links":{"self":[{"href":"https:\/\/www.ksttukku.fi\/kauppa\/wp-json\/wp\/v2\/product\/5611","targetHints":{"allow":["GET"]}}],"collection":[{"href":"https:\/\/www.ksttukku.fi\/kauppa\/wp-json\/wp\/v2\/product"}],"about":[{"href":"https:\/\/www.ksttukku.fi\/kauppa\/wp-json\/wp\/v2\/types\/product"}],"replies":[{"embeddable":true,"href":"https:\/\/www.ksttukku.fi\/kauppa\/wp-json\/wp\/v2\/comments?post=5611"}],"wp:featuredmedia":[{"embeddable":true,"href":"https:\/\/www.ksttukku.fi\/kauppa\/wp-json\/wp\/v2\/media\/5613"}],"wp:attachment":[{"href":"https:\/\/www.ksttukku.fi\/kauppa\/wp-json\/wp\/v2\/media?parent=5611"}],"wp:term":[{"taxonomy":"product_brand","embeddable":true,"href":"https:\/\/www.ksttukku.fi\/kauppa\/wp-json\/wp\/v2\/product_brand?post=5611"},{"taxonomy":"product_cat","embeddable":true,"href":"https:\/\/www.ksttukku.fi\/kauppa\/wp-json\/wp\/v2\/product_cat?post=5611"},{"taxonomy":"product_tag","embeddable":true,"href":"https:\/\/www.ksttukku.fi\/kauppa\/wp-json\/wp\/v2\/product_tag?post=5611"}],"curies":[{"name":"wp","href":"https:\/\/api.w.org\/{rel}","templated":true}]}}