{"id":5617,"date":"2020-04-09T12:22:11","date_gmt":"2020-04-09T09:22:11","guid":{"rendered":"https:\/\/www.ksttukku.fi\/kauppa\/?post_type=product&#038;p=5617"},"modified":"2024-04-19T12:35:16","modified_gmt":"2024-04-19T09:35:16","slug":"terassimatto-200cm-tummanharmaa","status":"publish","type":"product","link":"https:\/\/www.ksttukku.fi\/kauppa\/tuote\/terassimatto-200cm-tummanharmaa\/","title":{"rendered":"Terassimatto 200 cm tummanharmaa 18,9\u20ac\/m"},"content":{"rendered":"<p>Miellytt\u00e4v\u00e4pintainen matto terassille ja parvekkeelle. Nappulapohjan<br \/>\nansiosta kuivuu nopeasti. Helppo imuroida.<\/p>\n<div>Hoito-ohje: Tahrat pyyhit\u00e4\u00e4n tuoreeltaan kostealla liinalla, imurointi, tarvittaessa k\u00e4sinpesu miedolla pesuaineella 40 asteessa, kuivattaminen py\u00f6re\u00e4ll\u00e4 tangolla<\/div>\n<p>Materiaali: 100% polypropeenia<\/p>\n<p>Leveys: 200 cm<\/p>\n<p>V\u00e4ri: Tummanharmaa<\/p>\n","protected":false},"excerpt":{"rendered":"<p>Miellytt\u00e4v\u00e4pintainen matto terassille ja parvekkeelle. Nappulapohjan ansiosta kuivuu nopeasti. Helppo imuroida. Hoito-ohje: Tahrat pyyhit\u00e4\u00e4n tuoreeltaan kostealla liinalla, imurointi, tarvittaessa k\u00e4sinpesu miedolla pesuaineella 40 asteessa, kuivattaminen py\u00f6re\u00e4ll\u00e4 tangolla Materiaali: 100% polypropeenia Leveys: 200 cm V\u00e4ri: Tummanharmaa<\/p>\n","protected":false},"featured_media":5618,"comment_status":"closed","ping_status":"closed","template":"","meta":[],"product_brand":[],"product_cat":[22,64],"product_tag":[],"class_list":{"0":"post-5617","1":"product","2":"type-product","3":"status-publish","4":"has-post-thumbnail","6":"product_cat-matot","7":"product_cat-terassimatot","9":"first","10":"instock","11":"taxable","12":"shipping-taxable","13":"purchasable","14":"product-type-simple"},"_links":{"self":[{"href":"https:\/\/www.ksttukku.fi\/kauppa\/wp-json\/wp\/v2\/product\/5617","targetHints":{"allow":["GET"]}}],"collection":[{"href":"https:\/\/www.ksttukku.fi\/kauppa\/wp-json\/wp\/v2\/product"}],"about":[{"href":"https:\/\/www.ksttukku.fi\/kauppa\/wp-json\/wp\/v2\/types\/product"}],"replies":[{"embeddable":true,"href":"https:\/\/www.ksttukku.fi\/kauppa\/wp-json\/wp\/v2\/comments?post=5617"}],"wp:featuredmedia":[{"embeddable":true,"href":"https:\/\/www.ksttukku.fi\/kauppa\/wp-json\/wp\/v2\/media\/5618"}],"wp:attachment":[{"href":"https:\/\/www.ksttukku.fi\/kauppa\/wp-json\/wp\/v2\/media?parent=5617"}],"wp:term":[{"taxonomy":"product_brand","embeddable":true,"href":"https:\/\/www.ksttukku.fi\/kauppa\/wp-json\/wp\/v2\/product_brand?post=5617"},{"taxonomy":"product_cat","embeddable":true,"href":"https:\/\/www.ksttukku.fi\/kauppa\/wp-json\/wp\/v2\/product_cat?post=5617"},{"taxonomy":"product_tag","embeddable":true,"href":"https:\/\/www.ksttukku.fi\/kauppa\/wp-json\/wp\/v2\/product_tag?post=5617"}],"curies":[{"name":"wp","href":"https:\/\/api.w.org\/{rel}","templated":true}]}}