{"id":5620,"date":"2020-04-09T15:02:37","date_gmt":"2020-04-09T12:02:37","guid":{"rendered":"https:\/\/www.ksttukku.fi\/kauppa\/?post_type=product&#038;p=5620"},"modified":"2022-04-11T17:49:58","modified_gmt":"2022-04-11T14:49:58","slug":"sailytyslaatikko-smartstore-classic-15-2","status":"publish","type":"product","link":"https:\/\/www.ksttukku.fi\/kauppa\/tuote\/sailytyslaatikko-smartstore-classic-15-2\/","title":{"rendered":"S\u00e4ilytyslaatikko SmartStore Classic 15"},"content":{"rendered":"<p>K\u00e4yt\u00e4nn\u00f6llinen s\u00e4ilytyslaatikko esimerkiksi kotitoimistoon. Sopii mainiosti papereiden, lehtien ja kirjojen s\u00e4ilytykseen, sill\u00e4 laatikkoon sopii A4 -kokoinen paperiarkki. Erinomainen my\u00f6s esimerkiksi palapelien tai lasten rakennuspalikoiden ja muiden lelujen s\u00e4ilytykseen. Vahvat sulkijat pit\u00e4v\u00e4t kannen tiukasti kiinni. Laatikot pinoutuvat sis\u00e4kk\u00e4in ja kannen kanssa p\u00e4\u00e4llekk\u00e4in.<\/p>\n<div class=\"title \">Tuotteen Tiedot<\/div>\n<div class=\"text\"><strong class=\"\">Ulkomitat : <\/strong><span class=\"measurements\">40 x 30 x 18 cm (SxLxK) <\/span><br \/>\n<strong class=\"\">Sis\u00e4mitat : <\/strong> <span class=\"inner_measurements\">32,7 x 24,5 x 15,5 cm (SxLxK) <\/span><\/p>\n<div class=\"colorcodes\">\n<div class=\"listed\">\n<div class=\"circle big blue\"><strong class=\"\">Tilavuus : <\/strong><span class=\"volume\">14 L<\/span><\/div>\n<\/div>\n<\/div>\n<\/div>\n","protected":false},"excerpt":{"rendered":"<p>K\u00e4yt\u00e4nn\u00f6llinen s\u00e4ilytyslaatikko esimerkiksi kotitoimistoon. Sopii mainiosti papereiden, lehtien ja kirjojen s\u00e4ilytykseen, sill\u00e4 laatikkoon sopii A4 -kokoinen paperiarkki. Erinomainen my\u00f6s esimerkiksi palapelien tai lasten rakennuspalikoiden ja muiden lelujen s\u00e4ilytykseen. Vahvat sulkijat pit\u00e4v\u00e4t kannen tiukasti kiinni. Laatikot pinoutuvat sis\u00e4kk\u00e4in ja kannen kanssa p\u00e4\u00e4llekk\u00e4in. Tuotteen Tiedot Ulkomitat : 40 x 30 x 18 cm (SxLxK) Sis\u00e4mitat : 32,7 [&hellip;]<\/p>\n","protected":false},"featured_media":5622,"comment_status":"closed","ping_status":"closed","template":"","meta":[],"product_brand":[],"product_cat":[332],"product_tag":[],"class_list":{"0":"post-5620","1":"product","2":"type-product","3":"status-publish","4":"has-post-thumbnail","6":"product_cat-sailytyslaatikot","8":"first","9":"instock","10":"taxable","11":"shipping-taxable","12":"purchasable","13":"product-type-simple"},"_links":{"self":[{"href":"https:\/\/www.ksttukku.fi\/kauppa\/wp-json\/wp\/v2\/product\/5620","targetHints":{"allow":["GET"]}}],"collection":[{"href":"https:\/\/www.ksttukku.fi\/kauppa\/wp-json\/wp\/v2\/product"}],"about":[{"href":"https:\/\/www.ksttukku.fi\/kauppa\/wp-json\/wp\/v2\/types\/product"}],"replies":[{"embeddable":true,"href":"https:\/\/www.ksttukku.fi\/kauppa\/wp-json\/wp\/v2\/comments?post=5620"}],"wp:featuredmedia":[{"embeddable":true,"href":"https:\/\/www.ksttukku.fi\/kauppa\/wp-json\/wp\/v2\/media\/5622"}],"wp:attachment":[{"href":"https:\/\/www.ksttukku.fi\/kauppa\/wp-json\/wp\/v2\/media?parent=5620"}],"wp:term":[{"taxonomy":"product_brand","embeddable":true,"href":"https:\/\/www.ksttukku.fi\/kauppa\/wp-json\/wp\/v2\/product_brand?post=5620"},{"taxonomy":"product_cat","embeddable":true,"href":"https:\/\/www.ksttukku.fi\/kauppa\/wp-json\/wp\/v2\/product_cat?post=5620"},{"taxonomy":"product_tag","embeddable":true,"href":"https:\/\/www.ksttukku.fi\/kauppa\/wp-json\/wp\/v2\/product_tag?post=5620"}],"curies":[{"name":"wp","href":"https:\/\/api.w.org\/{rel}","templated":true}]}}