{"id":5623,"date":"2020-04-09T15:10:18","date_gmt":"2020-04-09T12:10:18","guid":{"rendered":"https:\/\/www.ksttukku.fi\/kauppa\/?post_type=product&#038;p=5623"},"modified":"2022-04-08T15:33:17","modified_gmt":"2022-04-08T12:33:17","slug":"sailytyslaatikko-smartstore-classic-24","status":"publish","type":"product","link":"https:\/\/www.ksttukku.fi\/kauppa\/tuote\/sailytyslaatikko-smartstore-classic-24\/","title":{"rendered":"S\u00e4ilytyslaatikko SmartStore Classic 24"},"content":{"rendered":"<p>K\u00e4yt\u00e4nn\u00f6llinen, matala s\u00e4ilytyslaatikko esimerkiksi ty\u00f6huoneeseen tai lastenhuoneeseen. Sopii mainiosti esimerkiksi lautapelien, palapelien, lehtien ja kirjojen s\u00e4ilytykseen. Laatikot pinoutuvat tukevasti p\u00e4\u00e4llekk\u00e4in ja tyhj\u00e4n\u00e4 sis\u00e4kk\u00e4in. Vahvat sulkijat pit\u00e4v\u00e4t kannen tiukasti kiinni.<\/p>\n<div class=\"title \">Tuotteen Tiedot<\/div>\n<div class=\"text\"><strong class=\"\">Ulkomitat : <\/strong><span class=\"measurements\">50 x 39 x 18 cm (SxLxK) <\/span><br \/>\n<strong class=\"\">Sis\u00e4mitat : <\/strong> <span class=\"inner_measurements\">41,1 x 31,9 x 14,1 cm (SxLxK) <\/span><\/p>\n<div class=\"colorcodes\">\n<div class=\"listed\">\n<div class=\"circle big orange\"><strong class=\"\">Tilavuus : <\/strong><span class=\"volume\">21 L<\/span><\/div>\n<\/div>\n<\/div>\n<\/div>\n","protected":false},"excerpt":{"rendered":"<p>K\u00e4yt\u00e4nn\u00f6llinen, matala s\u00e4ilytyslaatikko esimerkiksi ty\u00f6huoneeseen tai lastenhuoneeseen. Sopii mainiosti esimerkiksi lautapelien, palapelien, lehtien ja kirjojen s\u00e4ilytykseen. Laatikot pinoutuvat tukevasti p\u00e4\u00e4llekk\u00e4in ja tyhj\u00e4n\u00e4 sis\u00e4kk\u00e4in. Vahvat sulkijat pit\u00e4v\u00e4t kannen tiukasti kiinni. Tuotteen Tiedot Ulkomitat : 50 x 39 x 18 cm (SxLxK) Sis\u00e4mitat : 41,1 x 31,9 x 14,1 cm (SxLxK) Tilavuus : 21 L<\/p>\n","protected":false},"featured_media":5625,"comment_status":"closed","ping_status":"closed","template":"","meta":[],"product_brand":[],"product_cat":[332],"product_tag":[],"class_list":{"0":"post-5623","1":"product","2":"type-product","3":"status-publish","4":"has-post-thumbnail","6":"product_cat-sailytyslaatikot","8":"first","9":"instock","10":"taxable","11":"shipping-taxable","12":"purchasable","13":"product-type-simple"},"_links":{"self":[{"href":"https:\/\/www.ksttukku.fi\/kauppa\/wp-json\/wp\/v2\/product\/5623","targetHints":{"allow":["GET"]}}],"collection":[{"href":"https:\/\/www.ksttukku.fi\/kauppa\/wp-json\/wp\/v2\/product"}],"about":[{"href":"https:\/\/www.ksttukku.fi\/kauppa\/wp-json\/wp\/v2\/types\/product"}],"replies":[{"embeddable":true,"href":"https:\/\/www.ksttukku.fi\/kauppa\/wp-json\/wp\/v2\/comments?post=5623"}],"wp:featuredmedia":[{"embeddable":true,"href":"https:\/\/www.ksttukku.fi\/kauppa\/wp-json\/wp\/v2\/media\/5625"}],"wp:attachment":[{"href":"https:\/\/www.ksttukku.fi\/kauppa\/wp-json\/wp\/v2\/media?parent=5623"}],"wp:term":[{"taxonomy":"product_brand","embeddable":true,"href":"https:\/\/www.ksttukku.fi\/kauppa\/wp-json\/wp\/v2\/product_brand?post=5623"},{"taxonomy":"product_cat","embeddable":true,"href":"https:\/\/www.ksttukku.fi\/kauppa\/wp-json\/wp\/v2\/product_cat?post=5623"},{"taxonomy":"product_tag","embeddable":true,"href":"https:\/\/www.ksttukku.fi\/kauppa\/wp-json\/wp\/v2\/product_tag?post=5623"}],"curies":[{"name":"wp","href":"https:\/\/api.w.org\/{rel}","templated":true}]}}