{"id":5626,"date":"2020-04-09T15:18:48","date_gmt":"2020-04-09T12:18:48","guid":{"rendered":"https:\/\/www.ksttukku.fi\/kauppa\/?post_type=product&#038;p=5626"},"modified":"2022-04-12T12:39:10","modified_gmt":"2022-04-12T09:39:10","slug":"sailytyslaatikko-smartstore-classic-31","status":"publish","type":"product","link":"https:\/\/www.ksttukku.fi\/kauppa\/tuote\/sailytyslaatikko-smartstore-classic-31\/","title":{"rendered":"S\u00e4ilytyslaatikko SmartStore Classic 31"},"content":{"rendered":"<p>Tilava s\u00e4ilytyslaatikko sopii erinomaisesti esimerkiksi kausivaatteiden, kenkien, tyynyjen, peittojen tai vaikkapa urheiluv\u00e4lineiden s\u00e4ilytykseen. Ihanteellinen varastos\u00e4ilytykseen. Vahvat sulkijat pit\u00e4v\u00e4t kannen tiukasti kiinni. Laatikot pinoutuvat sis\u00e4kk\u00e4in ja kannen kanssa p\u00e4\u00e4llekk\u00e4in.<\/p>\n<div class=\"title \">Tuotteen Tiedot<\/div>\n<div class=\"text\"><strong class=\"\">Ulkomitat : <\/strong><span class=\"measurements\">50 x 39 x 26 cm (SxLxK) <\/span><br \/>\n<strong class=\"\">Sis\u00e4mitat : <\/strong> <span class=\"inner_measurements\">40 x 30,7 x 22,1 cm (SxLxK) <\/span><\/p>\n<div class=\"colorcodes\">\n<div class=\"listed\">\n<div class=\"circle big orange\"><strong class=\"\">Tilavuus : <\/strong><span class=\"volume\">32 L<\/span><\/div>\n<\/div>\n<\/div>\n<\/div>\n","protected":false},"excerpt":{"rendered":"<p>Tilava s\u00e4ilytyslaatikko sopii erinomaisesti esimerkiksi kausivaatteiden, kenkien, tyynyjen, peittojen tai vaikkapa urheiluv\u00e4lineiden s\u00e4ilytykseen. Ihanteellinen varastos\u00e4ilytykseen. Vahvat sulkijat pit\u00e4v\u00e4t kannen tiukasti kiinni. Laatikot pinoutuvat sis\u00e4kk\u00e4in ja kannen kanssa p\u00e4\u00e4llekk\u00e4in. Tuotteen Tiedot Ulkomitat : 50 x 39 x 26 cm (SxLxK) Sis\u00e4mitat : 40 x 30,7 x 22,1 cm (SxLxK) Tilavuus : 32 L<\/p>\n","protected":false},"featured_media":5628,"comment_status":"closed","ping_status":"closed","template":"","meta":[],"product_brand":[],"product_cat":[332],"product_tag":[],"class_list":{"0":"post-5626","1":"product","2":"type-product","3":"status-publish","4":"has-post-thumbnail","6":"product_cat-sailytyslaatikot","8":"first","9":"instock","10":"taxable","11":"shipping-taxable","12":"purchasable","13":"product-type-simple"},"_links":{"self":[{"href":"https:\/\/www.ksttukku.fi\/kauppa\/wp-json\/wp\/v2\/product\/5626","targetHints":{"allow":["GET"]}}],"collection":[{"href":"https:\/\/www.ksttukku.fi\/kauppa\/wp-json\/wp\/v2\/product"}],"about":[{"href":"https:\/\/www.ksttukku.fi\/kauppa\/wp-json\/wp\/v2\/types\/product"}],"replies":[{"embeddable":true,"href":"https:\/\/www.ksttukku.fi\/kauppa\/wp-json\/wp\/v2\/comments?post=5626"}],"wp:featuredmedia":[{"embeddable":true,"href":"https:\/\/www.ksttukku.fi\/kauppa\/wp-json\/wp\/v2\/media\/5628"}],"wp:attachment":[{"href":"https:\/\/www.ksttukku.fi\/kauppa\/wp-json\/wp\/v2\/media?parent=5626"}],"wp:term":[{"taxonomy":"product_brand","embeddable":true,"href":"https:\/\/www.ksttukku.fi\/kauppa\/wp-json\/wp\/v2\/product_brand?post=5626"},{"taxonomy":"product_cat","embeddable":true,"href":"https:\/\/www.ksttukku.fi\/kauppa\/wp-json\/wp\/v2\/product_cat?post=5626"},{"taxonomy":"product_tag","embeddable":true,"href":"https:\/\/www.ksttukku.fi\/kauppa\/wp-json\/wp\/v2\/product_tag?post=5626"}],"curies":[{"name":"wp","href":"https:\/\/api.w.org\/{rel}","templated":true}]}}