{"id":5629,"date":"2020-04-09T15:32:48","date_gmt":"2020-04-09T12:32:48","guid":{"rendered":"https:\/\/www.ksttukku.fi\/kauppa\/?post_type=product&#038;p=5629"},"modified":"2022-04-07T12:06:01","modified_gmt":"2022-04-07T09:06:01","slug":"smartstore-deco-12-ensiapu-sailytyslaatikko","status":"publish","type":"product","link":"https:\/\/www.ksttukku.fi\/kauppa\/tuote\/smartstore-deco-12-ensiapu-sailytyslaatikko\/","title":{"rendered":"SmartStore Deco 12 ensiapu s\u00e4ilytyslaatikko"},"content":{"rendered":"<p>Ensiapulaatikko sis\u00e4osilla. Laatikko on sopivan kokoinen s\u00e4ilytt\u00e4\u00e4 kylpyhuoneessa, autossa tai miksip\u00e4 ei veneess\u00e4. Ker\u00e4\u00e4 laastarit, s\u00e4rkyl\u00e4\u00e4kkeet, siteet ja desinfiointiaineet yhteen paikkaan, niin sinun ei tarvitse etsi\u00e4 onnettomuuden sattuessa.<\/p>\n<div class=\"title \">Tuotteen Tiedot<\/div>\n<div class=\"text\"><strong class=\"\">Ulkomitat : <\/strong><span class=\"measurements\">28 x 28 x 17 cm (SxLxK) <\/span><br \/>\n<strong class=\"\">Sis\u00e4mitat : <\/strong> <span class=\"inner_measurements\">21,3 x 23,1 x 13,7 cm (SxLxK) <\/span><br \/>\n<strong class=\"\">Tilavuus : <\/strong><span class=\"volume\">8 L<\/span><\/div>\n","protected":false},"excerpt":{"rendered":"<p>Tilap\u00e4isesti loppu<\/p>\n","protected":false},"featured_media":5632,"comment_status":"closed","ping_status":"closed","template":"","meta":[],"product_brand":[],"product_cat":[332],"product_tag":[],"class_list":{"0":"post-5629","1":"product","2":"type-product","3":"status-publish","4":"has-post-thumbnail","6":"product_cat-sailytyslaatikot","8":"first","9":"instock","10":"taxable","11":"shipping-taxable","12":"purchasable","13":"product-type-simple"},"_links":{"self":[{"href":"https:\/\/www.ksttukku.fi\/kauppa\/wp-json\/wp\/v2\/product\/5629","targetHints":{"allow":["GET"]}}],"collection":[{"href":"https:\/\/www.ksttukku.fi\/kauppa\/wp-json\/wp\/v2\/product"}],"about":[{"href":"https:\/\/www.ksttukku.fi\/kauppa\/wp-json\/wp\/v2\/types\/product"}],"replies":[{"embeddable":true,"href":"https:\/\/www.ksttukku.fi\/kauppa\/wp-json\/wp\/v2\/comments?post=5629"}],"wp:featuredmedia":[{"embeddable":true,"href":"https:\/\/www.ksttukku.fi\/kauppa\/wp-json\/wp\/v2\/media\/5632"}],"wp:attachment":[{"href":"https:\/\/www.ksttukku.fi\/kauppa\/wp-json\/wp\/v2\/media?parent=5629"}],"wp:term":[{"taxonomy":"product_brand","embeddable":true,"href":"https:\/\/www.ksttukku.fi\/kauppa\/wp-json\/wp\/v2\/product_brand?post=5629"},{"taxonomy":"product_cat","embeddable":true,"href":"https:\/\/www.ksttukku.fi\/kauppa\/wp-json\/wp\/v2\/product_cat?post=5629"},{"taxonomy":"product_tag","embeddable":true,"href":"https:\/\/www.ksttukku.fi\/kauppa\/wp-json\/wp\/v2\/product_tag?post=5629"}],"curies":[{"name":"wp","href":"https:\/\/api.w.org\/{rel}","templated":true}]}}