{"id":564,"date":"2018-02-16T17:44:24","date_gmt":"2018-02-16T15:44:24","guid":{"rendered":"http:\/\/www.ksttukku.fi\/kauppa\/?post_type=product&#038;p=564"},"modified":"2023-07-19T18:59:24","modified_gmt":"2023-07-19T15:59:24","slug":"maatukisovite-mts-2p","status":"publish","type":"product","link":"https:\/\/www.ksttukku.fi\/kauppa\/tuote\/maatukisovite-mts-2p\/","title":{"rendered":"Maatukisovite MTS-2P"},"content":{"rendered":"<p>Maatukisovite on tarkoitettu k\u00e4ytett\u00e4v\u00e4ksi yhdess\u00e4 betonijalustan kanssa valaisimen tukevaan kiinnitt\u00e4miseen.<\/p>\n<p>Sopii valaisimiin: Ludvika, Puistola, Kiiruna, K\u00e4pyl\u00e4, Kallio, Park<\/p>\n","protected":false},"excerpt":{"rendered":"<p>Maatukisovite on tarkoitettu k\u00e4ytett\u00e4v\u00e4ksi yhdess\u00e4 betonijalustan kanssa valaisimen tukevaan kiinnitt\u00e4miseen. Sopii valaisimiin: Ludvika, Puistola, Kiiruna, K\u00e4pyl\u00e4, Kallio, Park<\/p>\n","protected":false},"featured_media":565,"comment_status":"closed","ping_status":"closed","template":"","meta":[],"product_brand":[],"product_cat":[58,36],"product_tag":[],"class_list":{"0":"post-564","1":"product","2":"type-product","3":"status-publish","4":"has-post-thumbnail","6":"product_cat-asennustarvikkeet","7":"product_cat-ulkovalaisimet","9":"first","10":"instock","11":"taxable","12":"shipping-taxable","13":"purchasable","14":"product-type-simple"},"_links":{"self":[{"href":"https:\/\/www.ksttukku.fi\/kauppa\/wp-json\/wp\/v2\/product\/564","targetHints":{"allow":["GET"]}}],"collection":[{"href":"https:\/\/www.ksttukku.fi\/kauppa\/wp-json\/wp\/v2\/product"}],"about":[{"href":"https:\/\/www.ksttukku.fi\/kauppa\/wp-json\/wp\/v2\/types\/product"}],"replies":[{"embeddable":true,"href":"https:\/\/www.ksttukku.fi\/kauppa\/wp-json\/wp\/v2\/comments?post=564"}],"wp:featuredmedia":[{"embeddable":true,"href":"https:\/\/www.ksttukku.fi\/kauppa\/wp-json\/wp\/v2\/media\/565"}],"wp:attachment":[{"href":"https:\/\/www.ksttukku.fi\/kauppa\/wp-json\/wp\/v2\/media?parent=564"}],"wp:term":[{"taxonomy":"product_brand","embeddable":true,"href":"https:\/\/www.ksttukku.fi\/kauppa\/wp-json\/wp\/v2\/product_brand?post=564"},{"taxonomy":"product_cat","embeddable":true,"href":"https:\/\/www.ksttukku.fi\/kauppa\/wp-json\/wp\/v2\/product_cat?post=564"},{"taxonomy":"product_tag","embeddable":true,"href":"https:\/\/www.ksttukku.fi\/kauppa\/wp-json\/wp\/v2\/product_tag?post=564"}],"curies":[{"name":"wp","href":"https:\/\/api.w.org\/{rel}","templated":true}]}}