{"id":5642,"date":"2020-04-09T16:55:53","date_gmt":"2020-04-09T13:55:53","guid":{"rendered":"https:\/\/www.ksttukku.fi\/kauppa\/?post_type=product&#038;p=5642"},"modified":"2020-04-09T17:24:14","modified_gmt":"2020-04-09T14:24:14","slug":"einhell-sahkovinssi-tc-eh-600","status":"publish","type":"product","link":"https:\/\/www.ksttukku.fi\/kauppa\/tuote\/einhell-sahkovinssi-tc-eh-600\/","title":{"rendered":"Einhell s\u00e4hk\u00f6vinssi TC-EH 600"},"content":{"rendered":"<p><span id=\"data1\" class=\"pt1\">Varustus:<br \/>\nKiinnitysraudat, l\u00e4mp\u00f6katkaisijalla varustettu moottori, kierteet\u00f6n vaijeri, h\u00e4t\u00e4katkaisijallla varustettu k\u00e4ytt\u00f6katkaisija, kuormakoukku, taljapy\u00f6r\u00e4t ja automaattijarru.<\/span><\/p>\n<p>Tekniset tiedot:<br \/>\nJ\u00e4nnite: 230 V ~ 50 Hz<br \/>\nTeho: 1050 W S3 20 % 10 min<br \/>\nNostovoima: 300 kg<br \/>\nNostovoima taljalla: 600 kg<br \/>\nNostokorkeus: 18 m<br \/>\nNostokorkeus taljalla: 9 m<br \/>\nVaijeri: 12 m \/ \u00d8 4,5 mm<br \/>\nNostonopeus: 8 m\/min<br \/>\nNostonopeus taljalla: 4 m\/min<\/p>\n","protected":false},"excerpt":{"rendered":"<p>S\u00e4hk\u00f6k\u00e4ytt\u00f6inen vaijerinosturi kuormien nostamiseen ja laskemiseen suljetuissa tiloissa. Maksiminostovoima 300 kg ja taljan kanssa 600 kg.<\/p>\n","protected":false},"featured_media":5643,"comment_status":"closed","ping_status":"closed","template":"","meta":[],"product_brand":[],"product_cat":[207,229],"product_tag":[],"class_list":{"0":"post-5642","1":"product","2":"type-product","3":"status-publish","4":"has-post-thumbnail","6":"product_cat-koneet-tyokalut","7":"product_cat-sahkotyokalut","9":"first","10":"instock","11":"taxable","12":"shipping-taxable","13":"purchasable","14":"product-type-simple"},"_links":{"self":[{"href":"https:\/\/www.ksttukku.fi\/kauppa\/wp-json\/wp\/v2\/product\/5642","targetHints":{"allow":["GET"]}}],"collection":[{"href":"https:\/\/www.ksttukku.fi\/kauppa\/wp-json\/wp\/v2\/product"}],"about":[{"href":"https:\/\/www.ksttukku.fi\/kauppa\/wp-json\/wp\/v2\/types\/product"}],"replies":[{"embeddable":true,"href":"https:\/\/www.ksttukku.fi\/kauppa\/wp-json\/wp\/v2\/comments?post=5642"}],"wp:featuredmedia":[{"embeddable":true,"href":"https:\/\/www.ksttukku.fi\/kauppa\/wp-json\/wp\/v2\/media\/5643"}],"wp:attachment":[{"href":"https:\/\/www.ksttukku.fi\/kauppa\/wp-json\/wp\/v2\/media?parent=5642"}],"wp:term":[{"taxonomy":"product_brand","embeddable":true,"href":"https:\/\/www.ksttukku.fi\/kauppa\/wp-json\/wp\/v2\/product_brand?post=5642"},{"taxonomy":"product_cat","embeddable":true,"href":"https:\/\/www.ksttukku.fi\/kauppa\/wp-json\/wp\/v2\/product_cat?post=5642"},{"taxonomy":"product_tag","embeddable":true,"href":"https:\/\/www.ksttukku.fi\/kauppa\/wp-json\/wp\/v2\/product_tag?post=5642"}],"curies":[{"name":"wp","href":"https:\/\/api.w.org\/{rel}","templated":true}]}}