{"id":5644,"date":"2020-04-09T17:04:31","date_gmt":"2020-04-09T14:04:31","guid":{"rendered":"https:\/\/www.ksttukku.fi\/kauppa\/?post_type=product&#038;p=5644"},"modified":"2025-05-26T10:31:06","modified_gmt":"2025-05-26T07:31:06","slug":"einhell-iskuporakone-tc-id-710-e","status":"publish","type":"product","link":"https:\/\/www.ksttukku.fi\/kauppa\/tuote\/einhell-iskuporakone-tc-id-710-e\/","title":{"rendered":"Einhell iskuporakone TC-ID 710 E"},"content":{"rendered":"<p><span id=\"data1\" class=\"pt1\">Ominaisuudet:<br \/>\nPikaistukka, vaihtokytkin poraus\/iskuporaus, pehmustetttu kahva, elektroninen kierrosnopeuss\u00e4\u00e4t\u00f6 esivalinnalla, suunnanvaihtokytkin, tukikahva ja syvyysrajoitin.<\/span><\/p>\n<p>Tekniset tiedot:<br \/>\nj\u00e4nnite: 230 V ~ 50 Hz<br \/>\nteho: 710 W<br \/>\nkierrokset: 0-2700 kierrosta\/min<br \/>\niskum\u00e4\u00e4r\u00e4: 43200 min-1<br \/>\nporausteho puu\/betoni\/metalli: maks. 25\/13\/10 mm<br \/>\nistukka: 1,5 &#8211; 13 mm<\/p>\n<p>Koneen paino: 2,1 kg<\/p>\n","protected":false},"excerpt":{"rendered":"<p>Einhell Classic -sarjan elektronisella kierrosnpeudens\u00e4\u00e4d\u00f6ll\u00e4 varustettu iskuporakone reikien poraamiseen puuhun, rautaan, v\u00e4rillisiin metalleihin ja kiviin. Teho 710 W.<\/p>\n","protected":false},"featured_media":5645,"comment_status":"closed","ping_status":"closed","template":"","meta":[],"product_brand":[],"product_cat":[207,229],"product_tag":[],"class_list":{"0":"post-5644","1":"product","2":"type-product","3":"status-publish","4":"has-post-thumbnail","6":"product_cat-koneet-tyokalut","7":"product_cat-sahkotyokalut","9":"first","10":"outofstock","11":"taxable","12":"shipping-taxable","13":"purchasable","14":"product-type-simple"},"_links":{"self":[{"href":"https:\/\/www.ksttukku.fi\/kauppa\/wp-json\/wp\/v2\/product\/5644","targetHints":{"allow":["GET"]}}],"collection":[{"href":"https:\/\/www.ksttukku.fi\/kauppa\/wp-json\/wp\/v2\/product"}],"about":[{"href":"https:\/\/www.ksttukku.fi\/kauppa\/wp-json\/wp\/v2\/types\/product"}],"replies":[{"embeddable":true,"href":"https:\/\/www.ksttukku.fi\/kauppa\/wp-json\/wp\/v2\/comments?post=5644"}],"wp:featuredmedia":[{"embeddable":true,"href":"https:\/\/www.ksttukku.fi\/kauppa\/wp-json\/wp\/v2\/media\/5645"}],"wp:attachment":[{"href":"https:\/\/www.ksttukku.fi\/kauppa\/wp-json\/wp\/v2\/media?parent=5644"}],"wp:term":[{"taxonomy":"product_brand","embeddable":true,"href":"https:\/\/www.ksttukku.fi\/kauppa\/wp-json\/wp\/v2\/product_brand?post=5644"},{"taxonomy":"product_cat","embeddable":true,"href":"https:\/\/www.ksttukku.fi\/kauppa\/wp-json\/wp\/v2\/product_cat?post=5644"},{"taxonomy":"product_tag","embeddable":true,"href":"https:\/\/www.ksttukku.fi\/kauppa\/wp-json\/wp\/v2\/product_tag?post=5644"}],"curies":[{"name":"wp","href":"https:\/\/api.w.org\/{rel}","templated":true}]}}