{"id":5663,"date":"2020-04-11T14:08:21","date_gmt":"2020-04-11T11:08:21","guid":{"rendered":"https:\/\/www.ksttukku.fi\/kauppa\/?post_type=product&#038;p=5663"},"modified":"2023-02-24T17:57:06","modified_gmt":"2023-02-24T15:57:06","slug":"varastolaatikko-50-l-musta","status":"publish","type":"product","link":"https:\/\/www.ksttukku.fi\/kauppa\/tuote\/varastolaatikko-50-l-musta\/","title":{"rendered":"Varastolaatikko 50 L musta"},"content":{"rendered":"<p>Kierr\u00e4tysmuovista valmistettu varastolaatikko on kest\u00e4v\u00e4 ja soveltuu monenlaiseen varastointiin. Varastolaatikot voi varastoida sis\u00e4kk\u00e4in ja kun k\u00e4\u00e4nt\u00e4\u00e4 laatikon toisin p\u00e4in, niit\u00e4 voi pinota p\u00e4\u00e4llekk\u00e4in.<\/p>\n<div class=\"title \">Tuotteen Tiedot<\/div>\n<div class=\"text\"><strong class=\"\">Ulkomitat : <\/strong>56,5<span class=\"measurements\"> x 41,5 x 29,5 cm (SxLxK) <\/span><br \/>\n<strong class=\"\">Sis\u00e4mitat : <\/strong>48<span class=\"inner_measurements\"> x 38 x 29 cm (SxLxK) <\/span><br \/>\n<strong class=\"\">Tilavuus : <\/strong><span class=\"volume\">50 L<\/span><\/div>\n","protected":false},"excerpt":{"rendered":"<p>Kierr\u00e4tysmuovista valmistettu varastolaatikko on kest\u00e4v\u00e4 ja soveltuu monenlaiseen varastointiin. Varastolaatikot voi varastoida sis\u00e4kk\u00e4in ja kun k\u00e4\u00e4nt\u00e4\u00e4 laatikon toisin p\u00e4in, niit\u00e4 voi pinota p\u00e4\u00e4llekk\u00e4in. Tuotteen Tiedot Ulkomitat : 56,5 x 41,5 x 29,5 cm (SxLxK) Sis\u00e4mitat : 48 x 38 x 29 cm (SxLxK) Tilavuus : 50 L<\/p>\n","protected":false},"featured_media":12202,"comment_status":"closed","ping_status":"closed","template":"","meta":[],"product_brand":[],"product_cat":[334],"product_tag":[],"class_list":{"0":"post-5663","1":"product","2":"type-product","3":"status-publish","4":"has-post-thumbnail","6":"product_cat-iskunkestavat-sailytyslaatikot","8":"first","9":"instock","10":"taxable","11":"shipping-taxable","12":"purchasable","13":"product-type-simple"},"_links":{"self":[{"href":"https:\/\/www.ksttukku.fi\/kauppa\/wp-json\/wp\/v2\/product\/5663","targetHints":{"allow":["GET"]}}],"collection":[{"href":"https:\/\/www.ksttukku.fi\/kauppa\/wp-json\/wp\/v2\/product"}],"about":[{"href":"https:\/\/www.ksttukku.fi\/kauppa\/wp-json\/wp\/v2\/types\/product"}],"replies":[{"embeddable":true,"href":"https:\/\/www.ksttukku.fi\/kauppa\/wp-json\/wp\/v2\/comments?post=5663"}],"wp:featuredmedia":[{"embeddable":true,"href":"https:\/\/www.ksttukku.fi\/kauppa\/wp-json\/wp\/v2\/media\/12202"}],"wp:attachment":[{"href":"https:\/\/www.ksttukku.fi\/kauppa\/wp-json\/wp\/v2\/media?parent=5663"}],"wp:term":[{"taxonomy":"product_brand","embeddable":true,"href":"https:\/\/www.ksttukku.fi\/kauppa\/wp-json\/wp\/v2\/product_brand?post=5663"},{"taxonomy":"product_cat","embeddable":true,"href":"https:\/\/www.ksttukku.fi\/kauppa\/wp-json\/wp\/v2\/product_cat?post=5663"},{"taxonomy":"product_tag","embeddable":true,"href":"https:\/\/www.ksttukku.fi\/kauppa\/wp-json\/wp\/v2\/product_tag?post=5663"}],"curies":[{"name":"wp","href":"https:\/\/api.w.org\/{rel}","templated":true}]}}