{"id":5673,"date":"2020-04-14T17:45:31","date_gmt":"2020-04-14T14:45:31","guid":{"rendered":"https:\/\/www.ksttukku.fi\/kauppa\/?post_type=product&#038;p=5673"},"modified":"2021-03-05T12:01:45","modified_gmt":"2021-03-05T10:01:45","slug":"gym-sport-air-track-3m-pinkki","status":"publish","type":"product","link":"https:\/\/www.ksttukku.fi\/kauppa\/tuote\/gym-sport-air-track-3m-pinkki\/","title":{"rendered":"Gym Sport Air Track 3m pinkki"},"content":{"rendered":"<p>\u2022 Materiaali: 500D, 2500g \/ m2 p\u00e4\u00e4lletikkaus \/ 1000D 0.60mm puristettu PVC \u2022 Vakiovarusteet: 1 SUP erikoisk\u00e4sipumppu painemittarilla, kantolaukku ja korjaussarja. Air trackin sisus on ylh\u00e4\u00e4lt\u00e4 alas kulkeva lankamainen ristiinkudottu &#8221;dropstitch&#8221;- materiaali (paino 2500grammaa \/ neli\u00f6metri), joka pit\u00e4\u00e4 alustan muodossaan. Dropstitch-materiaalin p\u00e4\u00e4ll\u00e4 on koko alustan peitt\u00e4v\u00e4 PVC-pinta, jonka vahvuus on 500 Denieri\u00e4. Alustan reunat on erikoisvahvistettua PVC:t\u00e4, 1000 Denieri\u00e4, paksuun 0,6 mm. Ilmavolttirata on ilmalla t\u00e4ytett\u00e4v\u00e4 voimistelualusta, joka sopii moneen k\u00e4ytt\u00f6\u00f6n, esim. Cheerleading, voimistelu, parkour ym. temppuilu. Patjan kimmoisuus s\u00e4\u00e4dett\u00e4viss\u00e4 v\u00e4hent\u00e4m\u00e4ll\u00e4 tai lis\u00e4\u00e4m\u00e4ll\u00e4 ilmaa. Mitat: L100 cm, k 10 cm, p 300 cm.Patjan paino 12kg<\/p>\n","protected":false},"excerpt":{"rendered":"<p>\u2022 Materiaali: 500D, 2500g \/ m2 p\u00e4\u00e4lletikkaus \/ 1000D 0.60mm puristettu PVC \u2022 Vakiovarusteet: 1 SUP erikoisk\u00e4sipumppu painemittarilla, kantolaukku ja korjaussarja. Air trackin sisus on ylh\u00e4\u00e4lt\u00e4 alas kulkeva lankamainen ristiinkudottu &#8221;dropstitch&#8221;- materiaali (paino 2500grammaa \/ neli\u00f6metri), joka pit\u00e4\u00e4 alustan muodossaan. Dropstitch-materiaalin p\u00e4\u00e4ll\u00e4 on koko alustan peitt\u00e4v\u00e4 PVC-pinta, jonka vahvuus on 500 Denieri\u00e4. Alustan reunat on [&hellip;]<\/p>\n","protected":false},"featured_media":5674,"comment_status":"closed","ping_status":"closed","template":"","meta":[],"product_brand":[],"product_cat":[206],"product_tag":[],"class_list":{"0":"post-5673","1":"product","2":"type-product","3":"status-publish","4":"has-post-thumbnail","6":"product_cat-sup-laudat","8":"first","9":"instock","10":"taxable","11":"shipping-taxable","12":"purchasable","13":"product-type-simple"},"_links":{"self":[{"href":"https:\/\/www.ksttukku.fi\/kauppa\/wp-json\/wp\/v2\/product\/5673","targetHints":{"allow":["GET"]}}],"collection":[{"href":"https:\/\/www.ksttukku.fi\/kauppa\/wp-json\/wp\/v2\/product"}],"about":[{"href":"https:\/\/www.ksttukku.fi\/kauppa\/wp-json\/wp\/v2\/types\/product"}],"replies":[{"embeddable":true,"href":"https:\/\/www.ksttukku.fi\/kauppa\/wp-json\/wp\/v2\/comments?post=5673"}],"wp:featuredmedia":[{"embeddable":true,"href":"https:\/\/www.ksttukku.fi\/kauppa\/wp-json\/wp\/v2\/media\/5674"}],"wp:attachment":[{"href":"https:\/\/www.ksttukku.fi\/kauppa\/wp-json\/wp\/v2\/media?parent=5673"}],"wp:term":[{"taxonomy":"product_brand","embeddable":true,"href":"https:\/\/www.ksttukku.fi\/kauppa\/wp-json\/wp\/v2\/product_brand?post=5673"},{"taxonomy":"product_cat","embeddable":true,"href":"https:\/\/www.ksttukku.fi\/kauppa\/wp-json\/wp\/v2\/product_cat?post=5673"},{"taxonomy":"product_tag","embeddable":true,"href":"https:\/\/www.ksttukku.fi\/kauppa\/wp-json\/wp\/v2\/product_tag?post=5673"}],"curies":[{"name":"wp","href":"https:\/\/api.w.org\/{rel}","templated":true}]}}