{"id":568,"date":"2018-02-17T13:14:07","date_gmt":"2018-02-17T11:14:07","guid":{"rendered":"http:\/\/www.ksttukku.fi\/kauppa\/?post_type=product&#038;p=568"},"modified":"2020-06-27T14:24:21","modified_gmt":"2020-06-27T11:24:21","slug":"led-lisalamppu-terassivalosarjaan","status":"publish","type":"product","link":"https:\/\/www.ksttukku.fi\/kauppa\/tuote\/led-lisalamppu-terassivalosarjaan\/","title":{"rendered":"Led lis\u00e4lamppu terassivalosarjaan"},"content":{"rendered":"<p>Tyylik\u00e4s upotettava terassivalo. Soveltuu my\u00f6s portaisiin ja askelmiin. Py\u00f6re\u00e4. Alumiini kehys.<\/p>\n<p>J\u00e4nnite: 12 V AC\/DC<\/p>\n<p>Teho: 2 W<\/p>\n<p>V\u00e4ril\u00e4mp\u00f6tila: 4000K<\/p>\n<p>Mitat: \u2205 50 x 82 mm<\/p>\n<p>Materiaali: muovi<\/p>\n<p>Valaisimessa 2 x 1,0 m kaapeli vapailla johdinp\u00e4ill\u00e4<\/p>\n<p>IP-luokitus: IP65<\/p>\n","protected":false},"excerpt":{"rendered":"<p>Tyylik\u00e4s upotettava terassivalo. Soveltuu my\u00f6s portaisiin ja askelmiin. Py\u00f6re\u00e4. Alumiini kehys. J\u00e4nnite: 12 V AC\/DC Teho: 2 W V\u00e4ril\u00e4mp\u00f6tila: 4000K Mitat: \u2205 50 x 82 mm Materiaali: muovi Valaisimessa 2 x 1,0 m kaapeli vapailla johdinp\u00e4ill\u00e4 IP-luokitus: IP65<\/p>\n","protected":false},"featured_media":6069,"comment_status":"closed","ping_status":"closed","template":"","meta":[],"product_brand":[],"product_cat":[59,36],"product_tag":[],"class_list":{"0":"post-568","1":"product","2":"type-product","3":"status-publish","4":"has-post-thumbnail","6":"product_cat-terassivalaisimet","7":"product_cat-ulkovalaisimet","9":"first","10":"instock","11":"taxable","12":"shipping-taxable","13":"purchasable","14":"product-type-simple"},"_links":{"self":[{"href":"https:\/\/www.ksttukku.fi\/kauppa\/wp-json\/wp\/v2\/product\/568","targetHints":{"allow":["GET"]}}],"collection":[{"href":"https:\/\/www.ksttukku.fi\/kauppa\/wp-json\/wp\/v2\/product"}],"about":[{"href":"https:\/\/www.ksttukku.fi\/kauppa\/wp-json\/wp\/v2\/types\/product"}],"replies":[{"embeddable":true,"href":"https:\/\/www.ksttukku.fi\/kauppa\/wp-json\/wp\/v2\/comments?post=568"}],"wp:featuredmedia":[{"embeddable":true,"href":"https:\/\/www.ksttukku.fi\/kauppa\/wp-json\/wp\/v2\/media\/6069"}],"wp:attachment":[{"href":"https:\/\/www.ksttukku.fi\/kauppa\/wp-json\/wp\/v2\/media?parent=568"}],"wp:term":[{"taxonomy":"product_brand","embeddable":true,"href":"https:\/\/www.ksttukku.fi\/kauppa\/wp-json\/wp\/v2\/product_brand?post=568"},{"taxonomy":"product_cat","embeddable":true,"href":"https:\/\/www.ksttukku.fi\/kauppa\/wp-json\/wp\/v2\/product_cat?post=568"},{"taxonomy":"product_tag","embeddable":true,"href":"https:\/\/www.ksttukku.fi\/kauppa\/wp-json\/wp\/v2\/product_tag?post=568"}],"curies":[{"name":"wp","href":"https:\/\/api.w.org\/{rel}","templated":true}]}}