{"id":5683,"date":"2020-04-15T15:35:25","date_gmt":"2020-04-15T12:35:25","guid":{"rendered":"https:\/\/www.ksttukku.fi\/kauppa\/?post_type=product&#038;p=5683"},"modified":"2024-04-15T14:22:56","modified_gmt":"2024-04-15T11:22:56","slug":"stellato-riippuvalaisin","status":"publish","type":"product","link":"https:\/\/www.ksttukku.fi\/kauppa\/tuote\/stellato-riippuvalaisin\/","title":{"rendered":"Stellato riippuvalaisin"},"content":{"rendered":"<p>Stellato on n\u00e4ytt\u00e4v\u00e4sti muotoiltu riippuvalaisin joka sopii t\u00e4ydellisesti kodin kaikkiin kuiviin tiloihin. Valaisin on valmistettu valkoisista puulamelleista ja sen keskell\u00e4 on vaalea lasikupu jonka l\u00e4pi valo tulee tasaisesti. Stellato on siro ja elegantti ja sopii hyvin skandinaaviseen makuun.<\/p>\n<p>Mitat: \u2205 400 mm. korkeus 1300 mm<\/p>\n<p>Kanta: E27 (pakkaus ei sis\u00e4ll\u00e4 lamppua)<\/p>\n<p>V\u00e4ri: valkoinen \/ puu<\/p>\n","protected":false},"excerpt":{"rendered":"<p>Stellato on n\u00e4ytt\u00e4v\u00e4sti muotoiltu riippuvalaisin joka sopii t\u00e4ydellisesti kodin kaikkiin kuiviin tiloihin. Valaisin on valmistettu valkoisista puulamelleista ja sen keskell\u00e4 on vaalea lasikupu jonka l\u00e4pi valo tulee tasaisesti. Stellato on siro ja elegantti ja sopii hyvin skandinaaviseen makuun. Mitat: \u2205 400 mm. korkeus 1300 mm Kanta: E27 (pakkaus ei sis\u00e4ll\u00e4 lamppua) V\u00e4ri: valkoinen \/ puu<\/p>\n","protected":false},"featured_media":5684,"comment_status":"closed","ping_status":"closed","template":"","meta":[],"product_brand":[],"product_cat":[49,35,34],"product_tag":[],"class_list":{"0":"post-5683","1":"product","2":"type-product","3":"status-publish","4":"has-post-thumbnail","6":"product_cat-riippuvalaisimet","7":"product_cat-sisavalaisimet","8":"product_cat-valaisimet","10":"first","11":"instock","12":"taxable","13":"shipping-taxable","14":"purchasable","15":"product-type-simple"},"_links":{"self":[{"href":"https:\/\/www.ksttukku.fi\/kauppa\/wp-json\/wp\/v2\/product\/5683","targetHints":{"allow":["GET"]}}],"collection":[{"href":"https:\/\/www.ksttukku.fi\/kauppa\/wp-json\/wp\/v2\/product"}],"about":[{"href":"https:\/\/www.ksttukku.fi\/kauppa\/wp-json\/wp\/v2\/types\/product"}],"replies":[{"embeddable":true,"href":"https:\/\/www.ksttukku.fi\/kauppa\/wp-json\/wp\/v2\/comments?post=5683"}],"wp:featuredmedia":[{"embeddable":true,"href":"https:\/\/www.ksttukku.fi\/kauppa\/wp-json\/wp\/v2\/media\/5684"}],"wp:attachment":[{"href":"https:\/\/www.ksttukku.fi\/kauppa\/wp-json\/wp\/v2\/media?parent=5683"}],"wp:term":[{"taxonomy":"product_brand","embeddable":true,"href":"https:\/\/www.ksttukku.fi\/kauppa\/wp-json\/wp\/v2\/product_brand?post=5683"},{"taxonomy":"product_cat","embeddable":true,"href":"https:\/\/www.ksttukku.fi\/kauppa\/wp-json\/wp\/v2\/product_cat?post=5683"},{"taxonomy":"product_tag","embeddable":true,"href":"https:\/\/www.ksttukku.fi\/kauppa\/wp-json\/wp\/v2\/product_tag?post=5683"}],"curies":[{"name":"wp","href":"https:\/\/api.w.org\/{rel}","templated":true}]}}