{"id":5690,"date":"2020-04-15T17:26:08","date_gmt":"2020-04-15T14:26:08","guid":{"rendered":"https:\/\/www.ksttukku.fi\/kauppa\/?post_type=product&#038;p=5690"},"modified":"2020-04-15T17:26:08","modified_gmt":"2020-04-15T14:26:08","slug":"einhell-laattaleikkuri","status":"publish","type":"product","link":"https:\/\/www.ksttukku.fi\/kauppa\/tuote\/einhell-laattaleikkuri\/","title":{"rendered":"Einhell laattaleikkuri"},"content":{"rendered":"<p><span id=\"data1\" class=\"pt1\">Varustus:<br \/>\nTimanttikatkaisulaikka, vesis\u00e4ili\u00f6, s\u00e4hk\u00f6johdolle pidikkeet, jiirivaste, samansuuntaisvaste ja ty\u00f6kaluja.<\/p>\n<p>Tekniset tiedot:<br \/>\nJ\u00e4nnite: 230 V ~ 50 Hz<br \/>\nMoottori: vaihtovirtamoottori<br \/>\nTeho: 600 W S2 10 min<br \/>\nKierrokset: 2950 kierrosta\/min<br \/>\nLeikkauskorkeus 90\u00b0\/45\u00b0: 35\/22 mm<br \/>\nTimanttiter\u00e4: \u00d8 180 x \u00d8 25,4 mm<br \/>\nP\u00f6yd\u00e4n koko: 330 x 360 mm<br \/>\nSuojaluokka: IP54<br \/>\nLaitteen paino: 9,2 kg<br \/>\n<\/span><\/p>\n","protected":false},"excerpt":{"rendered":"<p>S\u00e4hk\u00f6k\u00e4ytt\u00f6inen Einhell-laattaleikkuri, teho 600 W, timanttikatkaisulaikka 180 mm.<\/p>\n","protected":false},"featured_media":5691,"comment_status":"closed","ping_status":"closed","template":"","meta":[],"product_brand":[],"product_cat":[207,229],"product_tag":[],"class_list":{"0":"post-5690","1":"product","2":"type-product","3":"status-publish","4":"has-post-thumbnail","6":"product_cat-koneet-tyokalut","7":"product_cat-sahkotyokalut","9":"first","10":"instock","11":"taxable","12":"shipping-taxable","13":"purchasable","14":"product-type-simple"},"_links":{"self":[{"href":"https:\/\/www.ksttukku.fi\/kauppa\/wp-json\/wp\/v2\/product\/5690","targetHints":{"allow":["GET"]}}],"collection":[{"href":"https:\/\/www.ksttukku.fi\/kauppa\/wp-json\/wp\/v2\/product"}],"about":[{"href":"https:\/\/www.ksttukku.fi\/kauppa\/wp-json\/wp\/v2\/types\/product"}],"replies":[{"embeddable":true,"href":"https:\/\/www.ksttukku.fi\/kauppa\/wp-json\/wp\/v2\/comments?post=5690"}],"wp:featuredmedia":[{"embeddable":true,"href":"https:\/\/www.ksttukku.fi\/kauppa\/wp-json\/wp\/v2\/media\/5691"}],"wp:attachment":[{"href":"https:\/\/www.ksttukku.fi\/kauppa\/wp-json\/wp\/v2\/media?parent=5690"}],"wp:term":[{"taxonomy":"product_brand","embeddable":true,"href":"https:\/\/www.ksttukku.fi\/kauppa\/wp-json\/wp\/v2\/product_brand?post=5690"},{"taxonomy":"product_cat","embeddable":true,"href":"https:\/\/www.ksttukku.fi\/kauppa\/wp-json\/wp\/v2\/product_cat?post=5690"},{"taxonomy":"product_tag","embeddable":true,"href":"https:\/\/www.ksttukku.fi\/kauppa\/wp-json\/wp\/v2\/product_tag?post=5690"}],"curies":[{"name":"wp","href":"https:\/\/api.w.org\/{rel}","templated":true}]}}