{"id":5692,"date":"2020-04-15T17:34:51","date_gmt":"2020-04-15T14:34:51","guid":{"rendered":"https:\/\/www.ksttukku.fi\/kauppa\/?post_type=product&#038;p=5692"},"modified":"2020-04-15T17:34:51","modified_gmt":"2020-04-15T14:34:51","slug":"einhell-pistosaha-tc-js-60-1","status":"publish","type":"product","link":"https:\/\/www.ksttukku.fi\/kauppa\/tuote\/einhell-pistosaha-tc-js-60-1\/","title":{"rendered":"Einhell pistosaha TC-JS 60\/1"},"content":{"rendered":"<p><span id=\"data1\" class=\"pt1\">Saha on kevyt ja mukava k\u00e4sitell\u00e4 pehmustetun kahvan ja t\u00e4rin\u00e4vaimennetun muotoilun ansiosta.<br \/>\nSahakenk\u00e4 kallistuu 45 astetta mahdollistaen viisteleikkaukset. Pakkaus sis\u00e4lt\u00e4\u00e4 adapterin purun poistoimuun.<\/p>\n<p>Tekniset tiedot:<br \/>\nj\u00e4nnite 220 &#8211; 240 V &#8211; 50-60 Hz<br \/>\nteho: 400 W<br \/>\niskuluku: 1000 &#8211; 3000 min-1<br \/>\niskunpituus: 18 mm<br \/>\nsahauskapasiteetti:<br \/>\npuu: 60 mm<br \/>\nmuovi: 10 mm<br \/>\nmetalli: 6 mm<br \/>\nsahakeng\u00e4n kallistus: 45 astetta<\/p>\n<p>Ominaisuudet:<br \/>\npieni ja kevyt k\u00e4ytt\u00e4\u00e4<br \/>\nelektroninen nopeudens\u00e4\u00e4t\u00f6<br \/>\nt\u00e4rin\u00e4vaimennettu muotoilu ja pehmustettu kahva<br \/>\nty\u00f6kaluton ter\u00e4nvaihto<br \/>\npuruadapteri<\/span><\/p>\n","protected":false},"excerpt":{"rendered":"<p>Einhellin 400 W pistosaha TC-JS 60\/1 sahaa tarkasti puuta, metallia ja muovia. S\u00e4\u00e4dett\u00e4v\u00e4 kierrosnopeus mahdollistaa oikean ty\u00f6skentelynopeuden erilaisille materiaaleille. Ter\u00e4nvaihto nopeasti ja helposti ilman ty\u00f6kalua. Sahaussyvyys puuhun 60 mm.<\/p>\n","protected":false},"featured_media":5693,"comment_status":"closed","ping_status":"closed","template":"","meta":[],"product_brand":[],"product_cat":[207,229],"product_tag":[],"class_list":{"0":"post-5692","1":"product","2":"type-product","3":"status-publish","4":"has-post-thumbnail","6":"product_cat-koneet-tyokalut","7":"product_cat-sahkotyokalut","9":"first","10":"instock","11":"taxable","12":"shipping-taxable","13":"purchasable","14":"product-type-simple"},"_links":{"self":[{"href":"https:\/\/www.ksttukku.fi\/kauppa\/wp-json\/wp\/v2\/product\/5692","targetHints":{"allow":["GET"]}}],"collection":[{"href":"https:\/\/www.ksttukku.fi\/kauppa\/wp-json\/wp\/v2\/product"}],"about":[{"href":"https:\/\/www.ksttukku.fi\/kauppa\/wp-json\/wp\/v2\/types\/product"}],"replies":[{"embeddable":true,"href":"https:\/\/www.ksttukku.fi\/kauppa\/wp-json\/wp\/v2\/comments?post=5692"}],"wp:featuredmedia":[{"embeddable":true,"href":"https:\/\/www.ksttukku.fi\/kauppa\/wp-json\/wp\/v2\/media\/5693"}],"wp:attachment":[{"href":"https:\/\/www.ksttukku.fi\/kauppa\/wp-json\/wp\/v2\/media?parent=5692"}],"wp:term":[{"taxonomy":"product_brand","embeddable":true,"href":"https:\/\/www.ksttukku.fi\/kauppa\/wp-json\/wp\/v2\/product_brand?post=5692"},{"taxonomy":"product_cat","embeddable":true,"href":"https:\/\/www.ksttukku.fi\/kauppa\/wp-json\/wp\/v2\/product_cat?post=5692"},{"taxonomy":"product_tag","embeddable":true,"href":"https:\/\/www.ksttukku.fi\/kauppa\/wp-json\/wp\/v2\/product_tag?post=5692"}],"curies":[{"name":"wp","href":"https:\/\/api.w.org\/{rel}","templated":true}]}}