{"id":5695,"date":"2020-04-16T16:41:10","date_gmt":"2020-04-16T13:41:10","guid":{"rendered":"https:\/\/www.ksttukku.fi\/kauppa\/?post_type=product&#038;p=5695"},"modified":"2025-09-01T14:25:45","modified_gmt":"2025-09-01T11:25:45","slug":"led-kattovalaisin-putz-15w-1600lm","status":"publish","type":"product","link":"https:\/\/www.ksttukku.fi\/kauppa\/tuote\/led-kattovalaisin-putz-15w-1600lm\/","title":{"rendered":"Led-kattovalaisin Putz 15W 1800lm"},"content":{"rendered":"<p>Sopii kaikkiin kodin kuiviin tiloihin<\/p>\n<p>Helppo asentaa (kattokoukkukiinnitys ja pistoke)<\/p>\n<p>Teho: 15 W<\/p>\n<p>Valovirta: 1800 lm<\/p>\n<p>Valaisimen koko: \u2205 400 mm, korkeus 138 mm<\/p>\n<p>V\u00e4ril\u00e4mp\u00f6: 4000 K<\/p>\n","protected":false},"excerpt":{"rendered":"<p>Sopii kaikkiin kodin kuiviin tiloihin Helppo asentaa (kattokoukkukiinnitys ja pistoke) Teho: 15 W Valovirta: 1800 lm Valaisimen koko: \u2205 400 mm, korkeus 138 mm V\u00e4ril\u00e4mp\u00f6: 4000 K<\/p>\n","protected":false},"featured_media":5696,"comment_status":"closed","ping_status":"closed","template":"","meta":[],"product_brand":[],"product_cat":[40,35,34],"product_tag":[],"class_list":{"0":"post-5695","1":"product","2":"type-product","3":"status-publish","4":"has-post-thumbnail","6":"product_cat-kattovalaisimet","7":"product_cat-sisavalaisimet","8":"product_cat-valaisimet","10":"first","11":"instock","12":"taxable","13":"shipping-taxable","14":"purchasable","15":"product-type-simple"},"_links":{"self":[{"href":"https:\/\/www.ksttukku.fi\/kauppa\/wp-json\/wp\/v2\/product\/5695","targetHints":{"allow":["GET"]}}],"collection":[{"href":"https:\/\/www.ksttukku.fi\/kauppa\/wp-json\/wp\/v2\/product"}],"about":[{"href":"https:\/\/www.ksttukku.fi\/kauppa\/wp-json\/wp\/v2\/types\/product"}],"replies":[{"embeddable":true,"href":"https:\/\/www.ksttukku.fi\/kauppa\/wp-json\/wp\/v2\/comments?post=5695"}],"wp:featuredmedia":[{"embeddable":true,"href":"https:\/\/www.ksttukku.fi\/kauppa\/wp-json\/wp\/v2\/media\/5696"}],"wp:attachment":[{"href":"https:\/\/www.ksttukku.fi\/kauppa\/wp-json\/wp\/v2\/media?parent=5695"}],"wp:term":[{"taxonomy":"product_brand","embeddable":true,"href":"https:\/\/www.ksttukku.fi\/kauppa\/wp-json\/wp\/v2\/product_brand?post=5695"},{"taxonomy":"product_cat","embeddable":true,"href":"https:\/\/www.ksttukku.fi\/kauppa\/wp-json\/wp\/v2\/product_cat?post=5695"},{"taxonomy":"product_tag","embeddable":true,"href":"https:\/\/www.ksttukku.fi\/kauppa\/wp-json\/wp\/v2\/product_tag?post=5695"}],"curies":[{"name":"wp","href":"https:\/\/api.w.org\/{rel}","templated":true}]}}