{"id":5724,"date":"2020-04-17T15:18:38","date_gmt":"2020-04-17T12:18:38","guid":{"rendered":"https:\/\/www.ksttukku.fi\/kauppa\/?post_type=product&#038;p=5724"},"modified":"2020-04-18T13:00:07","modified_gmt":"2020-04-18T10:00:07","slug":"kaytavamatto-askot-80cm","status":"publish","type":"product","link":"https:\/\/www.ksttukku.fi\/kauppa\/tuote\/kaytavamatto-askot-80cm\/","title":{"rendered":"K\u00e4yt\u00e4v\u00e4matto Askot 80cm"},"content":{"rendered":"<h3><span style=\"font-size: 12pt;\">Konekudottu k\u00e4yt\u00e4v\u00e4matto,<\/span><\/h3>\n<h3><span style=\"font-size: 12pt;\">Luistamaton pohja.<\/span><\/h3>\n<p><span style=\"font-size: 12pt;\">Materiaali: 100% polypropyleenia<\/span><\/p>\n<p><span style=\"font-size: 12pt;\">Hoito-ohje: Kevyt imurointi ja tuuletus silloin t\u00e4ll\u00f6in, ei tamppausta.<\/span><br \/>\n<span style=\"font-size: 12pt;\">Paikallisten tuoreiden tahrojen poisto mahdollista kostealla<\/span><br \/>\n<span style=\"font-size: 12pt;\">vaahdotetulla (Marseille-saippua) sienell\u00e4 tai liinalla.<\/span><br \/>\n<span style=\"font-size: 12pt;\">Vesipesu 30\u00b0C.<\/span><\/p>\n<p><span style=\"font-size: 12pt;\">Leveys: 80 cm<\/span><\/p>\n","protected":false},"excerpt":{"rendered":"<p>Konekudottu k\u00e4yt\u00e4v\u00e4matto, Luistamaton pohja. Materiaali: 100% polypropyleenia Hoito-ohje: Kevyt imurointi ja tuuletus silloin t\u00e4ll\u00f6in, ei tamppausta. Paikallisten tuoreiden tahrojen poisto mahdollista kostealla vaahdotetulla (Marseille-saippua) sienell\u00e4 tai liinalla. Vesipesu 30\u00b0C. Leveys: 80 cm<\/p>\n","protected":false},"featured_media":5725,"comment_status":"closed","ping_status":"closed","template":"","meta":[],"product_brand":[],"product_cat":[141,23],"product_tag":[],"class_list":{"0":"post-5724","1":"product","2":"type-product","3":"status-publish","4":"has-post-thumbnail","6":"product_cat-askot","7":"product_cat-kaytava-ja-yleismatot","9":"first","10":"instock","11":"taxable","12":"shipping-taxable","13":"purchasable","14":"product-type-simple"},"_links":{"self":[{"href":"https:\/\/www.ksttukku.fi\/kauppa\/wp-json\/wp\/v2\/product\/5724","targetHints":{"allow":["GET"]}}],"collection":[{"href":"https:\/\/www.ksttukku.fi\/kauppa\/wp-json\/wp\/v2\/product"}],"about":[{"href":"https:\/\/www.ksttukku.fi\/kauppa\/wp-json\/wp\/v2\/types\/product"}],"replies":[{"embeddable":true,"href":"https:\/\/www.ksttukku.fi\/kauppa\/wp-json\/wp\/v2\/comments?post=5724"}],"wp:featuredmedia":[{"embeddable":true,"href":"https:\/\/www.ksttukku.fi\/kauppa\/wp-json\/wp\/v2\/media\/5725"}],"wp:attachment":[{"href":"https:\/\/www.ksttukku.fi\/kauppa\/wp-json\/wp\/v2\/media?parent=5724"}],"wp:term":[{"taxonomy":"product_brand","embeddable":true,"href":"https:\/\/www.ksttukku.fi\/kauppa\/wp-json\/wp\/v2\/product_brand?post=5724"},{"taxonomy":"product_cat","embeddable":true,"href":"https:\/\/www.ksttukku.fi\/kauppa\/wp-json\/wp\/v2\/product_cat?post=5724"},{"taxonomy":"product_tag","embeddable":true,"href":"https:\/\/www.ksttukku.fi\/kauppa\/wp-json\/wp\/v2\/product_tag?post=5724"}],"curies":[{"name":"wp","href":"https:\/\/api.w.org\/{rel}","templated":true}]}}