{"id":5732,"date":"2020-04-18T13:27:29","date_gmt":"2020-04-18T10:27:29","guid":{"rendered":"https:\/\/www.ksttukku.fi\/kauppa\/?post_type=product&#038;p=5732"},"modified":"2020-04-18T13:31:21","modified_gmt":"2020-04-18T10:31:21","slug":"einhell-pistosaha-te-js-100","status":"publish","type":"product","link":"https:\/\/www.ksttukku.fi\/kauppa\/tuote\/einhell-pistosaha-te-js-100\/","title":{"rendered":"Einhell pistosaha TE-JS 100"},"content":{"rendered":"<p><span id=\"data1\" class=\"pt1\">Varustus:<br \/>\nelektroninen iskuluvun s\u00e4\u00e4t\u00f6<br \/>\n4-portainen heiluri-isku<br \/>\np\u00f6lynpoisto<br \/>\nalumiininensahakenk\u00e4, joka kallistuu 45\u00b0<br \/>\nsahanter\u00e4 puulle<br \/>\nsamansuuntaisvaste<br \/>\np\u00f6lynpoistoadapteri<br \/>\nty\u00f6kaluton ter\u00e4nvaihto<br \/>\nlaitteeseen sopivat sek\u00e4 t- ett\u00e4 u-malliset ter\u00e4t<br \/>\nled-valo<br \/>\ntikkusuoja<br \/>\npurunpuhallustoiminto<br \/>\nmuovisalkku k\u00e4tev\u00e4\u00e4n kuljetukseen ja s\u00e4ilytykseen<\/span><\/p>\n<p>Tekniset tiedot:<br \/>\nJ\u00e4nnite: 230 V ~ 50 Hz<br \/>\nTeho: 750 W<br \/>\nIskuluku: 800-3000 iskua\/min<br \/>\nIskun korkeus: 23 mm<br \/>\nSahaussyvyys puu: 100 mm<br \/>\nSahaussyvyys muovi: 12 mm<br \/>\nSahaussyvyys ter\u00e4s: 10 mm<br \/>\nSahakeng\u00e4n kallistus: 45\u00b0<br \/>\nLaitteen paino: 2,3 kg<\/p>\n","protected":false},"excerpt":{"rendered":"<div class=\"col-xs-12 hidden-xs\">\n<p>Uudella s\u00e4hk\u00f6k\u00e4ytt\u00f6isell\u00e4 ja ketter\u00e4ll\u00e4 Einhell Expert -pistosahalla, onnistuvat jiirisahaukset sek\u00e4 suorat ja kaarevat sahaukset puuhun, muoviin ja metalliin.<\/p>\n<\/div>\n<div class=\"clearfix\"><\/div>\n","protected":false},"featured_media":5733,"comment_status":"closed","ping_status":"closed","template":"","meta":[],"product_brand":[],"product_cat":[207,229],"product_tag":[],"class_list":{"0":"post-5732","1":"product","2":"type-product","3":"status-publish","4":"has-post-thumbnail","6":"product_cat-koneet-tyokalut","7":"product_cat-sahkotyokalut","9":"first","10":"instock","11":"taxable","12":"shipping-taxable","13":"purchasable","14":"product-type-simple"},"_links":{"self":[{"href":"https:\/\/www.ksttukku.fi\/kauppa\/wp-json\/wp\/v2\/product\/5732","targetHints":{"allow":["GET"]}}],"collection":[{"href":"https:\/\/www.ksttukku.fi\/kauppa\/wp-json\/wp\/v2\/product"}],"about":[{"href":"https:\/\/www.ksttukku.fi\/kauppa\/wp-json\/wp\/v2\/types\/product"}],"replies":[{"embeddable":true,"href":"https:\/\/www.ksttukku.fi\/kauppa\/wp-json\/wp\/v2\/comments?post=5732"}],"wp:featuredmedia":[{"embeddable":true,"href":"https:\/\/www.ksttukku.fi\/kauppa\/wp-json\/wp\/v2\/media\/5733"}],"wp:attachment":[{"href":"https:\/\/www.ksttukku.fi\/kauppa\/wp-json\/wp\/v2\/media?parent=5732"}],"wp:term":[{"taxonomy":"product_brand","embeddable":true,"href":"https:\/\/www.ksttukku.fi\/kauppa\/wp-json\/wp\/v2\/product_brand?post=5732"},{"taxonomy":"product_cat","embeddable":true,"href":"https:\/\/www.ksttukku.fi\/kauppa\/wp-json\/wp\/v2\/product_cat?post=5732"},{"taxonomy":"product_tag","embeddable":true,"href":"https:\/\/www.ksttukku.fi\/kauppa\/wp-json\/wp\/v2\/product_tag?post=5732"}],"curies":[{"name":"wp","href":"https:\/\/api.w.org\/{rel}","templated":true}]}}