{"id":5735,"date":"2020-04-18T13:38:28","date_gmt":"2020-04-18T10:38:28","guid":{"rendered":"https:\/\/www.ksttukku.fi\/kauppa\/?post_type=product&#038;p=5735"},"modified":"2020-04-18T13:38:29","modified_gmt":"2020-04-18T10:38:29","slug":"einhell-puukkosaha-te-ap-750","status":"publish","type":"product","link":"https:\/\/www.ksttukku.fi\/kauppa\/tuote\/einhell-puukkosaha-te-ap-750\/","title":{"rendered":"Einhell puukkosaha TE-AP 750"},"content":{"rendered":"<p><span id=\"data1\" class=\"pt1\">My\u00f6s sahanter\u00e4n vaihto sujuu nopeasti ja ty\u00f6kaluvapaasti. Puukkosahalla on mukava ja turvallinen ty\u00f6skennell\u00e4, sill\u00e4 pehmustetut kahvaosat antavat hyv\u00e4n pidon ja saha pysyy tukevasti k\u00e4dess\u00e4.<br \/>\nKone on kapea ja ergonominen muodoltaan, joten sit\u00e4 on helppo k\u00e4ytt\u00e4\u00e4. Sahanter\u00e4 puulle sis\u00e4ltyy toimitukseen.<\/p>\n<p>Ominaisuudet:<br \/>\niskuluvun elektroninen s\u00e4\u00e4t\u00f6<br \/>\nty\u00f6kaluttomasti s\u00e4\u00e4tyv\u00e4 sahakenk\u00e4<br \/>\nsahanter\u00e4n vaihto sujuu ty\u00f6kaluttomasti<br \/>\npehmustetut kahvaosat<br \/>\nergonominen ja kapea muotoilu helpottavat koneen k\u00e4ytt\u00f6\u00e4<br \/>\nsahanter\u00e4 puulle<\/p>\n<p>Tekniset tiedot:<br \/>\nj\u00e4nnite: 230 V ~ 50 Hz<br \/>\nteho: 750 W<br \/>\niskuluku: 0-2800 iskua\/min<br \/>\nIskukorkeus: 20 mm<br \/>\nsahaussyvyys puu: maks. 150 mm<br \/>\nsahaussyvyys metalli: maks. 10 mm<\/p>\n<p>koneen paino: 2,47 kg<\/span><\/p>\n","protected":false},"excerpt":{"rendered":"<p>Einhell Expert puukkosaha TE-AP 750 E sahaa 750 W teholla erinomaisesti mit\u00e4 erilaisimpia materiaaleja. Puukkosahan iskuluku on elektronisesti s\u00e4\u00e4dett\u00e4viss\u00e4 materiaalin ja ty\u00f6n mukaan. Sahakeng\u00e4n s\u00e4\u00e4t\u00f6 onnistuu helposti ilman ty\u00f6kaluja ja mahdollistaa n\u00e4in sahanter\u00e4n optimaalisen k\u00e4yt\u00f6n.<\/p>\n","protected":false},"featured_media":5736,"comment_status":"closed","ping_status":"closed","template":"","meta":[],"product_brand":[],"product_cat":[207,229],"product_tag":[],"class_list":{"0":"post-5735","1":"product","2":"type-product","3":"status-publish","4":"has-post-thumbnail","6":"product_cat-koneet-tyokalut","7":"product_cat-sahkotyokalut","9":"first","10":"instock","11":"taxable","12":"shipping-taxable","13":"purchasable","14":"product-type-simple"},"_links":{"self":[{"href":"https:\/\/www.ksttukku.fi\/kauppa\/wp-json\/wp\/v2\/product\/5735","targetHints":{"allow":["GET"]}}],"collection":[{"href":"https:\/\/www.ksttukku.fi\/kauppa\/wp-json\/wp\/v2\/product"}],"about":[{"href":"https:\/\/www.ksttukku.fi\/kauppa\/wp-json\/wp\/v2\/types\/product"}],"replies":[{"embeddable":true,"href":"https:\/\/www.ksttukku.fi\/kauppa\/wp-json\/wp\/v2\/comments?post=5735"}],"wp:featuredmedia":[{"embeddable":true,"href":"https:\/\/www.ksttukku.fi\/kauppa\/wp-json\/wp\/v2\/media\/5736"}],"wp:attachment":[{"href":"https:\/\/www.ksttukku.fi\/kauppa\/wp-json\/wp\/v2\/media?parent=5735"}],"wp:term":[{"taxonomy":"product_brand","embeddable":true,"href":"https:\/\/www.ksttukku.fi\/kauppa\/wp-json\/wp\/v2\/product_brand?post=5735"},{"taxonomy":"product_cat","embeddable":true,"href":"https:\/\/www.ksttukku.fi\/kauppa\/wp-json\/wp\/v2\/product_cat?post=5735"},{"taxonomy":"product_tag","embeddable":true,"href":"https:\/\/www.ksttukku.fi\/kauppa\/wp-json\/wp\/v2\/product_tag?post=5735"}],"curies":[{"name":"wp","href":"https:\/\/api.w.org\/{rel}","templated":true}]}}