{"id":5737,"date":"2020-04-18T14:07:13","date_gmt":"2020-04-18T11:07:13","guid":{"rendered":"https:\/\/www.ksttukku.fi\/kauppa\/?post_type=product&#038;p=5737"},"modified":"2020-04-18T14:07:14","modified_gmt":"2020-04-18T11:07:14","slug":"einhell-puukkosaha-te-ap-950-e","status":"publish","type":"product","link":"https:\/\/www.ksttukku.fi\/kauppa\/tuote\/einhell-puukkosaha-te-ap-950-e\/","title":{"rendered":"Einhell puukkosaha TE-AP 950 E"},"content":{"rendered":"<p><span id=\"data1\" class=\"pt1\">Tehokkaan 950 W moottori ansiosta saha pureutuu vahvasti ja nopeasti l\u00e4hes kaikenlaiseen materiaaliin, mm. puuhun, rautaan, metalliin ja muoviin.<\/p>\n<p>Ominaisuudet:<br \/>\niskuluvun elektroninen s\u00e4\u00e4t\u00f6<br \/>\nsahanter\u00e4n vaihto ty\u00f6kaluttomasti<br \/>\nty\u00f6kaluttomasti s\u00e4\u00e4tyv\u00e4 sahakenk\u00e4<br \/>\npehmustetut kahvaosat<br \/>\nsahanter\u00e4 puulle<br \/>\nKevyt ja helppo k\u00e4sitell\u00e4<\/p>\n<p>Tekniset tiedot:<br \/>\nJ\u00e4nnite: 230 V ~ 50 Hz<br \/>\nTeho: 950 W<br \/>\nIskuluku: 0-2800 iskua\/min<br \/>\nSahaussyvyys puu: maks. 200 mm<br \/>\nSahaussyvyys metalli: maks. 20 mm<br \/>\nVerkkojohto: 3 m<br \/>\nIskupituus: 28 mm<br \/>\nKoneen paino: 3,39 kg<\/span><\/p>\n","protected":false},"excerpt":{"rendered":"<p>Einhell Expert -sarjan puukkosaha TE-AP 950 E on laadukas saha, joka suoriutuu monenlaisista sahausteht\u00e4vist\u00e4 erinomaisesti ja n\u00e4ytt\u00e4\u00e4 kykyns\u00e4 erityisesti nopeissa sahauksissa. Saha on erityisen kevyt ja helppo k\u00e4sitell\u00e4.<\/p>\n","protected":false},"featured_media":5738,"comment_status":"closed","ping_status":"closed","template":"","meta":[],"product_brand":[],"product_cat":[207,229],"product_tag":[],"class_list":{"0":"post-5737","1":"product","2":"type-product","3":"status-publish","4":"has-post-thumbnail","6":"product_cat-koneet-tyokalut","7":"product_cat-sahkotyokalut","9":"first","10":"instock","11":"taxable","12":"shipping-taxable","13":"purchasable","14":"product-type-simple"},"_links":{"self":[{"href":"https:\/\/www.ksttukku.fi\/kauppa\/wp-json\/wp\/v2\/product\/5737","targetHints":{"allow":["GET"]}}],"collection":[{"href":"https:\/\/www.ksttukku.fi\/kauppa\/wp-json\/wp\/v2\/product"}],"about":[{"href":"https:\/\/www.ksttukku.fi\/kauppa\/wp-json\/wp\/v2\/types\/product"}],"replies":[{"embeddable":true,"href":"https:\/\/www.ksttukku.fi\/kauppa\/wp-json\/wp\/v2\/comments?post=5737"}],"wp:featuredmedia":[{"embeddable":true,"href":"https:\/\/www.ksttukku.fi\/kauppa\/wp-json\/wp\/v2\/media\/5738"}],"wp:attachment":[{"href":"https:\/\/www.ksttukku.fi\/kauppa\/wp-json\/wp\/v2\/media?parent=5737"}],"wp:term":[{"taxonomy":"product_brand","embeddable":true,"href":"https:\/\/www.ksttukku.fi\/kauppa\/wp-json\/wp\/v2\/product_brand?post=5737"},{"taxonomy":"product_cat","embeddable":true,"href":"https:\/\/www.ksttukku.fi\/kauppa\/wp-json\/wp\/v2\/product_cat?post=5737"},{"taxonomy":"product_tag","embeddable":true,"href":"https:\/\/www.ksttukku.fi\/kauppa\/wp-json\/wp\/v2\/product_tag?post=5737"}],"curies":[{"name":"wp","href":"https:\/\/api.w.org\/{rel}","templated":true}]}}