{"id":574,"date":"2018-02-17T13:56:03","date_gmt":"2018-02-17T11:56:03","guid":{"rendered":"http:\/\/www.ksttukku.fi\/kauppa\/?post_type=product&#038;p=574"},"modified":"2021-07-06T14:50:06","modified_gmt":"2021-07-06T11:50:06","slug":"firenze-2-os-pylvasvalaisin-valkoinen","status":"publish","type":"product","link":"https:\/\/www.ksttukku.fi\/kauppa\/tuote\/firenze-2-os-pylvasvalaisin-valkoinen\/","title":{"rendered":"Firenze 2-os pylv\u00e4svalaisin valkoinen 7234-250"},"content":{"rendered":"<p>Firenze-pylv\u00e4svalaisimet sopivat mainiosti suomalaiseen pientalomilj\u00f6\u00f6seen \u2013 yksin tai yhdess\u00e4 Firenze- sein\u00e4valaisimien kanssa, mustana tai valkoisena.<\/p>\n<p>Valaisimen mitat: 25 x 63 x 220 (cm)<\/p>\n<p>IP-luokitus: IP43<\/p>\n<p>Kanta: E27<\/p>\n<p>V\u00e4ri: valkoinen<\/p>\n","protected":false},"excerpt":{"rendered":"<p>Firenze-pylv\u00e4svalaisimet sopivat mainiosti suomalaiseen pientalomilj\u00f6\u00f6seen \u2013 yksin tai yhdess\u00e4 Firenze- sein\u00e4valaisimien kanssa, mustana tai valkoisena. Valaisimen mitat: 25 x 63 x 220 (cm) IP-luokitus: IP43 Kanta: E27 V\u00e4ri: valkoinen<\/p>\n","protected":false},"featured_media":575,"comment_status":"closed","ping_status":"closed","template":"","meta":[],"product_brand":[],"product_cat":[38,36],"product_tag":[],"class_list":{"0":"post-574","1":"product","2":"type-product","3":"status-publish","4":"has-post-thumbnail","6":"product_cat-pylvasvalaisimet","7":"product_cat-ulkovalaisimet","9":"first","10":"instock","11":"taxable","12":"shipping-taxable","13":"purchasable","14":"product-type-simple"},"_links":{"self":[{"href":"https:\/\/www.ksttukku.fi\/kauppa\/wp-json\/wp\/v2\/product\/574","targetHints":{"allow":["GET"]}}],"collection":[{"href":"https:\/\/www.ksttukku.fi\/kauppa\/wp-json\/wp\/v2\/product"}],"about":[{"href":"https:\/\/www.ksttukku.fi\/kauppa\/wp-json\/wp\/v2\/types\/product"}],"replies":[{"embeddable":true,"href":"https:\/\/www.ksttukku.fi\/kauppa\/wp-json\/wp\/v2\/comments?post=574"}],"wp:featuredmedia":[{"embeddable":true,"href":"https:\/\/www.ksttukku.fi\/kauppa\/wp-json\/wp\/v2\/media\/575"}],"wp:attachment":[{"href":"https:\/\/www.ksttukku.fi\/kauppa\/wp-json\/wp\/v2\/media?parent=574"}],"wp:term":[{"taxonomy":"product_brand","embeddable":true,"href":"https:\/\/www.ksttukku.fi\/kauppa\/wp-json\/wp\/v2\/product_brand?post=574"},{"taxonomy":"product_cat","embeddable":true,"href":"https:\/\/www.ksttukku.fi\/kauppa\/wp-json\/wp\/v2\/product_cat?post=574"},{"taxonomy":"product_tag","embeddable":true,"href":"https:\/\/www.ksttukku.fi\/kauppa\/wp-json\/wp\/v2\/product_tag?post=574"}],"curies":[{"name":"wp","href":"https:\/\/api.w.org\/{rel}","templated":true}]}}