{"id":5775,"date":"2020-04-22T15:51:50","date_gmt":"2020-04-22T12:51:50","guid":{"rendered":"https:\/\/www.ksttukku.fi\/kauppa\/?post_type=product&#038;p=5775"},"modified":"2023-03-31T14:44:14","modified_gmt":"2023-03-31T11:44:14","slug":"oleskeluryhma-alfred","status":"publish","type":"product","link":"https:\/\/www.ksttukku.fi\/kauppa\/tuote\/oleskeluryhma-alfred\/","title":{"rendered":"Oleskeluryhm\u00e4 Alfred"},"content":{"rendered":"<p>Kulmasohva ja p\u00f6yt\u00e4. P\u00f6yt\u00e4 110 x 110 x 68 cm. Karkaistu lasi 5 mm. Alumiinirunkoinen oleskeluryhm\u00e4. Vaahtomuovityynyt polyesterip\u00e4\u00e4llisell\u00e4, paksuus 10 cm. P\u00f6yd\u00e4ss\u00e4 korkeudens\u00e4\u00e4t\u00f6mekanismi.<\/p>\n","protected":false},"excerpt":{"rendered":"<p>Kulmasohva ja p\u00f6yt\u00e4. P\u00f6yt\u00e4 110 x 110 x 68 cm. Karkaistu lasi 5 mm. Alumiinirunkoinen oleskeluryhm\u00e4. Vaahtomuovityynyt polyesterip\u00e4\u00e4llisell\u00e4, paksuus 10 cm. P\u00f6yd\u00e4ss\u00e4 korkeudens\u00e4\u00e4t\u00f6mekanismi.<\/p>\n","protected":false},"featured_media":5776,"comment_status":"closed","ping_status":"closed","template":"","meta":[],"product_brand":[],"product_cat":[119,120],"product_tag":[],"class_list":{"0":"post-5775","1":"product","2":"type-product","3":"status-publish","4":"has-post-thumbnail","6":"product_cat-kesakalusteet","7":"product_cat-oleskeluryhmat","9":"first","10":"instock","11":"taxable","12":"shipping-taxable","13":"purchasable","14":"product-type-simple"},"_links":{"self":[{"href":"https:\/\/www.ksttukku.fi\/kauppa\/wp-json\/wp\/v2\/product\/5775","targetHints":{"allow":["GET"]}}],"collection":[{"href":"https:\/\/www.ksttukku.fi\/kauppa\/wp-json\/wp\/v2\/product"}],"about":[{"href":"https:\/\/www.ksttukku.fi\/kauppa\/wp-json\/wp\/v2\/types\/product"}],"replies":[{"embeddable":true,"href":"https:\/\/www.ksttukku.fi\/kauppa\/wp-json\/wp\/v2\/comments?post=5775"}],"wp:featuredmedia":[{"embeddable":true,"href":"https:\/\/www.ksttukku.fi\/kauppa\/wp-json\/wp\/v2\/media\/5776"}],"wp:attachment":[{"href":"https:\/\/www.ksttukku.fi\/kauppa\/wp-json\/wp\/v2\/media?parent=5775"}],"wp:term":[{"taxonomy":"product_brand","embeddable":true,"href":"https:\/\/www.ksttukku.fi\/kauppa\/wp-json\/wp\/v2\/product_brand?post=5775"},{"taxonomy":"product_cat","embeddable":true,"href":"https:\/\/www.ksttukku.fi\/kauppa\/wp-json\/wp\/v2\/product_cat?post=5775"},{"taxonomy":"product_tag","embeddable":true,"href":"https:\/\/www.ksttukku.fi\/kauppa\/wp-json\/wp\/v2\/product_tag?post=5775"}],"curies":[{"name":"wp","href":"https:\/\/api.w.org\/{rel}","templated":true}]}}