{"id":5778,"date":"2020-04-22T16:49:01","date_gmt":"2020-04-22T13:49:01","guid":{"rendered":"https:\/\/www.ksttukku.fi\/kauppa\/?post_type=product&#038;p=5778"},"modified":"2020-04-22T16:51:48","modified_gmt":"2020-04-22T13:51:48","slug":"airam-optinen-palovaroitin-9v","status":"publish","type":"product","link":"https:\/\/www.ksttukku.fi\/kauppa\/tuote\/airam-optinen-palovaroitin-9v\/","title":{"rendered":"Airam optinen palovaroitin 9V"},"content":{"rendered":"<p>Optinen palovaroitin tunnistaa n\u00e4kyv\u00e4n savun ja reagoi nopeasti kuuluvalla h\u00e4lytys\u00e4\u00e4nell\u00e4. EN 14604 hyv\u00e4ksytty.<\/p>\n<p>Palovaroittimen halkaisija 101 mm. Paristo 9V mukana.<\/p>\n","protected":false},"excerpt":{"rendered":"<p>Optinen palovaroitin tunnistaa n\u00e4kyv\u00e4n savun ja reagoi nopeasti kuuluvalla h\u00e4lytys\u00e4\u00e4nell\u00e4. EN 14604 hyv\u00e4ksytty. Palovaroittimen halkaisija 101 mm. Paristo 9V mukana.<\/p>\n","protected":false},"featured_media":5779,"comment_status":"closed","ping_status":"closed","template":"","meta":[],"product_brand":[],"product_cat":[346],"product_tag":[],"class_list":{"0":"post-5778","1":"product","2":"type-product","3":"status-publish","4":"has-post-thumbnail","6":"product_cat-varoittimet","8":"first","9":"instock","10":"taxable","11":"shipping-taxable","12":"purchasable","13":"product-type-simple"},"_links":{"self":[{"href":"https:\/\/www.ksttukku.fi\/kauppa\/wp-json\/wp\/v2\/product\/5778","targetHints":{"allow":["GET"]}}],"collection":[{"href":"https:\/\/www.ksttukku.fi\/kauppa\/wp-json\/wp\/v2\/product"}],"about":[{"href":"https:\/\/www.ksttukku.fi\/kauppa\/wp-json\/wp\/v2\/types\/product"}],"replies":[{"embeddable":true,"href":"https:\/\/www.ksttukku.fi\/kauppa\/wp-json\/wp\/v2\/comments?post=5778"}],"wp:featuredmedia":[{"embeddable":true,"href":"https:\/\/www.ksttukku.fi\/kauppa\/wp-json\/wp\/v2\/media\/5779"}],"wp:attachment":[{"href":"https:\/\/www.ksttukku.fi\/kauppa\/wp-json\/wp\/v2\/media?parent=5778"}],"wp:term":[{"taxonomy":"product_brand","embeddable":true,"href":"https:\/\/www.ksttukku.fi\/kauppa\/wp-json\/wp\/v2\/product_brand?post=5778"},{"taxonomy":"product_cat","embeddable":true,"href":"https:\/\/www.ksttukku.fi\/kauppa\/wp-json\/wp\/v2\/product_cat?post=5778"},{"taxonomy":"product_tag","embeddable":true,"href":"https:\/\/www.ksttukku.fi\/kauppa\/wp-json\/wp\/v2\/product_tag?post=5778"}],"curies":[{"name":"wp","href":"https:\/\/api.w.org\/{rel}","templated":true}]}}