{"id":578,"date":"2018-02-17T14:13:23","date_gmt":"2018-02-17T12:13:23","guid":{"rendered":"http:\/\/www.ksttukku.fi\/kauppa\/?post_type=product&#038;p=578"},"modified":"2022-07-20T11:18:22","modified_gmt":"2022-07-20T08:18:22","slug":"firenze-3-os-pylvasvalaisin-valkoinen","status":"publish","type":"product","link":"https:\/\/www.ksttukku.fi\/kauppa\/tuote\/firenze-3-os-pylvasvalaisin-valkoinen\/","title":{"rendered":"Firenze 3-os pylv\u00e4svalaisin valkoinen 7217-250"},"content":{"rendered":"<p>Firenze-pylv\u00e4svalaisimet sopivat mainiosti suomalaiseen pientalomilj\u00f6\u00f6seen \u2013 yksin tai yhdess\u00e4 Firenze- sein\u00e4valaisimien kanssa, mustana tai valkoisena.<\/p>\n<p>Valaisimen mitat: 57,5 x 57,5 x 220 (cm)<\/p>\n<p>IP-luokitus: IP43<\/p>\n<p>Kanta: E27<\/p>\n<p>V\u00e4ri: valkoinen<\/p>\n","protected":false},"excerpt":{"rendered":"<p>Firenze-pylv\u00e4svalaisimet sopivat mainiosti suomalaiseen pientalomilj\u00f6\u00f6seen \u2013 yksin tai yhdess\u00e4 Firenze- sein\u00e4valaisimien kanssa, mustana tai valkoisena. Valaisimen mitat: 57,5 x 57,5 x 220 (cm) IP-luokitus: IP43 Kanta: E27 V\u00e4ri: valkoinen<\/p>\n","protected":false},"featured_media":579,"comment_status":"closed","ping_status":"closed","template":"","meta":[],"product_brand":[],"product_cat":[38,36],"product_tag":[],"class_list":{"0":"post-578","1":"product","2":"type-product","3":"status-publish","4":"has-post-thumbnail","6":"product_cat-pylvasvalaisimet","7":"product_cat-ulkovalaisimet","9":"first","10":"instock","11":"taxable","12":"shipping-taxable","13":"purchasable","14":"product-type-simple"},"_links":{"self":[{"href":"https:\/\/www.ksttukku.fi\/kauppa\/wp-json\/wp\/v2\/product\/578","targetHints":{"allow":["GET"]}}],"collection":[{"href":"https:\/\/www.ksttukku.fi\/kauppa\/wp-json\/wp\/v2\/product"}],"about":[{"href":"https:\/\/www.ksttukku.fi\/kauppa\/wp-json\/wp\/v2\/types\/product"}],"replies":[{"embeddable":true,"href":"https:\/\/www.ksttukku.fi\/kauppa\/wp-json\/wp\/v2\/comments?post=578"}],"wp:featuredmedia":[{"embeddable":true,"href":"https:\/\/www.ksttukku.fi\/kauppa\/wp-json\/wp\/v2\/media\/579"}],"wp:attachment":[{"href":"https:\/\/www.ksttukku.fi\/kauppa\/wp-json\/wp\/v2\/media?parent=578"}],"wp:term":[{"taxonomy":"product_brand","embeddable":true,"href":"https:\/\/www.ksttukku.fi\/kauppa\/wp-json\/wp\/v2\/product_brand?post=578"},{"taxonomy":"product_cat","embeddable":true,"href":"https:\/\/www.ksttukku.fi\/kauppa\/wp-json\/wp\/v2\/product_cat?post=578"},{"taxonomy":"product_tag","embeddable":true,"href":"https:\/\/www.ksttukku.fi\/kauppa\/wp-json\/wp\/v2\/product_tag?post=578"}],"curies":[{"name":"wp","href":"https:\/\/api.w.org\/{rel}","templated":true}]}}