{"id":5780,"date":"2020-04-22T17:00:06","date_gmt":"2020-04-22T14:00:06","guid":{"rendered":"https:\/\/www.ksttukku.fi\/kauppa\/?post_type=product&#038;p=5780"},"modified":"2020-04-22T17:44:55","modified_gmt":"2020-04-22T14:44:55","slug":"airam-langattomasti-ketjutettava-palovaroitin","status":"publish","type":"product","link":"https:\/\/www.ksttukku.fi\/kauppa\/tuote\/airam-langattomasti-ketjutettava-palovaroitin\/","title":{"rendered":"Airam ketjutettava palovaroitin"},"content":{"rendered":"<p>Toimii 40 m kantamalla esteett\u00f6m\u00e4ss\u00e4 tilassa: kun huoneessa tapahtuu h\u00e4lytys, h\u00e4lytt\u00e4v\u00e4t my\u00f6s muut, muissa tiloissa olevat, samaan ketjuun liitetyt h\u00e4lyttimet. Tunnistaa n\u00e4kyv\u00e4n savun ja ragoi nopeasti kuuluvalla \u00e4\u00e4nimerkill\u00e4. EN14604 hyv\u00e4ksytty.<\/p>\n<p>Paristot: 9V + 3 kpl AA mukana.<\/p>\n","protected":false},"excerpt":{"rendered":"<p>Toimii 40 m kantamalla esteett\u00f6m\u00e4ss\u00e4 tilassa: kun huoneessa tapahtuu h\u00e4lytys, h\u00e4lytt\u00e4v\u00e4t my\u00f6s muut, muissa tiloissa olevat, samaan ketjuun liitetyt h\u00e4lyttimet. Tunnistaa n\u00e4kyv\u00e4n savun ja ragoi nopeasti kuuluvalla \u00e4\u00e4nimerkill\u00e4. EN14604 hyv\u00e4ksytty. Paristot: 9V + 3 kpl AA mukana.<\/p>\n","protected":false},"featured_media":5781,"comment_status":"closed","ping_status":"closed","template":"","meta":[],"product_brand":[],"product_cat":[346],"product_tag":[],"class_list":{"0":"post-5780","1":"product","2":"type-product","3":"status-publish","4":"has-post-thumbnail","6":"product_cat-varoittimet","8":"first","9":"instock","10":"taxable","11":"shipping-taxable","12":"purchasable","13":"product-type-simple"},"_links":{"self":[{"href":"https:\/\/www.ksttukku.fi\/kauppa\/wp-json\/wp\/v2\/product\/5780","targetHints":{"allow":["GET"]}}],"collection":[{"href":"https:\/\/www.ksttukku.fi\/kauppa\/wp-json\/wp\/v2\/product"}],"about":[{"href":"https:\/\/www.ksttukku.fi\/kauppa\/wp-json\/wp\/v2\/types\/product"}],"replies":[{"embeddable":true,"href":"https:\/\/www.ksttukku.fi\/kauppa\/wp-json\/wp\/v2\/comments?post=5780"}],"wp:featuredmedia":[{"embeddable":true,"href":"https:\/\/www.ksttukku.fi\/kauppa\/wp-json\/wp\/v2\/media\/5781"}],"wp:attachment":[{"href":"https:\/\/www.ksttukku.fi\/kauppa\/wp-json\/wp\/v2\/media?parent=5780"}],"wp:term":[{"taxonomy":"product_brand","embeddable":true,"href":"https:\/\/www.ksttukku.fi\/kauppa\/wp-json\/wp\/v2\/product_brand?post=5780"},{"taxonomy":"product_cat","embeddable":true,"href":"https:\/\/www.ksttukku.fi\/kauppa\/wp-json\/wp\/v2\/product_cat?post=5780"},{"taxonomy":"product_tag","embeddable":true,"href":"https:\/\/www.ksttukku.fi\/kauppa\/wp-json\/wp\/v2\/product_tag?post=5780"}],"curies":[{"name":"wp","href":"https:\/\/api.w.org\/{rel}","templated":true}]}}