{"id":5805,"date":"2020-04-24T16:59:22","date_gmt":"2020-04-24T13:59:22","guid":{"rendered":"https:\/\/www.ksttukku.fi\/kauppa\/?post_type=product&#038;p=5805"},"modified":"2020-04-24T16:59:22","modified_gmt":"2020-04-24T13:59:22","slug":"ryhmakeskus-kolmirivinen-ip65","status":"publish","type":"product","link":"https:\/\/www.ksttukku.fi\/kauppa\/tuote\/ryhmakeskus-kolmirivinen-ip65\/","title":{"rendered":"Ryhm\u00e4keskus kolmirivinen IP65"},"content":{"rendered":"<p><span id=\"data1\" class=\"pt1\">Ominaisuudet:<br \/>\npinta-asennettava<br \/>\nhelppo asentaa, soveltuu sis\u00e4lle ja ulos<br \/>\nmahdollisuus lis\u00e4t\u00e4 helposti komponentteja (varatila 10 moduulia)<br \/>\nvalmistettu Suomessa<br \/>\nTekniset tiedot:<br \/>\nkotelointiluokka IP65<br \/>\niskunkest\u00e4vyys IK08<br \/>\nnimellisvirta 50 A<br \/>\nsuojaeristetty 2-luokka<br \/>\nl\u00e4pivientiaihiot alhaalla, ylh\u00e4\u00e4ll\u00e4 ja sivuilla<br \/>\nmitat: 563 x 326 x 150 mm<br \/>\nKeskuskomponentit:<br \/>\np\u00e4\u00e4kytkin 63A, 4-napainen<br \/>\njohdonsuojakatkaisijat 4 kpl C10 A, 6kA 1-napainen<br \/>\n1. vikavirtasuojakytkin 4-napainen 40A\/30 mA, jonka takana 3 kpl johdonsuojakatkaisijoita C16 A ja 2 kpl kpl johdonsuojakatkaisijoita C10 A<br \/>\n2. vikavirtasuojakytkin 4-napainen 40A\/30 mA, jonka takana 3 kpl johdonsuojakatkaisijoita C16 A<br \/>\nN-kisko x3kpl ja PE-kisko<\/span><\/p>\n","protected":false},"excerpt":{"rendered":"<p>Asennusvalmis kolmirivinen ryhm\u00e4keskus esimerkiksi autotalleihin, piharakennuksiin ja m\u00f6kkeihin.<\/p>\n","protected":false},"featured_media":5806,"comment_status":"closed","ping_status":"closed","template":"","meta":[],"product_brand":[],"product_cat":[347,230],"product_tag":[],"class_list":{"0":"post-5805","1":"product","2":"type-product","3":"status-publish","4":"has-post-thumbnail","6":"product_cat-keskukset","7":"product_cat-sahkotarvikkeet","9":"first","10":"instock","11":"taxable","12":"shipping-taxable","13":"purchasable","14":"product-type-simple"},"_links":{"self":[{"href":"https:\/\/www.ksttukku.fi\/kauppa\/wp-json\/wp\/v2\/product\/5805","targetHints":{"allow":["GET"]}}],"collection":[{"href":"https:\/\/www.ksttukku.fi\/kauppa\/wp-json\/wp\/v2\/product"}],"about":[{"href":"https:\/\/www.ksttukku.fi\/kauppa\/wp-json\/wp\/v2\/types\/product"}],"replies":[{"embeddable":true,"href":"https:\/\/www.ksttukku.fi\/kauppa\/wp-json\/wp\/v2\/comments?post=5805"}],"wp:featuredmedia":[{"embeddable":true,"href":"https:\/\/www.ksttukku.fi\/kauppa\/wp-json\/wp\/v2\/media\/5806"}],"wp:attachment":[{"href":"https:\/\/www.ksttukku.fi\/kauppa\/wp-json\/wp\/v2\/media?parent=5805"}],"wp:term":[{"taxonomy":"product_brand","embeddable":true,"href":"https:\/\/www.ksttukku.fi\/kauppa\/wp-json\/wp\/v2\/product_brand?post=5805"},{"taxonomy":"product_cat","embeddable":true,"href":"https:\/\/www.ksttukku.fi\/kauppa\/wp-json\/wp\/v2\/product_cat?post=5805"},{"taxonomy":"product_tag","embeddable":true,"href":"https:\/\/www.ksttukku.fi\/kauppa\/wp-json\/wp\/v2\/product_tag?post=5805"}],"curies":[{"name":"wp","href":"https:\/\/api.w.org\/{rel}","templated":true}]}}