{"id":5809,"date":"2020-04-24T17:56:27","date_gmt":"2020-04-24T14:56:27","guid":{"rendered":"https:\/\/www.ksttukku.fi\/kauppa\/?post_type=product&#038;p=5809"},"modified":"2020-04-24T17:56:28","modified_gmt":"2020-04-24T14:56:28","slug":"ryhmakeskus-yksirivinen-ip65","status":"publish","type":"product","link":"https:\/\/www.ksttukku.fi\/kauppa\/tuote\/ryhmakeskus-yksirivinen-ip65\/","title":{"rendered":"Ryhm\u00e4keskus yksirivinen IP65"},"content":{"rendered":"<p><span id=\"data1\" class=\"pt1\">pinta-asennettava<br \/>\nhelppo asentaa, soveltuu sek\u00e4 sis\u00e4lle ett\u00e4 ulos<br \/>\nmahdollisuus lis\u00e4t\u00e4 helposti komponentteja (varatila 2 moduulia)<br \/>\nvalmistettu Suomessa<br \/>\nTekniset tiedot:<br \/>\nkotelointiluokka IP65<br \/>\niskunkest\u00e4vyys IK08<br \/>\nnimellisvirta 40 A<br \/>\nsuojaeristetty 2-luokka<br \/>\nl\u00e4pivientiaihiot alhaalla ja ylh\u00e4\u00e4ll\u00e4<br \/>\nmitat: 217x307x105 mm<br \/>\nKeskuskomponentit:<br \/>\np\u00e4\u00e4kytkin 40A, 3-napainen<br \/>\nvikavirtasuojakytkin 4-napainen 40A\/30 mA, jonka takana 3 kpl johdonsuojakatkaisijoita C16 A<br \/>\nN- ja PE-kisko<\/span><\/p>\n","protected":false},"excerpt":{"rendered":"<p>Asennusvalmis yksirivinen ryhm\u00e4keskus esimerkiksi autotalleihin, piharakennuksiin ja m\u00f6kkeihin.<\/p>\n","protected":false},"featured_media":5810,"comment_status":"closed","ping_status":"closed","template":"","meta":[],"product_brand":[],"product_cat":[347,230],"product_tag":[],"class_list":{"0":"post-5809","1":"product","2":"type-product","3":"status-publish","4":"has-post-thumbnail","6":"product_cat-keskukset","7":"product_cat-sahkotarvikkeet","9":"first","10":"instock","11":"taxable","12":"shipping-taxable","13":"purchasable","14":"product-type-simple"},"_links":{"self":[{"href":"https:\/\/www.ksttukku.fi\/kauppa\/wp-json\/wp\/v2\/product\/5809","targetHints":{"allow":["GET"]}}],"collection":[{"href":"https:\/\/www.ksttukku.fi\/kauppa\/wp-json\/wp\/v2\/product"}],"about":[{"href":"https:\/\/www.ksttukku.fi\/kauppa\/wp-json\/wp\/v2\/types\/product"}],"replies":[{"embeddable":true,"href":"https:\/\/www.ksttukku.fi\/kauppa\/wp-json\/wp\/v2\/comments?post=5809"}],"wp:featuredmedia":[{"embeddable":true,"href":"https:\/\/www.ksttukku.fi\/kauppa\/wp-json\/wp\/v2\/media\/5810"}],"wp:attachment":[{"href":"https:\/\/www.ksttukku.fi\/kauppa\/wp-json\/wp\/v2\/media?parent=5809"}],"wp:term":[{"taxonomy":"product_brand","embeddable":true,"href":"https:\/\/www.ksttukku.fi\/kauppa\/wp-json\/wp\/v2\/product_brand?post=5809"},{"taxonomy":"product_cat","embeddable":true,"href":"https:\/\/www.ksttukku.fi\/kauppa\/wp-json\/wp\/v2\/product_cat?post=5809"},{"taxonomy":"product_tag","embeddable":true,"href":"https:\/\/www.ksttukku.fi\/kauppa\/wp-json\/wp\/v2\/product_tag?post=5809"}],"curies":[{"name":"wp","href":"https:\/\/api.w.org\/{rel}","templated":true}]}}