{"id":5816,"date":"2020-04-27T17:42:22","date_gmt":"2020-04-27T14:42:22","guid":{"rendered":"https:\/\/www.ksttukku.fi\/kauppa\/?post_type=product&#038;p=5816"},"modified":"2026-01-30T15:25:25","modified_gmt":"2026-01-30T13:25:25","slug":"kuramatto-parijs-200cm-antrasiitti","status":"publish","type":"product","link":"https:\/\/www.ksttukku.fi\/kauppa\/tuote\/kuramatto-parijs-200cm-antrasiitti\/","title":{"rendered":"Kuramatto Parijs 200cm antrasiitti"},"content":{"rendered":"<div id=\"accordion-text-0\" class=\"accordion-text\">\n<p>Parijs on kovaa kulutusta kest\u00e4v\u00e4 kuramatto, joka est\u00e4\u00e4 lian ja kosteuden siirtymisen ulkoa sis\u00e4tiloihin. Matto pysyy hyvin paikoillaan lateksipohjan ansiosta.<\/p>\n<p>Materiaali: 100 % polypropeeni<br \/>\npohja: DB( &nbsp;vinyylipohja, joka on kest\u00e4v\u00e4, joustava ja luistamaton)<\/p>\n<p>Nukkapaino 780 g\/m2, kokonaispaino 1390 g\/m2, nukkakorkeus 3,5 mm, kokonaiskorkeus 7,00 mm<\/p>\n<p>Kodin tilat: k\u00e4ytt\u00f6luokka 22+, normaali k\u00e4ytt\u00f6 esim. eteistilat<\/p>\n<p>Hoito-ohje: Tahrat pyyhit\u00e4\u00e4n tuoteeltaan kostealla liinalla, imurointi, tarvittaessa k\u00e4sinpesu miedolla pesuaineella 30 asteessa, tasokuivaus.<\/p>\n<p>Leveys: 200 cm<\/p>\n<\/div>\n","protected":false},"excerpt":{"rendered":"<p>Parijs on kovaa kulutusta kest\u00e4v\u00e4 kuramatto, joka est\u00e4\u00e4 lian ja kosteuden siirtymisen ulkoa sis\u00e4tiloihin. Matto pysyy hyvin paikoillaan lateksipohjan ansiosta. Materiaali: 100 % polypropeeni pohja: DB( &nbsp;vinyylipohja, joka on kest\u00e4v\u00e4, joustava ja luistamaton) Nukkapaino 780 g\/m2, kokonaispaino 1390 g\/m2, nukkakorkeus 3,5 mm, kokonaiskorkeus 7,00 mm Kodin tilat: k\u00e4ytt\u00f6luokka 22+, normaali k\u00e4ytt\u00f6 esim. eteistilat Hoito-ohje: Tahrat [&hellip;]<\/p>\n","protected":false},"featured_media":5817,"comment_status":"closed","ping_status":"closed","template":"","meta":[],"product_brand":[],"product_cat":[26,22],"product_tag":[],"class_list":{"0":"post-5816","1":"product","2":"type-product","3":"status-publish","4":"has-post-thumbnail","6":"product_cat-kuramatot","7":"product_cat-matot","9":"first","10":"instock","11":"taxable","12":"shipping-taxable","13":"purchasable","14":"product-type-simple"},"_links":{"self":[{"href":"https:\/\/www.ksttukku.fi\/kauppa\/wp-json\/wp\/v2\/product\/5816","targetHints":{"allow":["GET"]}}],"collection":[{"href":"https:\/\/www.ksttukku.fi\/kauppa\/wp-json\/wp\/v2\/product"}],"about":[{"href":"https:\/\/www.ksttukku.fi\/kauppa\/wp-json\/wp\/v2\/types\/product"}],"replies":[{"embeddable":true,"href":"https:\/\/www.ksttukku.fi\/kauppa\/wp-json\/wp\/v2\/comments?post=5816"}],"wp:featuredmedia":[{"embeddable":true,"href":"https:\/\/www.ksttukku.fi\/kauppa\/wp-json\/wp\/v2\/media\/5817"}],"wp:attachment":[{"href":"https:\/\/www.ksttukku.fi\/kauppa\/wp-json\/wp\/v2\/media?parent=5816"}],"wp:term":[{"taxonomy":"product_brand","embeddable":true,"href":"https:\/\/www.ksttukku.fi\/kauppa\/wp-json\/wp\/v2\/product_brand?post=5816"},{"taxonomy":"product_cat","embeddable":true,"href":"https:\/\/www.ksttukku.fi\/kauppa\/wp-json\/wp\/v2\/product_cat?post=5816"},{"taxonomy":"product_tag","embeddable":true,"href":"https:\/\/www.ksttukku.fi\/kauppa\/wp-json\/wp\/v2\/product_tag?post=5816"}],"curies":[{"name":"wp","href":"https:\/\/api.w.org\/{rel}","templated":true}]}}