{"id":5818,"date":"2020-04-27T17:50:01","date_gmt":"2020-04-27T14:50:01","guid":{"rendered":"https:\/\/www.ksttukku.fi\/kauppa\/?post_type=product&#038;p=5818"},"modified":"2026-01-30T15:10:58","modified_gmt":"2026-01-30T13:10:58","slug":"kuramatto-parijs-133cm-antrasiitti","status":"publish","type":"product","link":"https:\/\/www.ksttukku.fi\/kauppa\/tuote\/kuramatto-parijs-133cm-antrasiitti\/","title":{"rendered":"Kuramatto Parijs 133cm antrasiitti"},"content":{"rendered":"<p>Parijs on kovaa kulutusta kest\u00e4v\u00e4 kuramatto, joka est\u00e4\u00e4 lian ja kosteuden siirtymisen ulkoa sis\u00e4tiloihin. Matto pysyy hyvin paikoillaan lateksipohjan ansiosta.<\/p>\n<p>Materiaali: 100 % polypropeeni<br \/>\nPohja: DB( &nbsp;vinyylipohja, joka on kest\u00e4v\u00e4, joustava ja luistamaton)<\/p>\n<p>Nukkapaino 780 g\/m2, kokonaispaino 1390 g\/m2, nukkakorkeus 3,5 mm, kokonaiskorkeus 7,00 mm<\/p>\n<p>Kodin tilat: k\u00e4ytt\u00f6luokka 22+, normaali k\u00e4ytt\u00f6 esim. eteistilat<\/p>\n<p>Hoito-ohje: Tahrat pyyhit\u00e4\u00e4n tuoteeltaan kostealla liinalla, imurointi, tarvittaessa k\u00e4sinpesu miedolla pesuaineella 30 asteessa, tasokuivaus.<\/p>\n<p>Leveys: 133 cm<\/p>\n","protected":false},"excerpt":{"rendered":"<p>Parijs on kovaa kulutusta kest\u00e4v\u00e4 kuramatto, joka est\u00e4\u00e4 lian ja kosteuden siirtymisen ulkoa sis\u00e4tiloihin. Matto pysyy hyvin paikoillaan lateksipohjan ansiosta. Materiaali: 100 % polypropeeni Pohja: DB( &nbsp;vinyylipohja, joka on kest\u00e4v\u00e4, joustava ja luistamaton) Nukkapaino 780 g\/m2, kokonaispaino 1390 g\/m2, nukkakorkeus 3,5 mm, kokonaiskorkeus 7,00 mm Kodin tilat: k\u00e4ytt\u00f6luokka 22+, normaali k\u00e4ytt\u00f6 esim. eteistilat Hoito-ohje: Tahrat [&hellip;]<\/p>\n","protected":false},"featured_media":5817,"comment_status":"closed","ping_status":"closed","template":"","meta":[],"product_brand":[],"product_cat":[26,22],"product_tag":[],"class_list":{"0":"post-5818","1":"product","2":"type-product","3":"status-publish","4":"has-post-thumbnail","6":"product_cat-kuramatot","7":"product_cat-matot","9":"first","10":"instock","11":"taxable","12":"shipping-taxable","13":"purchasable","14":"product-type-simple"},"_links":{"self":[{"href":"https:\/\/www.ksttukku.fi\/kauppa\/wp-json\/wp\/v2\/product\/5818","targetHints":{"allow":["GET"]}}],"collection":[{"href":"https:\/\/www.ksttukku.fi\/kauppa\/wp-json\/wp\/v2\/product"}],"about":[{"href":"https:\/\/www.ksttukku.fi\/kauppa\/wp-json\/wp\/v2\/types\/product"}],"replies":[{"embeddable":true,"href":"https:\/\/www.ksttukku.fi\/kauppa\/wp-json\/wp\/v2\/comments?post=5818"}],"wp:featuredmedia":[{"embeddable":true,"href":"https:\/\/www.ksttukku.fi\/kauppa\/wp-json\/wp\/v2\/media\/5817"}],"wp:attachment":[{"href":"https:\/\/www.ksttukku.fi\/kauppa\/wp-json\/wp\/v2\/media?parent=5818"}],"wp:term":[{"taxonomy":"product_brand","embeddable":true,"href":"https:\/\/www.ksttukku.fi\/kauppa\/wp-json\/wp\/v2\/product_brand?post=5818"},{"taxonomy":"product_cat","embeddable":true,"href":"https:\/\/www.ksttukku.fi\/kauppa\/wp-json\/wp\/v2\/product_cat?post=5818"},{"taxonomy":"product_tag","embeddable":true,"href":"https:\/\/www.ksttukku.fi\/kauppa\/wp-json\/wp\/v2\/product_tag?post=5818"}],"curies":[{"name":"wp","href":"https:\/\/api.w.org\/{rel}","templated":true}]}}