{"id":5819,"date":"2020-04-27T18:10:44","date_gmt":"2020-04-27T15:10:44","guid":{"rendered":"https:\/\/www.ksttukku.fi\/kauppa\/?post_type=product&#038;p=5819"},"modified":"2021-08-26T15:33:27","modified_gmt":"2021-08-26T12:33:27","slug":"monikayttomatto-decor-200cm-antrasiitti","status":"publish","type":"product","link":"https:\/\/www.ksttukku.fi\/kauppa\/tuote\/monikayttomatto-decor-200cm-antrasiitti\/","title":{"rendered":"Neulehuopamatto Decor 200cm antrasiitti"},"content":{"rendered":"<div class=\"tuotetiedot \">\n<p>&#8211; Voidaan k\u00e4ytt\u00e4\u00e4 auton sisustusmattona<\/p>\n<p>&#8211; Voidaan k\u00e4ytt\u00e4\u00e4 kaiuttimien verhoilussa<\/p>\n<\/div>\n<p>-Leveys 200 cm<\/p>\n<p>-Paksuus 5 mm<\/p>\n<p>&#8211;<\/p>\n","protected":false},"excerpt":{"rendered":"<p>&#8211; Voidaan k\u00e4ytt\u00e4\u00e4 auton sisustusmattona &#8211; Voidaan k\u00e4ytt\u00e4\u00e4 kaiuttimien verhoilussa -Leveys 200 cm -Paksuus 5 mm &#8211;<\/p>\n","protected":false},"featured_media":5820,"comment_status":"closed","ping_status":"closed","template":"","meta":[],"product_brand":[],"product_cat":[26,22],"product_tag":[],"class_list":{"0":"post-5819","1":"product","2":"type-product","3":"status-publish","4":"has-post-thumbnail","6":"product_cat-kuramatot","7":"product_cat-matot","9":"first","10":"instock","11":"taxable","12":"shipping-taxable","13":"purchasable","14":"product-type-simple"},"_links":{"self":[{"href":"https:\/\/www.ksttukku.fi\/kauppa\/wp-json\/wp\/v2\/product\/5819","targetHints":{"allow":["GET"]}}],"collection":[{"href":"https:\/\/www.ksttukku.fi\/kauppa\/wp-json\/wp\/v2\/product"}],"about":[{"href":"https:\/\/www.ksttukku.fi\/kauppa\/wp-json\/wp\/v2\/types\/product"}],"replies":[{"embeddable":true,"href":"https:\/\/www.ksttukku.fi\/kauppa\/wp-json\/wp\/v2\/comments?post=5819"}],"wp:featuredmedia":[{"embeddable":true,"href":"https:\/\/www.ksttukku.fi\/kauppa\/wp-json\/wp\/v2\/media\/5820"}],"wp:attachment":[{"href":"https:\/\/www.ksttukku.fi\/kauppa\/wp-json\/wp\/v2\/media?parent=5819"}],"wp:term":[{"taxonomy":"product_brand","embeddable":true,"href":"https:\/\/www.ksttukku.fi\/kauppa\/wp-json\/wp\/v2\/product_brand?post=5819"},{"taxonomy":"product_cat","embeddable":true,"href":"https:\/\/www.ksttukku.fi\/kauppa\/wp-json\/wp\/v2\/product_cat?post=5819"},{"taxonomy":"product_tag","embeddable":true,"href":"https:\/\/www.ksttukku.fi\/kauppa\/wp-json\/wp\/v2\/product_tag?post=5819"}],"curies":[{"name":"wp","href":"https:\/\/api.w.org\/{rel}","templated":true}]}}