{"id":5831,"date":"2020-04-29T17:53:40","date_gmt":"2020-04-29T14:53:40","guid":{"rendered":"https:\/\/www.ksttukku.fi\/kauppa\/?post_type=product&#038;p=5831"},"modified":"2020-06-13T13:44:27","modified_gmt":"2020-06-13T10:44:27","slug":"terassilammitin-bluetooth-kaiuttimella","status":"publish","type":"product","link":"https:\/\/www.ksttukku.fi\/kauppa\/tuote\/terassilammitin-bluetooth-kaiuttimella\/","title":{"rendered":"Terassil\u00e4mmitin bluetooth-kaiuttimella"},"content":{"rendered":"<p><span id=\"data1\" class=\"pt1\">Terassil\u00e4mmittimen avulla voit nauttia terassista tai parvekkeesta pidemp\u00e4\u00e4n, sill\u00e4 terassikelit alkavat aiemmin kev\u00e4\u00e4ll\u00e4 ja jatkuvat my\u00f6hemp\u00e4\u00e4n syksyll\u00e4.<\/span><\/p>\n<p>Premium terassil\u00e4mmittimess\u00e4 on kaksi l\u00e4mmitystehoa: matala 1000 W ja korkea 2000 W. L\u00e4mmittimen voi ajastaa kaukos\u00e4\u00e4timest\u00e4 v\u00e4lille 1 &#8211; 24 tuntia. Kun l\u00e4mmittimen Bluetooth-kytkin on kytketty p\u00e4\u00e4lle, voit soittaa puhelimestasi musiikkia kuulumaan l\u00e4mmittimen kaiuttimesta.<\/p>\n<p>Varustus:<br \/>\n&#8211; kauko-ohjain<br \/>\n&#8211; 24 h ajastin<br \/>\n&#8211; Bluetooth-kaiutin<\/p>\n<p>Tekniset tiedot:<br \/>\n&#8211; l\u00e4mmitystehot 1000 W\/2000 W<br \/>\n&#8211; golden tube<br \/>\n&#8211; anodisoitu alumiiniseoskotelo<br \/>\n&#8211; korkealaatuinen alumiiniheijastin<br \/>\n&#8211; mekaaninen keinukytkin on\/off<br \/>\n&#8211; 1,7 m kaapeli<br \/>\n&#8211; IP65 (44)<\/p>\n","protected":false},"excerpt":{"rendered":"<p>Premium terassil\u00e4mmitin on kaiuttimella varustettu n\u00e4ytt\u00e4v\u00e4 l\u00e4mmitin, joka tuo l\u00e4mp\u00f6\u00e4 ja tunnelmaa kotiterassille, patiolle, parvekkeelle tai m\u00f6kille. Soita l\u00e4mmittimest\u00e4 Bluetoothin avulla haluamaasi musiikkia ja nauti l\u00e4mm\u00f6st\u00e4!<\/p>\n","protected":false},"featured_media":5832,"comment_status":"closed","ping_status":"closed","template":"","meta":[],"product_brand":[],"product_cat":[125],"product_tag":[],"class_list":{"0":"post-5831","1":"product","2":"type-product","3":"status-publish","4":"has-post-thumbnail","6":"product_cat-terassilammittimet","8":"first","9":"instock","10":"taxable","11":"shipping-taxable","12":"purchasable","13":"product-type-simple"},"_links":{"self":[{"href":"https:\/\/www.ksttukku.fi\/kauppa\/wp-json\/wp\/v2\/product\/5831","targetHints":{"allow":["GET"]}}],"collection":[{"href":"https:\/\/www.ksttukku.fi\/kauppa\/wp-json\/wp\/v2\/product"}],"about":[{"href":"https:\/\/www.ksttukku.fi\/kauppa\/wp-json\/wp\/v2\/types\/product"}],"replies":[{"embeddable":true,"href":"https:\/\/www.ksttukku.fi\/kauppa\/wp-json\/wp\/v2\/comments?post=5831"}],"wp:featuredmedia":[{"embeddable":true,"href":"https:\/\/www.ksttukku.fi\/kauppa\/wp-json\/wp\/v2\/media\/5832"}],"wp:attachment":[{"href":"https:\/\/www.ksttukku.fi\/kauppa\/wp-json\/wp\/v2\/media?parent=5831"}],"wp:term":[{"taxonomy":"product_brand","embeddable":true,"href":"https:\/\/www.ksttukku.fi\/kauppa\/wp-json\/wp\/v2\/product_brand?post=5831"},{"taxonomy":"product_cat","embeddable":true,"href":"https:\/\/www.ksttukku.fi\/kauppa\/wp-json\/wp\/v2\/product_cat?post=5831"},{"taxonomy":"product_tag","embeddable":true,"href":"https:\/\/www.ksttukku.fi\/kauppa\/wp-json\/wp\/v2\/product_tag?post=5831"}],"curies":[{"name":"wp","href":"https:\/\/api.w.org\/{rel}","templated":true}]}}