{"id":5891,"date":"2020-05-27T17:18:56","date_gmt":"2020-05-27T14:18:56","guid":{"rendered":"https:\/\/www.ksttukku.fi\/kauppa\/?post_type=product&#038;p=5891"},"modified":"2022-07-15T12:03:53","modified_gmt":"2022-07-15T09:03:53","slug":"jammy-pylvasvalaisin-valkoinen","status":"publish","type":"product","link":"https:\/\/www.ksttukku.fi\/kauppa\/tuote\/jammy-pylvasvalaisin-valkoinen\/","title":{"rendered":"Jammy pylv\u00e4svalaisin valkoinen"},"content":{"rendered":"<p>Jammy pylv\u00e4svalaisin ulkok\u00e4ytt\u00f6\u00f6n, metallirunko ja lasikupu<\/p>\n<p>Mitat: korkeus 100 cm, \u2205 22 cm<\/p>\n<p>Lampunkanta: E27 (pakkaus ei sis\u00e4ll\u00e4 lamppua)<\/p>\n<p>IP-luokka: IP44<\/p>\n","protected":false},"excerpt":{"rendered":"<p>Jammy pylv\u00e4svalaisin ulkok\u00e4ytt\u00f6\u00f6n, metallirunko ja lasikupu Mitat: korkeus 100 cm, \u2205 22 cm Lampunkanta: E27 (pakkaus ei sis\u00e4ll\u00e4 lamppua) IP-luokka: IP44<\/p>\n","protected":false},"featured_media":5893,"comment_status":"closed","ping_status":"closed","template":"","meta":[],"product_brand":[],"product_cat":[38,36],"product_tag":[],"class_list":{"0":"post-5891","1":"product","2":"type-product","3":"status-publish","4":"has-post-thumbnail","6":"product_cat-pylvasvalaisimet","7":"product_cat-ulkovalaisimet","9":"first","10":"instock","11":"taxable","12":"shipping-taxable","13":"purchasable","14":"product-type-simple"},"_links":{"self":[{"href":"https:\/\/www.ksttukku.fi\/kauppa\/wp-json\/wp\/v2\/product\/5891","targetHints":{"allow":["GET"]}}],"collection":[{"href":"https:\/\/www.ksttukku.fi\/kauppa\/wp-json\/wp\/v2\/product"}],"about":[{"href":"https:\/\/www.ksttukku.fi\/kauppa\/wp-json\/wp\/v2\/types\/product"}],"replies":[{"embeddable":true,"href":"https:\/\/www.ksttukku.fi\/kauppa\/wp-json\/wp\/v2\/comments?post=5891"}],"wp:featuredmedia":[{"embeddable":true,"href":"https:\/\/www.ksttukku.fi\/kauppa\/wp-json\/wp\/v2\/media\/5893"}],"wp:attachment":[{"href":"https:\/\/www.ksttukku.fi\/kauppa\/wp-json\/wp\/v2\/media?parent=5891"}],"wp:term":[{"taxonomy":"product_brand","embeddable":true,"href":"https:\/\/www.ksttukku.fi\/kauppa\/wp-json\/wp\/v2\/product_brand?post=5891"},{"taxonomy":"product_cat","embeddable":true,"href":"https:\/\/www.ksttukku.fi\/kauppa\/wp-json\/wp\/v2\/product_cat?post=5891"},{"taxonomy":"product_tag","embeddable":true,"href":"https:\/\/www.ksttukku.fi\/kauppa\/wp-json\/wp\/v2\/product_tag?post=5891"}],"curies":[{"name":"wp","href":"https:\/\/api.w.org\/{rel}","templated":true}]}}