{"id":5896,"date":"2020-05-29T12:25:48","date_gmt":"2020-05-29T09:25:48","guid":{"rendered":"https:\/\/www.ksttukku.fi\/kauppa\/?post_type=product&#038;p=5896"},"modified":"2020-05-29T12:25:48","modified_gmt":"2020-05-29T09:25:48","slug":"thermacell-perimeter-hyttyskarkotinsarja","status":"publish","type":"product","link":"https:\/\/www.ksttukku.fi\/kauppa\/tuote\/thermacell-perimeter-hyttyskarkotinsarja\/","title":{"rendered":"Thermacell Perimeter hyttyskarkotinsarja"},"content":{"rendered":"<div class=\"views-field views-field-body\">\n<div class=\"field-content\">\n<p>Uutuus!\u00a0Thermacell Perimeter -hyttyskarkotinsarja karkottaa hyttyset haluamasi kokoiselta ja muotoiselta ulkoalueelta.<\/p>\n<p>Thermacell Perimeter -hyttyskarkottimet voidaan painaa maahan ja\/tai ne voidaan asettaa ulkorakenteisiin kiinnitettyihin telineisiin. Karkottimien m\u00e4\u00e4r\u00e4\u00e4 ja sijaintia muuttamalla voit\u00a0karkottaa hyttyset haluamasi kokoiselta ja muotoiselta ulkoalueelta.\u00a0Yhdess\u00e4 myyntipakkauksessa on kaksi karkotinta, joilla\u00a0suojaat noin 20 m<sup>2<\/sup> ulkoalueen. Jos haluat suojata isomman alueen, k\u00e4yt\u00e4 useampia karkottimia. Ihanteellinen esimerkiksi kes\u00e4juhlissa tai lasten pelihetkiss\u00e4.<\/p>\n<p>Thermacell suojaa hyttysilt\u00e4 ilman voiteita ja suihkeita \u00e4\u00e4nett\u00f6m\u00e4sti ja l\u00e4hes hajuttomasti. Ei sis\u00e4ll\u00e4\u00a0DEET:t\u00e4. Johdoton, kevyt.<\/p>\n<p>Myyntipakkaus sis\u00e4lt\u00e4\u00e4 kaksi Perimeter-hyttyskarkotinta, kaksi jalkaa ja\u00a0kaksi kiinnitystelinett\u00e4 kiinnikkeineen. Lis\u00e4ksi pakkauksessa on kaksi kaasus\u00e4ili\u00f6t\u00e4 ja kuusi karkoteainemattoa, jotka riitt\u00e4v\u00e4t 8\u201312 tunnin k\u00e4ytt\u00f6\u00f6n.<\/p>\n<p>&nbsp;<\/p>\n<ul>\n<li>Karkottimet voi kiinnitt\u00e4\u00e4 telineisiin tai painaa maahan<\/li>\n<li>Hyttysvapaan alueen kokoa ja muotoa voi muuttaa karkottimien paikkaa ja m\u00e4\u00e4r\u00e4\u00e4 vaihtelemalla<\/li>\n<li>Noin 40 m\u00b2 hyttysvapaa vy\u00f6hyke 10\u201315 minuutissa<\/li>\n<li>Tehokas, l\u00e4hes hajuton ja \u00e4\u00e4net\u00f6n<\/li>\n<li>Ei sis\u00e4ll\u00e4 DEET-myrkky\u00e4<\/li>\n<li>Ei sotkuisia, haisevia voiteita tai suihkeita, ei avointa liekki\u00e4<\/li>\n<li>100 % tyytyv\u00e4isyystakuu<\/li>\n<li>Toimii kaikilla Thermacell-kaasus\u00e4ili\u00f6ill\u00e4\u00a0ja \u2011karkoteainematoilla<\/li>\n<li>Pakkaus sis\u00e4lt\u00e4\u00e4\u00a02 Thermacell Perimeter \u2011hyttyskarkotinta, kaksi jalkaa ja\u00a0kaksi kiinnitystelinett\u00e4 kiinnikkeineen sek\u00e4 tarvikkeet 12 tunnin k\u00e4ytt\u00f6\u00f6n (2 kaasus\u00e4ili\u00f6t\u00e4, 6 karkoteainemattoa<\/li>\n<\/ul>\n<p>&nbsp;<\/p>\n<\/div>\n<\/div>\n","protected":false},"excerpt":{"rendered":"<p>2 kpl \/ pakkaus<\/p>\n","protected":false},"featured_media":5897,"comment_status":"closed","ping_status":"closed","template":"","meta":[],"product_brand":[],"product_cat":[351],"product_tag":[],"class_list":{"0":"post-5896","1":"product","2":"type-product","3":"status-publish","4":"has-post-thumbnail","6":"product_cat-hyttysansat-ja-karkottimet","8":"first","9":"instock","10":"taxable","11":"shipping-taxable","12":"purchasable","13":"product-type-simple"},"_links":{"self":[{"href":"https:\/\/www.ksttukku.fi\/kauppa\/wp-json\/wp\/v2\/product\/5896","targetHints":{"allow":["GET"]}}],"collection":[{"href":"https:\/\/www.ksttukku.fi\/kauppa\/wp-json\/wp\/v2\/product"}],"about":[{"href":"https:\/\/www.ksttukku.fi\/kauppa\/wp-json\/wp\/v2\/types\/product"}],"replies":[{"embeddable":true,"href":"https:\/\/www.ksttukku.fi\/kauppa\/wp-json\/wp\/v2\/comments?post=5896"}],"wp:featuredmedia":[{"embeddable":true,"href":"https:\/\/www.ksttukku.fi\/kauppa\/wp-json\/wp\/v2\/media\/5897"}],"wp:attachment":[{"href":"https:\/\/www.ksttukku.fi\/kauppa\/wp-json\/wp\/v2\/media?parent=5896"}],"wp:term":[{"taxonomy":"product_brand","embeddable":true,"href":"https:\/\/www.ksttukku.fi\/kauppa\/wp-json\/wp\/v2\/product_brand?post=5896"},{"taxonomy":"product_cat","embeddable":true,"href":"https:\/\/www.ksttukku.fi\/kauppa\/wp-json\/wp\/v2\/product_cat?post=5896"},{"taxonomy":"product_tag","embeddable":true,"href":"https:\/\/www.ksttukku.fi\/kauppa\/wp-json\/wp\/v2\/product_tag?post=5896"}],"curies":[{"name":"wp","href":"https:\/\/api.w.org\/{rel}","templated":true}]}}