{"id":5914,"date":"2020-05-29T15:28:18","date_gmt":"2020-05-29T12:28:18","guid":{"rendered":"https:\/\/www.ksttukku.fi\/kauppa\/?post_type=product&#038;p=5914"},"modified":"2020-05-29T15:28:18","modified_gmt":"2020-05-29T12:28:18","slug":"mosquito-magnet-r-octenol-tehosteaine","status":"publish","type":"product","link":"https:\/\/www.ksttukku.fi\/kauppa\/tuote\/mosquito-magnet-r-octenol-tehosteaine\/","title":{"rendered":"Mosquito Magnet R-Octenol tehosteaine"},"content":{"rendered":"<div class=\"views-field views-field-body\">\n<div class=\"field-content\">\n<p><strong>Mosquito Magnet R-Octenol on tehosteaine, joka vahvistaa hiilidioksidin houkutusvaikutusta. \u00a0<\/strong><\/p>\n<p>R-Octenolia k\u00e4ytt\u00e4m\u00e4ll\u00e4 hyttysansan teho paranee huomattavasti ja ansan\u00a0pyydyst\u00e4m\u00e4\u00a0hyttysm\u00e4\u00e4r\u00e4 on moninkertainen.<\/p>\n<p>Oktenoli on luonnossa esiintyv\u00e4 aine, jota esiintyy kasveissa (esim. sieniss\u00e4) ja joissakin runsaasti kasveja sy\u00f6viss\u00e4 el\u00e4imiss\u00e4, kuten naudoissa. Oktenoli koostuu R-oktenolista ja S-oktenolista. Mosquito Magnet R-Octenol-tehosteaine sis\u00e4lt\u00e4\u00e4 R-oktenolia.<\/p>\n<p>Pakkauksessa on kolme R-Octenol-kapselia.<\/p>\n<p>Kapseli suositellaan vaihdettavan 21 p\u00e4iv\u00e4n v\u00e4lein.<br \/>\nHuom! R-Octenol-kapselin sis\u00e4lt\u00f6 ei v\u00e4hene, vaan aine haihtuu ja menett\u00e4\u00e4 tehonsa noin 21 p\u00e4iv\u00e4n j\u00e4lkeen. Muista vaihtaa kapseli\u00a0ohjeiden mukaan.<\/p>\n<\/div>\n<\/div>\n","protected":false},"excerpt":{"rendered":"<p>3 kpl \/ pakkaus<\/p>\n","protected":false},"featured_media":5915,"comment_status":"closed","ping_status":"closed","template":"","meta":[],"product_brand":[],"product_cat":[351],"product_tag":[],"class_list":{"0":"post-5914","1":"product","2":"type-product","3":"status-publish","4":"has-post-thumbnail","6":"product_cat-hyttysansat-ja-karkottimet","8":"first","9":"instock","10":"taxable","11":"shipping-taxable","12":"purchasable","13":"product-type-simple"},"_links":{"self":[{"href":"https:\/\/www.ksttukku.fi\/kauppa\/wp-json\/wp\/v2\/product\/5914","targetHints":{"allow":["GET"]}}],"collection":[{"href":"https:\/\/www.ksttukku.fi\/kauppa\/wp-json\/wp\/v2\/product"}],"about":[{"href":"https:\/\/www.ksttukku.fi\/kauppa\/wp-json\/wp\/v2\/types\/product"}],"replies":[{"embeddable":true,"href":"https:\/\/www.ksttukku.fi\/kauppa\/wp-json\/wp\/v2\/comments?post=5914"}],"wp:featuredmedia":[{"embeddable":true,"href":"https:\/\/www.ksttukku.fi\/kauppa\/wp-json\/wp\/v2\/media\/5915"}],"wp:attachment":[{"href":"https:\/\/www.ksttukku.fi\/kauppa\/wp-json\/wp\/v2\/media?parent=5914"}],"wp:term":[{"taxonomy":"product_brand","embeddable":true,"href":"https:\/\/www.ksttukku.fi\/kauppa\/wp-json\/wp\/v2\/product_brand?post=5914"},{"taxonomy":"product_cat","embeddable":true,"href":"https:\/\/www.ksttukku.fi\/kauppa\/wp-json\/wp\/v2\/product_cat?post=5914"},{"taxonomy":"product_tag","embeddable":true,"href":"https:\/\/www.ksttukku.fi\/kauppa\/wp-json\/wp\/v2\/product_tag?post=5914"}],"curies":[{"name":"wp","href":"https:\/\/api.w.org\/{rel}","templated":true}]}}