{"id":5917,"date":"2020-05-30T11:35:30","date_gmt":"2020-05-30T08:35:30","guid":{"rendered":"https:\/\/www.ksttukku.fi\/kauppa\/?post_type=product&#038;p=5917"},"modified":"2022-03-15T15:05:21","modified_gmt":"2022-03-15T13:05:21","slug":"grillinsuojapeite-m-148x48x105cm","status":"publish","type":"product","link":"https:\/\/www.ksttukku.fi\/kauppa\/tuote\/grillinsuojapeite-m-148x48x105cm\/","title":{"rendered":"Grillin suojapeite M 148x48x105cm"},"content":{"rendered":"<p>Suojaa grillisi kest\u00e4v\u00e4st\u00e4 PEVA-muovista valmistetulla suojapeitteell\u00e4. Koko: 148 x 48 x 105 cm. Materiaali: PEVA-muovi, 80 g\/m2. V\u00e4ri: musta.<\/p>\n","protected":false},"excerpt":{"rendered":"<p>Suojaa grillisi kest\u00e4v\u00e4st\u00e4 PEVA-muovista valmistetulla suojapeitteell\u00e4. Koko: 148 x 48 x 105 cm. Materiaali: PEVA-muovi, 80 g\/m2. V\u00e4ri: musta.<\/p>\n","protected":false},"featured_media":5918,"comment_status":"closed","ping_status":"closed","template":"","meta":[],"product_brand":[],"product_cat":[134,132],"product_tag":[],"class_list":{"0":"post-5917","1":"product","2":"type-product","3":"status-publish","4":"has-post-thumbnail","6":"product_cat-grillaustarvikkeet","7":"product_cat-grillit-ja-grillausarvikkeet","9":"first","10":"instock","11":"taxable","12":"shipping-taxable","13":"purchasable","14":"product-type-simple"},"_links":{"self":[{"href":"https:\/\/www.ksttukku.fi\/kauppa\/wp-json\/wp\/v2\/product\/5917","targetHints":{"allow":["GET"]}}],"collection":[{"href":"https:\/\/www.ksttukku.fi\/kauppa\/wp-json\/wp\/v2\/product"}],"about":[{"href":"https:\/\/www.ksttukku.fi\/kauppa\/wp-json\/wp\/v2\/types\/product"}],"replies":[{"embeddable":true,"href":"https:\/\/www.ksttukku.fi\/kauppa\/wp-json\/wp\/v2\/comments?post=5917"}],"wp:featuredmedia":[{"embeddable":true,"href":"https:\/\/www.ksttukku.fi\/kauppa\/wp-json\/wp\/v2\/media\/5918"}],"wp:attachment":[{"href":"https:\/\/www.ksttukku.fi\/kauppa\/wp-json\/wp\/v2\/media?parent=5917"}],"wp:term":[{"taxonomy":"product_brand","embeddable":true,"href":"https:\/\/www.ksttukku.fi\/kauppa\/wp-json\/wp\/v2\/product_brand?post=5917"},{"taxonomy":"product_cat","embeddable":true,"href":"https:\/\/www.ksttukku.fi\/kauppa\/wp-json\/wp\/v2\/product_cat?post=5917"},{"taxonomy":"product_tag","embeddable":true,"href":"https:\/\/www.ksttukku.fi\/kauppa\/wp-json\/wp\/v2\/product_tag?post=5917"}],"curies":[{"name":"wp","href":"https:\/\/api.w.org\/{rel}","templated":true}]}}