{"id":5932,"date":"2020-06-04T12:28:25","date_gmt":"2020-06-04T09:28:25","guid":{"rendered":"https:\/\/www.ksttukku.fi\/kauppa\/?post_type=product&#038;p=5932"},"modified":"2022-09-24T14:07:29","modified_gmt":"2022-09-24T11:07:29","slug":"led-alasvalo-5w-ip44-dim-valk-teras","status":"publish","type":"product","link":"https:\/\/www.ksttukku.fi\/kauppa\/tuote\/led-alasvalo-5w-ip44-dim-valk-teras\/","title":{"rendered":"LED-alasvalo 5W IP44 dim valk\/ter\u00e4s"},"content":{"rendered":"<p><span id=\"data1\" class=\"pt1\">Pakkaus sis\u00e4lt\u00e4\u00e4 spottivalon sek\u00e4 valkoisen ett\u00e4 ter\u00e4ksen v\u00e4riset vaihdettavat kehykset. Liit\u00e4nt\u00e4laite on valaisimeen sis\u00e4\u00e4nrakennettuna. Pikaliittimet sijaitsevat kytkent\u00e4kotelossa. Valon v\u00e4ril\u00e4mp\u00f6tila 3000\/4000 K on vaihdettavissa valaisimen takana sijaitsevasta kytkimest\u00e4.<\/span><\/p>\n<p>Spottivalo on himmennett\u00e4viss\u00e4 takareunahimmentimell\u00e4.<\/p>\n<p>Tekniset tiedot:<br \/>\nJ\u00e4nnite 220-240 V.<br \/>\nTeho 5 W<br \/>\nValoteho 400-450 lumen<br \/>\nValaisukulma 38 astetta<br \/>\nTuotteen mitat: \u00d8 85 mm, korkeus 60 mm.<br \/>\nAsennusreik\u00e4 72 mm.<br \/>\nIP44 valaisimen edest\u00e4. Kytkent\u00e4kotelo IP20.<\/p>\n<p>Elinik\u00e4 noin 40 000 tuntia.<br \/>\nTakuu 3 vuotta.<\/p>\n","protected":false},"excerpt":{"rendered":"<p>Spottivalo muuntuu moneksi, sill\u00e4 alasvalon mukana tulee kahdet eri v\u00e4riset kehykset, valon v\u00e4rin voi valita kirkkaan tai l\u00e4mpim\u00e4n valkoiseksi ja lis\u00e4ksi valaisin on himmennett\u00e4viss\u00e4 ja ketjutettavissa.<\/p>\n","protected":false},"featured_media":5933,"comment_status":"closed","ping_status":"closed","template":"","meta":[],"product_brand":[],"product_cat":[46,35,52,34],"product_tag":[],"class_list":{"0":"post-5932","1":"product","2":"type-product","3":"status-publish","4":"has-post-thumbnail","6":"product_cat-alasvalot","7":"product_cat-sisavalaisimet","8":"product_cat-upotettavat","9":"product_cat-valaisimet","11":"first","12":"instock","13":"sale","14":"taxable","15":"shipping-taxable","16":"purchasable","17":"product-type-simple"},"_links":{"self":[{"href":"https:\/\/www.ksttukku.fi\/kauppa\/wp-json\/wp\/v2\/product\/5932","targetHints":{"allow":["GET"]}}],"collection":[{"href":"https:\/\/www.ksttukku.fi\/kauppa\/wp-json\/wp\/v2\/product"}],"about":[{"href":"https:\/\/www.ksttukku.fi\/kauppa\/wp-json\/wp\/v2\/types\/product"}],"replies":[{"embeddable":true,"href":"https:\/\/www.ksttukku.fi\/kauppa\/wp-json\/wp\/v2\/comments?post=5932"}],"wp:featuredmedia":[{"embeddable":true,"href":"https:\/\/www.ksttukku.fi\/kauppa\/wp-json\/wp\/v2\/media\/5933"}],"wp:attachment":[{"href":"https:\/\/www.ksttukku.fi\/kauppa\/wp-json\/wp\/v2\/media?parent=5932"}],"wp:term":[{"taxonomy":"product_brand","embeddable":true,"href":"https:\/\/www.ksttukku.fi\/kauppa\/wp-json\/wp\/v2\/product_brand?post=5932"},{"taxonomy":"product_cat","embeddable":true,"href":"https:\/\/www.ksttukku.fi\/kauppa\/wp-json\/wp\/v2\/product_cat?post=5932"},{"taxonomy":"product_tag","embeddable":true,"href":"https:\/\/www.ksttukku.fi\/kauppa\/wp-json\/wp\/v2\/product_tag?post=5932"}],"curies":[{"name":"wp","href":"https:\/\/api.w.org\/{rel}","templated":true}]}}