{"id":5936,"date":"2020-06-04T13:25:10","date_gmt":"2020-06-04T10:25:10","guid":{"rendered":"https:\/\/www.ksttukku.fi\/kauppa\/?post_type=product&#038;p=5936"},"modified":"2020-06-04T13:25:11","modified_gmt":"2020-06-04T10:25:11","slug":"paneelivalaisin-18w-1440lm-4000k-himmennettava","status":"publish","type":"product","link":"https:\/\/www.ksttukku.fi\/kauppa\/tuote\/paneelivalaisin-18w-1440lm-4000k-himmennettava\/","title":{"rendered":"Paneelivalaisin 18W 1440lm 4000K himmennett\u00e4v\u00e4"},"content":{"rendered":"<p><span id=\"data1\" class=\"pt1\">Teho 18 W.<br \/>\nValoteho 1440 lm<br \/>\nV\u00e4ril\u00e4mp\u00f6tila 4000 K<br \/>\nTuotteen mitat: \u00d8 215 mm, korkeus 13 mm. Uppoasennuksessa asennusreik\u00e4 \u00d8 65 &#8211; 185 mm.<br \/>\nPaneelivalaisimen asentaminen on eritt\u00e4in helppoa ja nopeaa. Mukana toimitettavan asennusraudan avulla valaisin voidaan asentaa jakorasiaan tai asunnon kattopintaan. Asennusjousilla valaisin voidaan kytke\u00e4 my\u00f6s uppoasenteisena, jolloin asennusrei\u00e4n tulee olla halkaisijaltaan 60 &#8211; 185 mm. Asennusjouset sis\u00e4ltyv\u00e4t toimitukseen.<\/p>\n<p>Valaisimessa on sis\u00e4\u00e4nrakennettuna liit\u00e4nt\u00e4laite, joten valaisin kytket\u00e4\u00e4n suoraan verkkovirtaan. Valaisimen runko on valmistettu kest\u00e4v\u00e4st\u00e4 muovista. Tuote on kaksoiseristetty.<\/p>\n<p>Valaisukulma 120 astetta. Voi himment\u00e4\u00e4 (takareaunas\u00e4\u00e4t\u00f6)<\/p>\n<p>J\u00e4nnite 230 V. PF &gt; 0,5. Ra &gt;80. IP20. Takuu 3 vuotta. K\u00e4ytt\u00f6ik\u00e4 noin 30 000 tuntia. Led-valaisimen valoteho 18 W vastaa hehkulampun noin 100 W tehoa. <\/span><\/p>\n","protected":false},"excerpt":{"rendered":"<p>Himmennett\u00e4v\u00e4 helposti asennettava led-paneelivalaisin sis\u00e4k\u00e4ytt\u00f6\u00f6n uppo- ja pinta-asennukseen. Valaisimen halkaisija 215 mm. Liit\u00e4nt\u00e4laite sis.<\/p>\n","protected":false},"featured_media":5937,"comment_status":"closed","ping_status":"closed","template":"","meta":[],"product_brand":[],"product_cat":[46,51,35,52,34],"product_tag":[],"class_list":{"0":"post-5936","1":"product","2":"type-product","3":"status-publish","4":"has-post-thumbnail","6":"product_cat-alasvalot","7":"product_cat-pinta-asennettavat","8":"product_cat-sisavalaisimet","9":"product_cat-upotettavat","10":"product_cat-valaisimet","12":"first","13":"instock","14":"taxable","15":"shipping-taxable","16":"purchasable","17":"product-type-simple"},"_links":{"self":[{"href":"https:\/\/www.ksttukku.fi\/kauppa\/wp-json\/wp\/v2\/product\/5936","targetHints":{"allow":["GET"]}}],"collection":[{"href":"https:\/\/www.ksttukku.fi\/kauppa\/wp-json\/wp\/v2\/product"}],"about":[{"href":"https:\/\/www.ksttukku.fi\/kauppa\/wp-json\/wp\/v2\/types\/product"}],"replies":[{"embeddable":true,"href":"https:\/\/www.ksttukku.fi\/kauppa\/wp-json\/wp\/v2\/comments?post=5936"}],"wp:featuredmedia":[{"embeddable":true,"href":"https:\/\/www.ksttukku.fi\/kauppa\/wp-json\/wp\/v2\/media\/5937"}],"wp:attachment":[{"href":"https:\/\/www.ksttukku.fi\/kauppa\/wp-json\/wp\/v2\/media?parent=5936"}],"wp:term":[{"taxonomy":"product_brand","embeddable":true,"href":"https:\/\/www.ksttukku.fi\/kauppa\/wp-json\/wp\/v2\/product_brand?post=5936"},{"taxonomy":"product_cat","embeddable":true,"href":"https:\/\/www.ksttukku.fi\/kauppa\/wp-json\/wp\/v2\/product_cat?post=5936"},{"taxonomy":"product_tag","embeddable":true,"href":"https:\/\/www.ksttukku.fi\/kauppa\/wp-json\/wp\/v2\/product_tag?post=5936"}],"curies":[{"name":"wp","href":"https:\/\/api.w.org\/{rel}","templated":true}]}}