{"id":5938,"date":"2020-06-04T17:36:26","date_gmt":"2020-06-04T14:36:26","guid":{"rendered":"https:\/\/www.ksttukku.fi\/kauppa\/?post_type=product&#038;p=5938"},"modified":"2022-04-14T13:55:48","modified_gmt":"2022-04-14T10:55:48","slug":"led-kuituvalosarja-12-os-16w-himmennettava","status":"publish","type":"product","link":"https:\/\/www.ksttukku.fi\/kauppa\/tuote\/led-kuituvalosarja-12-os-16w-himmennettava\/","title":{"rendered":"Led-kuituvalosarja 12-os 16W himmennett\u00e4v\u00e4"},"content":{"rendered":"<p>Asennusvalmis sarja sis\u00e4lt\u00e4\u00e4: projektorin, kuitunipun, lukkorenkaat (linssit) ja kaukos\u00e4\u00e4timen<\/p>\n<p>Saunan koko suositus 5 &#8211; 10 m\u00b2<\/p>\n<p>LED-projektori 12 VDC, 16W<\/p>\n<p>Valon v\u00e4ri 2700 K, l\u00e4mmin valkoinen + RGB<\/p>\n<p>Kuitujen pituudet: 12 x 3 m<\/p>\n<p>Kuitukoko 3\/4,5 mm<\/p>\n<p>Hopean v\u00e4riset lukkorenkaat<\/p>\n","protected":false},"excerpt":{"rendered":"<p>Asennusvalmis sarja sis\u00e4lt\u00e4\u00e4: projektorin, kuitunipun, lukkorenkaat (linssit) ja kaukos\u00e4\u00e4timen Saunan koko suositus 5 &#8211; 10 m\u00b2 LED-projektori 12 VDC, 16W Valon v\u00e4ri 2700 K, l\u00e4mmin valkoinen + RGB Kuitujen pituudet: 12 x 3 m Kuitukoko 3\/4,5 mm Hopean v\u00e4riset lukkorenkaat<\/p>\n","protected":false},"featured_media":5940,"comment_status":"closed","ping_status":"closed","template":"","meta":[],"product_brand":[],"product_cat":[50],"product_tag":[],"class_list":{"0":"post-5938","1":"product","2":"type-product","3":"status-publish","4":"has-post-thumbnail","6":"product_cat-saunavalaisimet","8":"first","9":"instock","10":"taxable","11":"shipping-taxable","12":"purchasable","13":"product-type-simple"},"_links":{"self":[{"href":"https:\/\/www.ksttukku.fi\/kauppa\/wp-json\/wp\/v2\/product\/5938","targetHints":{"allow":["GET"]}}],"collection":[{"href":"https:\/\/www.ksttukku.fi\/kauppa\/wp-json\/wp\/v2\/product"}],"about":[{"href":"https:\/\/www.ksttukku.fi\/kauppa\/wp-json\/wp\/v2\/types\/product"}],"replies":[{"embeddable":true,"href":"https:\/\/www.ksttukku.fi\/kauppa\/wp-json\/wp\/v2\/comments?post=5938"}],"wp:featuredmedia":[{"embeddable":true,"href":"https:\/\/www.ksttukku.fi\/kauppa\/wp-json\/wp\/v2\/media\/5940"}],"wp:attachment":[{"href":"https:\/\/www.ksttukku.fi\/kauppa\/wp-json\/wp\/v2\/media?parent=5938"}],"wp:term":[{"taxonomy":"product_brand","embeddable":true,"href":"https:\/\/www.ksttukku.fi\/kauppa\/wp-json\/wp\/v2\/product_brand?post=5938"},{"taxonomy":"product_cat","embeddable":true,"href":"https:\/\/www.ksttukku.fi\/kauppa\/wp-json\/wp\/v2\/product_cat?post=5938"},{"taxonomy":"product_tag","embeddable":true,"href":"https:\/\/www.ksttukku.fi\/kauppa\/wp-json\/wp\/v2\/product_tag?post=5938"}],"curies":[{"name":"wp","href":"https:\/\/api.w.org\/{rel}","templated":true}]}}