{"id":595,"date":"2018-02-19T13:14:33","date_gmt":"2018-02-19T11:14:33","guid":{"rendered":"http:\/\/www.ksttukku.fi\/kauppa\/?post_type=product&#038;p=595"},"modified":"2019-09-06T12:44:52","modified_gmt":"2019-09-06T09:44:52","slug":"garda-poytavalaisin-ip44","status":"publish","type":"product","link":"https:\/\/www.ksttukku.fi\/kauppa\/tuote\/garda-poytavalaisin-ip44\/","title":{"rendered":"Garda p\u00f6yt\u00e4valaisin IP44"},"content":{"rendered":"<p>Trendikk\u00e4\u00e4t Garda p\u00f6yt\u00e4- ja lattiavalaisimet on suunniteltu ulkok\u00e4ytt\u00f6\u00f6n patiolle, terasseille ja parvekkeille. Ne soveltuvat my\u00f6s sis\u00e4k\u00e4ytt\u00f6\u00f6n, esim. aulojen ja eteistilojen sisustusvalaisuun. Valaisimen kupu on s\u00e4\u00e4nkest\u00e4v\u00e4\u00e4 UV-suojattua PE-muovia.<\/p>\n<p>Valaisimen mitat: \u2205 280 mm, korkeus 530 mm<\/p>\n<p>Valonl\u00e4hde: E27 (ei sis\u00e4lly pakkaukseen)<\/p>\n<p>V\u00e4ri: Runko harmaa, kupu valkoinen<\/p>\n<p>Johdon pituus 3 m<\/p>\n","protected":false},"excerpt":{"rendered":"<p>Trendikk\u00e4\u00e4t Garda p\u00f6yt\u00e4- ja lattiavalaisimet on suunniteltu ulkok\u00e4ytt\u00f6\u00f6n patiolle, terasseille ja parvekkeille. Ne soveltuvat my\u00f6s sis\u00e4k\u00e4ytt\u00f6\u00f6n, esim. aulojen ja eteistilojen sisustusvalaisuun. Valaisimen kupu on s\u00e4\u00e4nkest\u00e4v\u00e4\u00e4 UV-suojattua PE-muovia. Valaisimen mitat: \u2205 280 mm, korkeus 530 mm Valonl\u00e4hde: E27 (ei sis\u00e4lly pakkaukseen) V\u00e4ri: Runko harmaa, kupu valkoinen Johdon pituus 3 m<\/p>\n","protected":false},"featured_media":596,"comment_status":"closed","ping_status":"closed","template":"","meta":[],"product_brand":[],"product_cat":[59,36,34],"product_tag":[],"class_list":{"0":"post-595","1":"product","2":"type-product","3":"status-publish","4":"has-post-thumbnail","6":"product_cat-terassivalaisimet","7":"product_cat-ulkovalaisimet","8":"product_cat-valaisimet","10":"first","11":"outofstock","12":"taxable","13":"shipping-taxable","14":"purchasable","15":"product-type-simple"},"_links":{"self":[{"href":"https:\/\/www.ksttukku.fi\/kauppa\/wp-json\/wp\/v2\/product\/595","targetHints":{"allow":["GET"]}}],"collection":[{"href":"https:\/\/www.ksttukku.fi\/kauppa\/wp-json\/wp\/v2\/product"}],"about":[{"href":"https:\/\/www.ksttukku.fi\/kauppa\/wp-json\/wp\/v2\/types\/product"}],"replies":[{"embeddable":true,"href":"https:\/\/www.ksttukku.fi\/kauppa\/wp-json\/wp\/v2\/comments?post=595"}],"wp:featuredmedia":[{"embeddable":true,"href":"https:\/\/www.ksttukku.fi\/kauppa\/wp-json\/wp\/v2\/media\/596"}],"wp:attachment":[{"href":"https:\/\/www.ksttukku.fi\/kauppa\/wp-json\/wp\/v2\/media?parent=595"}],"wp:term":[{"taxonomy":"product_brand","embeddable":true,"href":"https:\/\/www.ksttukku.fi\/kauppa\/wp-json\/wp\/v2\/product_brand?post=595"},{"taxonomy":"product_cat","embeddable":true,"href":"https:\/\/www.ksttukku.fi\/kauppa\/wp-json\/wp\/v2\/product_cat?post=595"},{"taxonomy":"product_tag","embeddable":true,"href":"https:\/\/www.ksttukku.fi\/kauppa\/wp-json\/wp\/v2\/product_tag?post=595"}],"curies":[{"name":"wp","href":"https:\/\/api.w.org\/{rel}","templated":true}]}}